{"id":6018,"date":"2019-04-10T21:05:54","date_gmt":"2019-04-10T21:05:54","guid":{"rendered":"https:\/\/nordicbags.eu\/nuestros-amigos\/"},"modified":"2023-08-21T09:13:15","modified_gmt":"2023-08-21T09:13:15","slug":"nuestros-amigos","status":"publish","type":"page","link":"https:\/\/nordicbags.eu\/es\/nuestros-amigos\/","title":{"rendered":"Nuestros amigos"},"content":{"rendered":"[vc_row et_full_width=\u00bbtrue\u00bb et_row_padding=\u00bbtrue\u00bb css=\u00bb.vc_custom_1678216951899{padding-top: 100px !important;padding-bottom: 260px !important;background: #211a13 url(https:\/\/nordicbags.eu\/wp-content\/uploads\/2023\/02\/DSC08822-scaled-1.jpg?id=3687) !important;background-position: center !important;background-repeat: no-repeat !important;background-size: cover !important;}\u00bb][vc_column et_column_color=\u00bbet-light-column\u00bb][vc_row_inner et_column_align=\u00bbalign-center\u00bb][vc_column_inner animation=\u00bbanimation bottom-to-top\u00bb offset=\u00bbvc_col-lg-6 vc_col-md-8&#8243;][vc_empty_space height=\u00bb100px\u00bb][vc_column_text css=\u00bb.vc_custom_1678214586882{padding-right: 10% !important;padding-left: 10% !important;}\u00bb]\n<h1 style=\"text-align: center;\">Nuestros amigos y socios<\/h1>\n<p style=\"text-align: center;\">Una lista de tiendas en l\u00ednea que recomendamos encarecidamente consultar.<\/p>\n[\/vc_column_text][\/vc_column_inner][\/vc_row_inner][\/vc_column][\/vc_row][vc_row et_column_align=\u00bbalign-center\u00bb css=\u00bb.vc_custom_1579116726734{margin-top: -200px !important;padding-top: 60px !important;padding-bottom: 20px !important;background-color: #ffffff !important;}\u00bb][vc_column animation=\u00bbanimation bottom-to-top\u00bb offset=\u00bbvc_col-lg-6&#8243;][vc_row_inner][vc_column_inner][vc_single_image image=\u00bb5876&#8243;][\/vc_column_inner][\/vc_row_inner][vc_row_inner][vc_column_inner][vc_column_text]<strong><a href=\"https:\/\/whatshoes.co\/\" target=\"_blank\" rel=\"noopener\">Whatshoes<\/a> <\/strong>es una zapater\u00eda internacional que vende botas certificadas por la OTAN. Estas botas duraderas y atrevidas se fabrican en Europa y cuentan con la confianza de los ej\u00e9rcitos estonio, let\u00f3n, noruego y ucraniano.[\/vc_column_text][\/vc_column_inner][\/vc_row_inner][vc_row_inner][vc_column_inner][vc_single_image image=\u00bb5877&#8243;][\/vc_column_inner][\/vc_row_inner][vc_row_inner][vc_column_inner][vc_column_text]<a href=\"https:\/\/studioabsurd.com\" target=\"_blank\" rel=\"noopener\"><br \/>\n  <strong>Studio Absurd<\/strong><br \/>\n<\/a> es para las ocasiones en que quieres llevar algo que no sea aburrido, algo limitado y hecho por artistas y dise\u00f1adores locales. Studio Absurd vende ropa y accesorios de artistas y dise\u00f1adores europeos independientes. Hacen env\u00edos a todo el mundo y no se aburren.[\/vc_column_text][\/vc_column_inner][\/vc_row_inner][vc_row_inner][vc_column_inner][vc_single_image image=\u00bb5899&#8243;][\/vc_column_inner][\/vc_row_inner][vc_row_inner][vc_column_inner][vc_column_text]\n<p class=\"p1\"><strong><a href=\"https:\/\/jensandvesper.de\/\" target=\"_blank\" rel=\"noopener\">Jens y Vesper<\/a> <\/strong>son dos arquitectos que se hab\u00edan aburrido un poco del dise\u00f1o de casas y quer\u00edan dar un giro a sus vidas. Inquietos como eran los alemanes, quedarse de brazos cruzados no era una opci\u00f3n. \u00bfY qu\u00e9 hicieron? El amor de Jens por la cultura escandinava y la pasi\u00f3n de Vesper por el minimalismo le llevaron a crear su propio negocio, que combina ambas cosas y vende objetos bellos pero necesarios al mismo tiempo.<\/p>\n[\/vc_column_text][\/vc_column_inner][\/vc_row_inner][vc_row_inner][vc_column_inner][vc_single_image image=\u00bb5952&#8243;][\/vc_column_inner][\/vc_row_inner][vc_row_inner][vc_column_inner][vc_column_text]<strong><br \/>\n  <a href=\"https:\/\/saapavabrik.ee\" target=\"_blank\" rel=\"noopener\">Saapavabrik<\/a><br \/>\n<\/strong> es una tienda de botas estonia con una amplia selecci\u00f3n de botas, incluidas las legendarias <a href=\"https:\/\/saapavabrik.ee\/product\/norra-sojavae-saapad-m77\/\" target=\"_blank\" rel=\"noopener\">M77<\/a>. Hasta los ej\u00e9rcitos de la OTAN conf\u00edan en estas botas. Adem\u00e1s de botas resistentes, Saapavabrik tiene una selecci\u00f3n de zapatillas, sandalias, zapatos \u00a1e incluso calzado vegano![\/vc_column_text][\/vc_column_inner][\/vc_row_inner][vc_row_inner][vc_column_inner][vc_single_image image=\u00bb5953&#8243;][\/vc_column_inner][\/vc_row_inner][vc_row_inner][vc_column_inner][vc_column_text]<a href=\"https:\/\/ehtevabrik.ee\/\" target=\"_blank\" rel=\"noopener\"><br \/>\n  <strong>Ehtevabrik<\/strong><br \/>\n<\/a> es una tienda online estonia perfecta para quienes no son aficionados a las joyas aburridas. Ehtevabrik ofrece una amplia selecci\u00f3n de joyas de dise\u00f1adores europeos.[\/vc_column_text][\/vc_column_inner][\/vc_row_inner][vc_row_inner][vc_column_inner][vc_single_image image=\u00bb5980&#8243;][\/vc_column_inner][\/vc_row_inner][vc_row_inner][vc_column_inner][vc_column_text]<strong><br \/>\n  <a href=\"https:\/\/kingidmehele.ee\/\" target=\"_blank\" rel=\"noopener\">Kingid Mehele o Regalos para hombres<\/a><br \/>\n<\/strong> &#8211; \u00bfTe has preguntado alguna vez (por supuesto que s\u00ed) qu\u00e9 regalar a un hombre? Adem\u00e1s, si ya no quiere conformarse con las opciones previsibles de ropa interior o calcetines? Por ejemplo, si a tu padre le gusta la sauna, en la tienda online <a href=\"https:\/\/kingidmehele.ee\/\" target=\"_blank\" rel=\"noopener\">Kingid Mehele<\/a> encontrar\u00e1s una amplia selecci\u00f3n de regalos relacionados con la sauna. Por supuesto, tambi\u00e9n hay opciones de regalo m\u00e1s cl\u00e1sicas: carteras, gemelos y calcetines.[\/vc_column_text][\/vc_column_inner][\/vc_row_inner][vc_row_inner][vc_column_inner][vc_single_image image=\u00bb6010&#8243;][\/vc_column_inner][\/vc_row_inner][vc_row_inner][vc_column_inner][vc_column_text]<strong><br \/>\n  <a href=\"https:\/\/kaardihoidja.ee\/\" target=\"_blank\" rel=\"noopener\">Kaardihoidja.ee<\/a><br \/>\n<\/strong> &#8211; Blog y tienda de carteras y tarjeteros para el mercado estonio. Descargo de responsabilidad: la tienda tambi\u00e9n est\u00e1 en estonio.[\/vc_column_text][\/vc_column_inner][\/vc_row_inner][vc_single_image image=\u00bb6449&#8243; img_size=\u00bbfull\u00bb][vc_column_text]<a href=\"https:\/\/saunatark.ee\/\" target=\"_blank\" rel=\"noopener\">Saunatark<\/a> &#8211; Su selecci\u00f3n incluye productos de sauna cuidadosamente seleccionados que le ayudar\u00e1n a crear una experiencia relajante y agradable en su casa, chal\u00e9 o donde usted quiera.[\/vc_column_text][\/vc_column][\/vc_row]\n","protected":false},"excerpt":{"rendered":"[vc_row et_full_width=\u00bbtrue\u00bb et_row_padding=\u00bbtrue\u00bb css=\u00bb.vc_custom_1678216951899{padding-top: 100px !important;padding-bottom: 260px !important;background: #211a13 url(https:\/\/nordicbags.eu\/wp-content\/uploads\/2023\/02\/DSC08822-scaled-1.jpg?id=3687) !important;background-position: center !important;background-repeat: no-repeat !important;background-size: cover !important;}\u00bb][vc_column et_column_color=\u00bbet-light-column\u00bb][vc_row_inner et_column_align=\u00bbalign-center\u00bb][vc_column_inner animation=\u00bbanimation bottom-to-top\u00bb offset=\u00bbvc_col-lg-6 vc_col-md-8&#8243;][vc_empty_space height=\u00bb100px\u00bb][vc_column_text css=\u00bb.vc_custom_1678214586882{padding-right: 10% !important;padding-left: 10% !important;}\u00bb] Nuestros amigos y socios Una lista de tiendas en l\u00ednea que recomendamos encarecidamente consultar. [\/vc_column_text][\/vc_column_inner][\/vc_row_inner][\/vc_column][\/vc_row][vc_row et_column_align=\u00bbalign-center\u00bb css=\u00bb.vc_custom_1579116726734{margin-top: -200px !important;padding-top: 60px !important;padding-bottom: 20px !important;background-color: #ffffff !important;}\u00bb][vc_column animation=\u00bbanimation [&#8230;]\n","protected":false},"author":1,"featured_media":0,"parent":0,"menu_order":0,"comment_status":"closed","ping_status":"closed","template":"","meta":{"_acf_changed":false,"footnotes":""},"class_list":["post-6018","page","type-page","status-publish","hentry"],"acf":[],"_links":{"self":[{"href":"https:\/\/nordicbags.eu\/es\/wp-json\/wp\/v2\/pages\/6018","targetHints":{"allow":["GET"]}}],"collection":[{"href":"https:\/\/nordicbags.eu\/es\/wp-json\/wp\/v2\/pages"}],"about":[{"href":"https:\/\/nordicbags.eu\/es\/wp-json\/wp\/v2\/types\/page"}],"author":[{"embeddable":true,"href":"https:\/\/nordicbags.eu\/es\/wp-json\/wp\/v2\/users\/1"}],"replies":[{"embeddable":true,"href":"https:\/\/nordicbags.eu\/es\/wp-json\/wp\/v2\/comments?post=6018"}],"version-history":[{"count":12,"href":"https:\/\/nordicbags.eu\/es\/wp-json\/wp\/v2\/pages\/6018\/revisions"}],"predecessor-version":[{"id":6457,"href":"https:\/\/nordicbags.eu\/es\/wp-json\/wp\/v2\/pages\/6018\/revisions\/6457"}],"wp:attachment":[{"href":"https:\/\/nordicbags.eu\/es\/wp-json\/wp\/v2\/media?parent=6018"}],"curies":[{"name":"wp","href":"https:\/\/api.w.org\/{rel}","templated":true}]}}