{"id":6024,"date":"2023-03-15T15:29:13","date_gmt":"2023-03-15T15:29:13","guid":{"rendered":"https:\/\/nordicbags.eu\/garantia\/"},"modified":"2023-04-13T05:22:32","modified_gmt":"2023-04-13T05:22:32","slug":"garantia","status":"publish","type":"page","link":"https:\/\/nordicbags.eu\/es\/garantia\/","title":{"rendered":"Garant\u00eda"},"content":{"rendered":"\n<p>Aunque estamos incre\u00edblemente orgullosos de que nuestras bolsas sean de excelente calidad y muy duraderas, en raras ocasiones puede haber defectos de fabricaci\u00f3n.  <strong>Pero no tiene por qu\u00e9 preocuparse, porque ofrecemos una garant\u00eda de 2 a\u00f1os para todos nuestros productos. Algunos bolsos, como <a href=\"https:\/\/nordicbags.eu\/es\/brand\/craftory-es\/\" target=\"_blank\" data-type=\"URL\" data-id=\"https:\/\/nordicbags.eu\/brand\/craftory\/\" rel=\"noreferrer noopener\">los de piel Craftory<\/a>, tienen incluso una garant\u00eda de por vida.<\/strong><\/p>\n\n<p>Pero tenga en cuenta que Nordicbags no se hace responsable de los defectos que se hayan producido debido a la acci\u00f3n o inacci\u00f3n del consumidor (uso incorrecto, un accidente, etc.) despu\u00e9s de la entrega de los bienes o en el caso de desgaste normal causado por el uso regular del art\u00edculo. Si los productos adquiridos en la tienda online presentan defectos de los que Nordicbags sea responsable, repararemos o sustituiremos los productos defectuosos. Si la mercanc\u00eda no puede repararse o sustituirse, reembolsaremos al comprador todos los gastos derivados del contrato de venta.<\/p>\n\n<p>En cualquier caso, si tiene alg\u00fan problema con su producto, escr\u00edbanos <strong>a hello@nordicbags.eu<\/strong>.<\/p>\n","protected":false},"excerpt":{"rendered":"<p>Aunque estamos incre\u00edblemente orgullosos de que nuestras bolsas sean de excelente calidad y muy duraderas, en raras ocasiones puede haber defectos de fabricaci\u00f3n. Pero no tiene por qu\u00e9 preocuparse, porque ofrecemos una garant\u00eda de 2 a\u00f1os para todos nuestros productos. Algunos bolsos, como los de piel Craftory, tienen incluso una garant\u00eda de por vida. Pero [&#8230;]\n","protected":false},"author":2,"featured_media":0,"parent":0,"menu_order":0,"comment_status":"closed","ping_status":"closed","template":"","meta":{"_acf_changed":false,"footnotes":""},"class_list":["post-6024","page","type-page","status-publish","hentry"],"acf":[],"_links":{"self":[{"href":"https:\/\/nordicbags.eu\/es\/wp-json\/wp\/v2\/pages\/6024","targetHints":{"allow":["GET"]}}],"collection":[{"href":"https:\/\/nordicbags.eu\/es\/wp-json\/wp\/v2\/pages"}],"about":[{"href":"https:\/\/nordicbags.eu\/es\/wp-json\/wp\/v2\/types\/page"}],"author":[{"embeddable":true,"href":"https:\/\/nordicbags.eu\/es\/wp-json\/wp\/v2\/users\/2"}],"replies":[{"embeddable":true,"href":"https:\/\/nordicbags.eu\/es\/wp-json\/wp\/v2\/comments?post=6024"}],"version-history":[{"count":1,"href":"https:\/\/nordicbags.eu\/es\/wp-json\/wp\/v2\/pages\/6024\/revisions"}],"predecessor-version":[{"id":6026,"href":"https:\/\/nordicbags.eu\/es\/wp-json\/wp\/v2\/pages\/6024\/revisions\/6026"}],"wp:attachment":[{"href":"https:\/\/nordicbags.eu\/es\/wp-json\/wp\/v2\/media?parent=6024"}],"curies":[{"name":"wp","href":"https:\/\/api.w.org\/{rel}","templated":true}]}}