{"id":6025,"date":"2023-03-01T12:53:35","date_gmt":"2023-03-01T12:53:35","guid":{"rendered":"https:\/\/nordicbags.eu\/chistes-de-bolsos\/"},"modified":"2023-04-13T05:22:33","modified_gmt":"2023-04-13T05:22:33","slug":"chistes-de-bolsos","status":"publish","type":"page","link":"https:\/\/nordicbags.eu\/es\/chistes-de-bolsos\/","title":{"rendered":"Chistes de Bolsos"},"content":{"rendered":"\n<p>Toda tienda de bolsos que se precie deber\u00eda tener una p\u00e1gina con chistes malos sobre bolsos. As\u00ed que aqu\u00ed est\u00e1 la nuestra.<\/p>\n\n<p><\/p>\n\n<p>\u00bfPor qu\u00e9 las bolsas no tienen amigos?<br\/>\u00a1Porque siempre est\u00e1n cargando con todo su equipaje!<\/p>\n\n<p><\/p>\n\n<p>\u00bfPor qu\u00e9 se rompi\u00f3 el bolso con la cartera?<br\/>\u00a1Porque estaba demasiado centrado en el dinero!<\/p>\n\n<p><\/p>\n\n<p>\u00bfPor qu\u00e9 se rompi\u00f3 la cartera con el monedero?<br\/>Porque me daba la impresi\u00f3n de que siempre me quedaba corto.<\/p>\n\n<p><\/p>\n\n<p>\u00bfPor qu\u00e9 fue la bolsa al m\u00e9dico?  <br\/>\u00a1Porque parec\u00eda un poco de pl\u00e1stico!<\/p>\n\n<p><\/p>\n\n<p>\u00bfPor qu\u00e9 se rompi\u00f3 la bolsa con la mochila?  <br\/>\u00a1Porque era demasiado equipaje!<\/p>\n\n<p><\/p>\n\n<p>\u00bfPor qu\u00e9 fue la mochila al gimnasio?<br\/>\u00a1A trabajar en su pack fitness!<\/p>\n\n<p><\/p>\n\n<p>\u00bfPor qu\u00e9 se rompi\u00f3 la bolsa con la mochila?<br\/>\u00a1Porque era demasiado equipaje de mano!<\/p>\n","protected":false},"excerpt":{"rendered":"<p>Toda tienda de bolsos que se precie deber\u00eda tener una p\u00e1gina con chistes malos sobre bolsos. As\u00ed que aqu\u00ed est\u00e1 la nuestra. \u00bfPor qu\u00e9 las bolsas no tienen amigos?\u00a1Porque siempre est\u00e1n cargando con todo su equipaje! \u00bfPor qu\u00e9 se rompi\u00f3 el bolso con la cartera?\u00a1Porque estaba demasiado centrado en el dinero! \u00bfPor qu\u00e9 se rompi\u00f3 [&#8230;]\n","protected":false},"author":1,"featured_media":0,"parent":0,"menu_order":0,"comment_status":"closed","ping_status":"closed","template":"","meta":{"_acf_changed":false,"footnotes":""},"class_list":["post-6025","page","type-page","status-publish","hentry"],"acf":[],"_links":{"self":[{"href":"https:\/\/nordicbags.eu\/es\/wp-json\/wp\/v2\/pages\/6025","targetHints":{"allow":["GET"]}}],"collection":[{"href":"https:\/\/nordicbags.eu\/es\/wp-json\/wp\/v2\/pages"}],"about":[{"href":"https:\/\/nordicbags.eu\/es\/wp-json\/wp\/v2\/types\/page"}],"author":[{"embeddable":true,"href":"https:\/\/nordicbags.eu\/es\/wp-json\/wp\/v2\/users\/1"}],"replies":[{"embeddable":true,"href":"https:\/\/nordicbags.eu\/es\/wp-json\/wp\/v2\/comments?post=6025"}],"version-history":[{"count":1,"href":"https:\/\/nordicbags.eu\/es\/wp-json\/wp\/v2\/pages\/6025\/revisions"}],"predecessor-version":[{"id":6028,"href":"https:\/\/nordicbags.eu\/es\/wp-json\/wp\/v2\/pages\/6025\/revisions\/6028"}],"wp:attachment":[{"href":"https:\/\/nordicbags.eu\/es\/wp-json\/wp\/v2\/media?parent=6025"}],"curies":[{"name":"wp","href":"https:\/\/api.w.org\/{rel}","templated":true}]}}