{"id":6027,"date":"2023-02-17T18:13:38","date_gmt":"2023-02-17T18:13:38","guid":{"rendered":"https:\/\/nordicbags.eu\/sobre-nosotros\/"},"modified":"2023-07-07T08:46:10","modified_gmt":"2023-07-07T08:46:10","slug":"sobre-nosotros","status":"publish","type":"page","link":"https:\/\/nordicbags.eu\/es\/sobre-nosotros\/","title":{"rendered":"Sobre nosotros"},"content":{"rendered":"[vc_row et_full_width=\u00bbtrue\u00bb et_row_padding=\u00bbtrue\u00bb et_column_align=\u00bbalign-center\u00bb parallax=\u00bbcontent-moving\u00bb][vc_column et_column_color=\u00bbet-light-column\u00bb][et_banner image_type=\u00bbcss\u00bb height=\u00bb60&#8243; text_color_scheme=\u00bblight\u00bb hover_effect=\u00bbhover-zoom\u00bb title_size=\u00bbxlarge\u00bb title_tag=\u00bbh1&#8243; subtitle_type=\u00bbtag_style\u00bb subtitle_tag=\u00bbh5&#8243; text_animation=\u00bbet-fadeInUp\u00bb text_alignment=\u00bbalign_center\u00bb image_id=\u00bb4494&#8243; title=\u00bbSobre nosotros\u00bb subtitle=\u00bbqui\u00e9nes somos\u00bb paragraph=\u00bbQuisque tortor nulla, sollicitudin quis venenatis et, tincidunt placerat eros. Lorem ipsum dolor sit amet, consectetur adipiscing elit.\u00bb]\n<h5>Bolsos de piel duraderos de peque\u00f1as marcas de dise\u00f1o europeas.<\/h5>\n[\/et_banner][\/vc_column][\/vc_row][vc_row et_column_align=\u00bbalign-center\u00bb css=\u00bb.vc_custom_1579121915525{padding-top: 60px !important;padding-bottom: 35px !important;}\u00bb][vc_column animation=\u00bbanimation bottom-to-top\u00bb offset=\u00bbvc_col-lg-8&#8243;][vc_row_inner et_column_align=\u00bbalign-center\u00bb][vc_column_inner][vc_column_text][\/vc_column_text][vc_column_text]<strong>Nuestra misi\u00f3n es ofrecerle bolsos \u00fanicos y de gran calidad que no suelen encontrarse en las tiendas convencionales. Nos enorgullece decir que todos nuestros bolsos se fabrican en Europa, donde los artesanos utilizan t\u00e9cnicas tradicionales y materiales de alta calidad para crear bolsos bonitos y duraderos que perdurar\u00e1n durante a\u00f1os. Todos los productos tienen 2 a\u00f1os de garant\u00eda.<\/strong><\/p>\n<p>En nuestra tienda creemos en el apoyo a las marcas europeas independientes y en ayudarlas a llegar a un p\u00fablico m\u00e1s amplio. Nos apasiona la moda y creemos que cada bolso debe ser \u00fanico y reflejar la personalidad de quien lo lleva. Por eso seleccionamos manualmente cada bolso de nuestra colecci\u00f3n para asegurarnos de que cumple nuestros elevados est\u00e1ndares de calidad y estilo. Tambi\u00e9n somos fans de las marcas con las que trabajamos. Por ejemplo, Marten, miembro de nuestro equipo, lleva a diario <a href=\"https:\/\/nordicbags.eu\/es\/brand\/nordhale-es\/\" target=\"_blank\" rel=\"noopener\">la bolsa para port\u00e1til de Nordhale<\/a> y la <a href=\"https:\/\/nordicbags.eu\/backpack-063-black\/\" target=\"_blank\" rel=\"noopener\">mochila 063 de<\/a> Mattias <a href=\"https:\/\/nordicbags.eu\/backpack-063-black\/\" target=\"_blank\" rel=\"noopener\">Galvi-Linda<\/a>. Nuestra especialista en marketing, Marie, prefiere <a href=\"https:\/\/nordicbags.eu\/es\/brand\/noel-es\/\" target=\"_blank\" rel=\"noopener\">la mochila<\/a> y la cartera <a href=\"https:\/\/nordicbags.eu\/es\/brand\/noel-es\/\" target=\"_blank\" rel=\"noopener\">de Noel<\/a>.<\/p>\n<p>Tenemos nuestra sede en Estonia, pero colaboramos con marcas de Suecia, Finlandia y los pa\u00edses b\u00e1lticos. Y realizamos env\u00edos a la UE.[\/vc_column_text][\/vc_column_inner][\/vc_row_inner][vc_row_inner et_column_align=\u00bbalign-center\u00bb][vc_column_inner width=\u00bb1\/3&#8243;][vc_column_text]\n<h5 class=\"vc_custom_heading\">2 a\u00f1os de garant\u00eda<\/h5>\n[\/vc_column_text][\/vc_column_inner][vc_column_inner width=\u00bb2\/3&#8243;][vc_column_text]Estamos incre\u00edblemente orgullosos de la alta calidad de nuestras bolsas. Significa, por supuesto, que todas las bolsas tienen una garant\u00eda de 2 a\u00f1os. Algunos bolsos, como <a href=\"https:\/\/nordicbags.eu\/es\/categoria-producto\/bolsos-de-piel\/\" target=\"_blank\" rel=\"noopener\">los de piel<\/a>, tienen incluso garant\u00eda de por vida.[\/vc_column_text][\/vc_column_inner][\/vc_row_inner][vc_row_inner et_column_align=\u00bbalign-center\u00bb][vc_column_inner width=\u00bb1\/3&#8243;][vc_column_text]\n<h5>Fabricado en Europa<\/h5>\n[\/vc_column_text][\/vc_column_inner][vc_column_inner width=\u00bb2\/3&#8243;][vc_column_text]Todos nuestros productos se fabrican en Europa, y sabemos d\u00f3nde, c\u00f3mo y qui\u00e9n fabrica todas nuestras bolsas. Esto garantiza que nuestros bolsos no s\u00f3lo son duraderos, sino que adem\u00e1s est\u00e1n fabricados de forma \u00e9tica. Nuestros clientes tambi\u00e9n aprecian la alta calidad, ya que nuestra tasa de devoluci\u00f3n de pedidos es inferior al 1%, unas 20 veces menos que la media del sector.[\/vc_column_text][\/vc_column_inner][\/vc_row_inner][vc_row_inner et_column_align=\u00bbalign-center\u00bb][vc_column_inner width=\u00bb1\/3&#8243;][vc_column_text]\n<h5>Nuestro equipo<\/h5>\n[\/vc_column_text][\/vc_column_inner][vc_column_inner width=\u00bb2\/3&#8243;][vc_column_text]Somos cuatro buenos amigos, Marten, Taivo, Mattias y Marie, que hemos realizado m\u00faltiples proyectos juntos. Como el comercio electr\u00f3nico es nuestra pasi\u00f3n, con LIFTSPARK O\u00dc tenemos una misi\u00f3n mayor.[\/vc_column_text][\/vc_column_inner][vc_column_inner][\/vc_column_inner][\/vc_row_inner][\/vc_column][\/vc_row][vc_row][vc_column][\/vc_column][\/vc_row]\n","protected":false},"excerpt":{"rendered":"[vc_row et_full_width=\u00bbtrue\u00bb et_row_padding=\u00bbtrue\u00bb et_column_align=\u00bbalign-center\u00bb parallax=\u00bbcontent-moving\u00bb][vc_column et_column_color=\u00bbet-light-column\u00bb][et_banner image_type=\u00bbcss\u00bb height=\u00bb60&#8243; text_color_scheme=\u00bblight\u00bb hover_effect=\u00bbhover-zoom\u00bb title_size=\u00bbxlarge\u00bb title_tag=\u00bbh1&#8243; subtitle_type=\u00bbtag_style\u00bb subtitle_tag=\u00bbh5&#8243; text_animation=\u00bbet-fadeInUp\u00bb text_alignment=\u00bbalign_center\u00bb image_id=\u00bb4494&#8243; title=\u00bbSobre nosotros\u00bb subtitle=\u00bbqui\u00e9nes somos\u00bb paragraph=\u00bbQuisque tortor nulla, sollicitudin quis venenatis et, tincidunt placerat eros. Lorem ipsum dolor sit amet, consectetur adipiscing elit.\u00bb] Bolsos de piel duraderos de peque\u00f1as marcas de dise\u00f1o europeas. [\/et_banner][\/vc_column][\/vc_row][vc_row et_column_align=\u00bbalign-center\u00bb css=\u00bb.vc_custom_1579121915525{padding-top: 60px !important;padding-bottom: 35px [&#8230;]\n","protected":false},"author":1,"featured_media":0,"parent":0,"menu_order":0,"comment_status":"closed","ping_status":"closed","template":"","meta":{"_acf_changed":false,"footnotes":""},"class_list":["post-6027","page","type-page","status-publish","hentry"],"acf":[],"_links":{"self":[{"href":"https:\/\/nordicbags.eu\/es\/wp-json\/wp\/v2\/pages\/6027","targetHints":{"allow":["GET"]}}],"collection":[{"href":"https:\/\/nordicbags.eu\/es\/wp-json\/wp\/v2\/pages"}],"about":[{"href":"https:\/\/nordicbags.eu\/es\/wp-json\/wp\/v2\/types\/page"}],"author":[{"embeddable":true,"href":"https:\/\/nordicbags.eu\/es\/wp-json\/wp\/v2\/users\/1"}],"replies":[{"embeddable":true,"href":"https:\/\/nordicbags.eu\/es\/wp-json\/wp\/v2\/comments?post=6027"}],"version-history":[{"count":7,"href":"https:\/\/nordicbags.eu\/es\/wp-json\/wp\/v2\/pages\/6027\/revisions"}],"predecessor-version":[{"id":6296,"href":"https:\/\/nordicbags.eu\/es\/wp-json\/wp\/v2\/pages\/6027\/revisions\/6296"}],"wp:attachment":[{"href":"https:\/\/nordicbags.eu\/es\/wp-json\/wp\/v2\/media?parent=6027"}],"curies":[{"name":"wp","href":"https:\/\/api.w.org\/{rel}","templated":true}]}}