{"id":6031,"date":"2019-10-24T00:57:41","date_gmt":"2019-10-24T00:57:41","guid":{"rendered":"https:\/\/nordicbags.eu\/politica-de-privacidad\/"},"modified":"2023-07-07T09:26:25","modified_gmt":"2023-07-07T09:26:25","slug":"politica-de-privacidad","status":"publish","type":"page","link":"https:\/\/nordicbags.eu\/es\/politica-de-privacidad\/","title":{"rendered":"Pol\u00edtica de privacidad"},"content":{"rendered":"\n<p>El responsable del tratamiento de los datos personales de la tienda en l\u00ednea es LIFTSPARK O\u00dc (14972020), con domicilio en Ahtri tn 6a Tallin, Harjumaa, 10151, correo electr\u00f3nico <a href=\"mailto:hello@nordicbags.eu\" data-type=\"mailto\" data-id=\"mailto:hello@nordicbags.eu\">hello@nordicbags.eu.<\/a><\/p>\n\n<p><strong>\u00bfQu\u00e9 datos personales se tratan en el momento de la compra?<\/strong><\/p>\n\n<ul class=\"wp-block-list\">\n<li>Nombre, n\u00famero de tel\u00e9fono y direcci\u00f3n de correo electr\u00f3nico;<\/li>\n\n\n\n<li>Direcci\u00f3n de entrega o ubicaci\u00f3n de la m\u00e1quina de paqueter\u00eda;<\/li>\n\n\n\n<li>Coste de bienes y servicios y datos relacionados con los pagos (historial de compras);<\/li>\n\n\n\n<li>Datos de atenci\u00f3n al cliente;<\/li>\n\n\n\n<li>Cuenta bancaria;<\/li>\n\n\n\n<li>Direcci\u00f3n IP.<\/li>\n<\/ul>\n\n<p><strong>\u00bfCon qu\u00e9 fines se tratan los datos personales?<\/strong><\/p>\n\n<ul class=\"wp-block-list\">\n<li>Los datos personales se utilizan para gestionar los pedidos de los clientes y entregar las mercanc\u00edas.<\/li>\n\n\n\n<li>Los datos del historial de compras (fecha de compra, bienes, cantidad, datos del cliente) se utilizan para elaborar una visi\u00f3n general de los bienes y servicios adquiridos, analizar las preferencias del cliente y, entre otras cosas, para resolver litigios de consumo.<\/li>\n\n\n\n<li>El n\u00famero de cuenta bancaria se utiliza para reembolsar los pagos al cliente.<\/li>\n\n\n\n<li>Los datos personales como la direcci\u00f3n de correo electr\u00f3nico, el n\u00famero de tel\u00e9fono y el nombre del cliente se procesan para gestionar cualquier asunto relacionado con el suministro de bienes y servicios (atenci\u00f3n al cliente). Tambi\u00e9n se utiliza el correo electr\u00f3nico para enviar las facturas y el n\u00famero de tel\u00e9fono para notificar al cliente la llegada de su mercanc\u00eda a la m\u00e1quina de paqueter\u00eda.<\/li>\n\n\n\n<li>Con fines de marketing, incluido el bolet\u00edn de noticias, la elaboraci\u00f3n de perfiles y la publicidad digital, s\u00f3lo si el cliente ha dado su consentimiento.<\/li>\n\n\n\n<li>La direcci\u00f3n IP u otros identificadores en l\u00ednea de los usuarios de la tienda en l\u00ednea se procesan para la prestaci\u00f3n de la tienda en l\u00ednea como servicio de la sociedad de la informaci\u00f3n y para estad\u00edsticas de uso de la web.<\/li>\n<\/ul>\n\n<p><strong>Base jur\u00eddica<\/strong><\/p>\n\n<ul class=\"wp-block-list\">\n<li>La finalidad del tratamiento de los datos personales es cumplir el acuerdo suscrito con el cliente (gesti\u00f3n de los pedidos del cliente, entrega, devoluci\u00f3n de mercanc\u00edas y reembolso de pagos).<\/li>\n\n\n\n<li>Los datos personales se tratan para cumplir obligaciones legales (por ejemplo, para la contabilidad).<\/li>\n\n\n\n<li>El tratamiento de datos personales, es decir, la recopilaci\u00f3n de datos del historial de compras con el fin de resolver posibles litigios de consumo, es necesario debido al inter\u00e9s leg\u00edtimo del responsable del tratamiento.<\/li>\n<\/ul>\n\n<p><strong>Destinatarios de los datos personales<\/strong><\/p>\n\n<ul class=\"wp-block-list\">\n<li>Los datos personales se transmiten al servicio de atenci\u00f3n al cliente de la tienda en l\u00ednea para gestionar el historial de compras y resolver los problemas de los clientes.<\/li>\n\n\n\n<li>El nombre, el n\u00famero de tel\u00e9fono y las referencias de los art\u00edculos se env\u00edan a los socios para el servicio de tramitaci\u00f3n de pedidos.<\/li>\n\n\n\n<li>El nombre, el n\u00famero de tel\u00e9fono y la direcci\u00f3n de correo electr\u00f3nico se env\u00edan al proveedor de servicios de transporte seleccionado por el cliente. Si la mercanc\u00eda la entrega un mensajero, los datos de contacto del cliente, as\u00ed como su direcci\u00f3n, se transmiten al mensajero.<\/li>\n\n\n\n<li>El nombre y el historial de compras se env\u00edan a la empresa de contabilidad para que realice sus operaciones contables<\/li>\n<\/ul>\n\n<p><strong>Seguridad y acceso a los datos<\/strong><\/p>\n\n<ul class=\"wp-block-list\">\n<li>Los datos personales se almacenan en los servidores de zone.ee, situados en el territorio de un Estado miembro de la Uni\u00f3n Europea o de Estados del Espacio Econ\u00f3mico Europeo. Los datos podr\u00e1n transmitirse a Estados cuyo nivel de protecci\u00f3n de datos sea suficiente seg\u00fan la Comisi\u00f3n Europea o a una empresa de un tercer Estado al que se haya aplicado una salvaguardia especificada en los art\u00edculos 46 o 47 o en el apartado 1 del art\u00edculo 49 del GDPR.<\/li>\n\n\n\n<li>El personal de la tienda en l\u00ednea puede acceder a los datos personales para resolver problemas t\u00e9cnicos relacionados con el uso de la tienda en l\u00ednea y para prestar asistencia al cliente.<\/li>\n\n\n\n<li>La tienda online aplica las medidas de seguridad f\u00edsicas, organizativas e inform\u00e1ticas pertinentes para proteger los datos personales de la destrucci\u00f3n accidental o il\u00edcita, la p\u00e9rdida, la modificaci\u00f3n o el acceso y la divulgaci\u00f3n no autorizados. Estas medidas son: 1) el intercambio de datos con la tienda en l\u00ednea se realiza a trav\u00e9s de una conexi\u00f3n cifrada (TSL); 2) al enviar correos electr\u00f3nicos se utiliza el cifrado est\u00e1ndar: 3) existe un cortafuegos y la protecci\u00f3n antivirus pertinente para proteger los servidores de la tienda online; 4) existen copias de seguridad peri\u00f3dicas que se mantienen separadas de los servidores de la tienda online.<\/li>\n\n\n\n<li>Los datos personales se transmiten a los encargados del tratamiento (por ejemplo, el proveedor de servicios de transporte y los hosts de datos) sobre la base de contratos entre la tienda en l\u00ednea y los encargados del tratamiento. Al tratar los datos, los encargados del tratamiento est\u00e1n obligados a garantizar las salvaguardias pertinentes de conformidad con el art\u00edculo 28 del RGPD.<\/li>\n<\/ul>\n\n<p><strong>Acceso y rectificaci\u00f3n de datos personales<\/strong><\/p>\n\n<ul class=\"wp-block-list\">\n<li>Se puede acceder a los datos personales y rectificarlos a trav\u00e9s del servicio de atenci\u00f3n al cliente de la tienda online. Si la solicitud de acceso a los datos personales se ha presentado por v\u00eda electr\u00f3nica, la informaci\u00f3n tambi\u00e9n se facilitar\u00e1 a trav\u00e9s de los medios electr\u00f3nicos de uso com\u00fan.<\/li>\n<\/ul>\n\n<p><strong>Retirada del consentimiento<\/strong><\/p>\n\n<ul class=\"wp-block-list\">\n<li>Si los datos personales se tratan con el consentimiento del cliente, \u00e9ste tiene derecho a retirar su consentimiento realizando los cambios pertinentes en la configuraci\u00f3n de la cuenta de usuario o notific\u00e1ndolo al servicio de atenci\u00f3n al cliente por correo electr\u00f3nico.<\/li>\n<\/ul>\n\n<p><strong>Almacenamiento<\/strong><\/p>\n\n<ul class=\"wp-block-list\">\n<li>No se almacena ning\u00fan dato personal, salvo los necesarios para la contabilidad o la resoluci\u00f3n de litigios de consumo.<\/li>\n\n\n\n<li>En caso de litigios relativos a pagos y litigios de consumo, los datos personales se almacenan hasta que se resuelve la reclamaci\u00f3n o expira el plazo de prescripci\u00f3n. Los datos personales de los documentos contables originales se conservan durante siete a\u00f1os.<\/li>\n<\/ul>\n\n<p><strong>Restricci\u00f3n<\/strong><\/p>\n\n<ul class=\"wp-block-list\">\n<li>Si los datos son incorrectos, est\u00e1n incompletos o se tratan de forma il\u00edcita, el cliente tiene derecho a solicitar la limitaci\u00f3n del tratamiento de sus datos personales.<\/li>\n<\/ul>\n\n<p><strong>Objeciones<\/strong><\/p>\n\n<ul class=\"wp-block-list\">\n<li>El cliente tiene derecho a presentar objeciones en relaci\u00f3n con el tratamiento de sus datos personales si tiene motivos para creer que no existe base jur\u00eddica para tratar sus datos personales.<\/li>\n<\/ul>\n\n<p><strong>Borrado<\/strong><\/p>\n\n<ul class=\"wp-block-list\">\n<li>Para la supresi\u00f3n de datos personales, debe ponerse en contacto con el servicio de atenci\u00f3n al cliente por <a href=\"mailto:%20hello@whatshoes.co\">correo electr\u00f3nico<\/a>. Las solicitudes de supresi\u00f3n se responden en el plazo de un mes y se especifica el periodo de supresi\u00f3n. La respuesta a la solicitud tambi\u00e9n indicar\u00e1 qu\u00e9 datos personales no se borrar\u00e1n, con arreglo a qu\u00e9 fundamento jur\u00eddico y por qu\u00e9.<\/li>\n<\/ul>\n\n<p><strong>Transferencia<\/strong><\/p>\n\n<ul class=\"wp-block-list\">\n<li>Las solicitudes de transferencia de datos personales enviadas por correo electr\u00f3nico se responden en el plazo de un mes. El servicio de atenci\u00f3n al cliente identifica a la persona e indica qu\u00e9 datos personales se van a transferir.<\/li>\n<\/ul>\n\n<p><strong>Mensajes de marketing directo<\/strong><\/p>\n\n<ul class=\"wp-block-list\">\n<li>La direcci\u00f3n de correo electr\u00f3nico y el n\u00famero de tel\u00e9fono se utilizan para enviar mensajes de marketing directo si el cliente ha dado su consentimiento para recibirlos. Si el cliente no desea seguir recibiendo mensajes de marketing directo, debe seleccionar el enlace correspondiente en el pie de p\u00e1gina del correo electr\u00f3nico o ponerse en contacto con el servicio de atenci\u00f3n al cliente.<\/li>\n\n\n\n<li>Cuando los datos personales se traten con fines de mercadotecnia directa (elaboraci\u00f3n de perfiles), el cliente tendr\u00e1 derecho a oponerse en cualquier momento tanto al tratamiento inicial como al posterior de sus datos personales, incluida la elaboraci\u00f3n de perfiles relacionados con la mercadotecnia directa, notific\u00e1ndolo al servicio de atenci\u00f3n al cliente a trav\u00e9s de  <a href=\"mailto:hello@whatshoes.co\">correo electr\u00f3nico<\/a>  (la informaci\u00f3n correspondiente debe presentarse de forma clara y separada de cualquier otra informaci\u00f3n).<\/li>\n<\/ul>\n\n<p><strong>Resoluci\u00f3n de litigios<\/strong><\/p>\n\n<ul class=\"wp-block-list\">\n<li>Las disputas relativas al tratamiento de datos personales se resuelven a trav\u00e9s del servicio de atenci\u00f3n al cliente<a href=\"mailto:hello@studioabsurd.com\">(hello@nordicbags.eu)<\/a>. La autoridad de control es la Inspecci\u00f3n de Protecci\u00f3n de Datos de Estonia<a href=\"mailto:info@aki.ee\">(info@aki.ee)<\/a>.<\/li>\n<\/ul>\n","protected":false},"excerpt":{"rendered":"<p>El responsable del tratamiento de los datos personales de la tienda en l\u00ednea es LIFTSPARK O\u00dc (14972020), con domicilio en Ahtri tn 6a Tallin, Harjumaa, 10151, correo electr\u00f3nico hello@nordicbags.eu. \u00bfQu\u00e9 datos personales se tratan en el momento de la compra? \u00bfCon qu\u00e9 fines se tratan los datos personales? Base jur\u00eddica Destinatarios de los datos personales [&#8230;]\n","protected":false},"author":1,"featured_media":0,"parent":0,"menu_order":0,"comment_status":"closed","ping_status":"closed","template":"","meta":{"_acf_changed":false,"footnotes":""},"class_list":["post-6031","page","type-page","status-publish","hentry"],"acf":[],"_links":{"self":[{"href":"https:\/\/nordicbags.eu\/es\/wp-json\/wp\/v2\/pages\/6031","targetHints":{"allow":["GET"]}}],"collection":[{"href":"https:\/\/nordicbags.eu\/es\/wp-json\/wp\/v2\/pages"}],"about":[{"href":"https:\/\/nordicbags.eu\/es\/wp-json\/wp\/v2\/types\/page"}],"author":[{"embeddable":true,"href":"https:\/\/nordicbags.eu\/es\/wp-json\/wp\/v2\/users\/1"}],"replies":[{"embeddable":true,"href":"https:\/\/nordicbags.eu\/es\/wp-json\/wp\/v2\/comments?post=6031"}],"version-history":[{"count":4,"href":"https:\/\/nordicbags.eu\/es\/wp-json\/wp\/v2\/pages\/6031\/revisions"}],"predecessor-version":[{"id":6304,"href":"https:\/\/nordicbags.eu\/es\/wp-json\/wp\/v2\/pages\/6031\/revisions\/6304"}],"wp:attachment":[{"href":"https:\/\/nordicbags.eu\/es\/wp-json\/wp\/v2\/media?parent=6031"}],"curies":[{"name":"wp","href":"https:\/\/api.w.org\/{rel}","templated":true}]}}