{"id":6033,"date":"2019-03-17T17:19:40","date_gmt":"2019-03-17T17:19:40","guid":{"rendered":"https:\/\/nordicbags.eu\/terminos-y-condiciones\/"},"modified":"2023-07-07T09:04:05","modified_gmt":"2023-07-07T09:04:05","slug":"terminos-y-condiciones","status":"publish","type":"page","link":"https:\/\/nordicbags.eu\/es\/terminos-y-condiciones\/","title":{"rendered":"T\u00e9rminos y condiciones"},"content":{"rendered":"\n<p>El propietario de la tienda online <strong>Nordicbags<\/strong> (en adelante, la tienda online) es LIFTSPARK O\u00dc (14972020), Ahtri tn 6a Kesklinna linnaosa, Tallinn Harju maakond 10151.<\/p>\n\n<p><strong>Duraci\u00f3n del contrato de venta e informaci\u00f3n sobre productos y precios<\/strong><\/p>\n\n<ul class=\"wp-block-list\">\n<li>Las condiciones de venta se aplican a la compra de productos en la tienda en l\u00ednea.<\/li>\n\n\n\n<li>Los precios de los productos vendidos en la tienda en l\u00ednea se indican junto a los productos.<\/li>\n\n\n\n<li>Al precio se a\u00f1ade una tasa por la entrega de la mercanc\u00eda.<\/li>\n\n\n\n<li>La tarifa de entrega de la mercanc\u00eda depende de la ubicaci\u00f3n del comprador y del m\u00e9todo de entrega.<\/li>\n\n\n\n<li>Los gastos de env\u00edo se muestran al comprador al realizar el pedido.<\/li>\n\n\n\n<li>El env\u00edo gratuito a m\u00e1quinas de paqueter\u00eda en Europa se aplica a todos los pedidos superiores a 100 \u20ac.<\/li>\n\n\n\n<li>La informaci\u00f3n sobre los productos se facilita en la tienda en l\u00ednea junto a los productos.<\/li>\n<\/ul>\n\n<p><strong>Hacer un pedido<\/strong><\/p>\n\n<ul class=\"wp-block-list\">\n<li>Para hacer un pedido, los productos solicitados deben a\u00f1adirse a la cesta de la compra.<\/li>\n\n\n\n<li>Para finalizar el pedido, hay que rellenar los campos de datos requeridos y elegir un medio de entrega adecuado.<\/li>\n\n\n\n<li>A continuaci\u00f3n, aparece en pantalla el precio total, que puede pagarse mediante un enlace bancario o utilizando otra soluci\u00f3n de pago.<\/li>\n\n\n\n<li>El contrato entra en vigor una vez que el importe objeto de pago se ha abonado en la cuenta bancaria de la tienda online.<\/li>\n\n\n\n<li>Si no es posible entregar la mercanc\u00eda solicitada por falta de existencias u otro motivo, se notificar\u00e1 al comprador lo antes posible y se le reembolsar\u00e1 el coste abonado (incluidos los gastos de env\u00edo) normalmente en un plazo de 1 a 3 d\u00edas laborables. Dependiendo del m\u00e9todo de pago, el reembolso puede tardar hasta 14 d\u00edas laborables.<\/li>\n<\/ul>\n\n<p><strong>Entrega<\/strong><\/p>\n\n<ul class=\"wp-block-list\">\n<li>Las mercanc\u00edas se entregan en los siguientes pa\u00edses: Uni\u00f3n Europea.<\/li>\n\n\n\n<li>Los gastos de env\u00edo de la mercanc\u00eda se muestran junto al m\u00e9todo de entrega.<\/li>\n\n\n\n<li>Las mercanc\u00edas se entregan generalmente en el plazo de 2-8 d\u00edas laborables a partir de la entrada en vigor del contrato de venta. En casos excepcionales, la mercanc\u00eda puede entregarse en un plazo de hasta 14 d\u00edas laborables. Si la tienda en l\u00ednea ha notificado al comprador problemas de entrega y un plazo superior a 14 d\u00edas laborables en su sitio web o en la confirmaci\u00f3n del pedido, se aplicar\u00e1 el plazo especificado por la tienda en l\u00ednea.<\/li>\n<\/ul>\n\n<p><strong>Derecho de retractaci\u00f3n<\/strong><\/p>\n\n<ul class=\"wp-block-list\">\n<li>Tras recibir el pedido, el comprador tiene derecho a desistir del contrato celebrado con la tienda en l\u00ednea en un plazo de 14 d\u00edas [<em>en funci\u00f3n de los bienes, es posible que el comprador no tenga derecho de desistimiento; en ese caso, los bienes y servicios en cuesti\u00f3n deben figurar en una lista y cumplir los requisitos establecidos en el art\u00edculo 53 (4) de la Ley de Obligaciones<\/em>].<\/li>\n\n\n\n<li>El derecho de desistimiento no se aplica si el comprador es una persona jur\u00eddica.<\/li>\n\n\n\n<li>Para ejercer el derecho de desistimiento de 14 d\u00edas, el comprador no podr\u00e1 utilizar los bienes pedidos de ninguna otra forma que no sea la necesaria para examinar la naturaleza, las propiedades y el funcionamiento de los bienes, de la misma forma, el comprador podr\u00eda probar los bienes en una tienda f\u00edsica.<\/li>\n\n\n\n<li>Si los productos han sido utilizados de forma distinta a la necesaria para la naturaleza, caracter\u00edsticas o funcionalidad de los bienes o presentan marcas de desgaste, la tienda online tiene derecho a reducir el importe reembolsable en funci\u00f3n de la disminuci\u00f3n de valor de los bienes.<\/li>\n\n\n\n<li>Para devolver la mercanc\u00eda, el comprador debe presentar una solicitud de desistimiento por correo electr\u00f3nico a m\u00e1s tardar 14 d\u00edas despu\u00e9s de la realizaci\u00f3n del pedido.<\/li>\n\n\n\n<li>Los gastos de devoluci\u00f3n correr\u00e1n a cargo del comprador, a menos que el motivo de la devoluci\u00f3n sea que el art\u00edculo devuelto no se corresponde con lo que se pidi\u00f3 (por ejemplo, un art\u00edculo incorrecto o defectuoso).<\/li>\n\n\n\n<li>El comprador debe devolver la mercanc\u00eda en un plazo de 14 d\u00edas a partir de la presentaci\u00f3n de su solicitud para hacerlo o aportar la prueba de que la mercanc\u00eda ha sido entregada al transportista en ese plazo.<\/li>\n\n\n\n<li>Una vez recibida la mercanc\u00eda devuelta, la tienda online reembolsar\u00e1 al comprador cualquier cantidad recibida de \u00e9ste en virtud del contrato de forma inmediata y, a m\u00e1s tardar, en un plazo de 14 d\u00edas a partir de la recepci\u00f3n de la solicitud de desistimiento.<\/li>\n\n\n\n<li>La tienda online podr\u00e1 negarse a tramitar el reembolso hasta que reciba el art\u00edculo objeto del contrato o hasta que el comprador presente una prueba de que el art\u00edculo ha sido devuelto, seg\u00fan qu\u00e9 condici\u00f3n se cumpla primero.<\/li>\n\n\n\n<li>La tienda en l\u00ednea tiene derecho a desistir de la transacci\u00f3n de venta y solicitar que el comprador devuelva los bienes si el precio marcado de los bienes en la tienda en l\u00ednea es significativamente inferior al precio de mercado de los bienes debido a un error.<\/li>\n<\/ul>\n\n<p><strong>Derecho a presentar una denuncia<\/strong><\/p>\n\n<ul class=\"wp-block-list\">\n<li>La tienda online es responsable de la falta de conformidad de los bienes vendidos al comprador con los t\u00e9rminos y condiciones del contrato o de los defectos que existieran en el momento de la entrega del art\u00edculo y que se manifiesten en un plazo de hasta dos a\u00f1os desde la entrega de los bienes al comprador. Durante el primer a\u00f1o, a partir de la entrega del bien al comprador, se presume que el defecto ya exist\u00eda en el momento de la entrega. Es responsabilidad de la tienda online desmentirlo.<\/li>\n\n\n\n<li>En caso de defecto, el comprador tiene derecho a ponerse en contacto con la tienda en l\u00ednea en un plazo m\u00e1ximo de dos meses enviando un correo electr\u00f3nico a <a href=\"mailto:hello@studioabsurd.com\">hello@nordicabgs.eu.<\/a><\/li>\n\n\n\n<li>La tienda online no se hace responsable de los defectos que se hayan producido por acci\u00f3n u omisi\u00f3n del consumidor (uso incorrecto, un accidente, etc.) despu\u00e9s de la entrega de los bienes o en caso de desgaste normal causado por el uso normal del art\u00edculo.<\/li>\n\n\n\n<li>Si los bienes adquiridos en la tienda online presentan defectos de los que la tienda online es responsable, la tienda online reparar\u00e1 o sustituir\u00e1 los bienes defectuosos. Si la mercanc\u00eda no puede ser reparada o sustituida, la tienda online reembolsar\u00e1 al comprador todos los gastos derivados del contrato de venta.<\/li>\n\n\n\n<li>La tienda online responde a la reclamaci\u00f3n del consumidor en un plazo de 15 d\u00edas por escrito o en un formato que pueda reproducirse por escrito.<\/li>\n<\/ul>\n\n<p><strong><em>Resoluci\u00f3n de litigios<\/em><\/strong><\/p>\n\n<ul class=\"wp-block-list\">\n<li>Si un comprador tiene quejas sobre la tienda en l\u00ednea, debe enviarlas por correo electr\u00f3nico a<em> <\/em><a href=\"mailto:hello@studioabsurd.com\">hello@nordicbags.eu.<\/a> Si el comprador y la tienda online no consiguen resolver un litigio llegando a un acuerdo, el comprador tiene derecho a acudir al Comit\u00e9 de litigios de consumo. Las normas de procedimiento pueden examinarse y puede presentarse una solicitud <a href=\"https:\/\/ttja.ee\/en\/consumer-disputes-committee\" target=\"_blank\" rel=\"noreferrer noopener\">aqu\u00ed<\/a>. El Comit\u00e9 de litigios en materia de consumo est\u00e1 autorizado a resolver los litigios derivados del contrato celebrado entre el comprador y la tienda en l\u00ednea. El Comit\u00e9 examina gratuitamente las quejas de los compradores.<\/li>\n\n\n\n<li>El comprador puede recurrir a la <a href=\"https:\/\/ec.europa.eu\/consumers\/odr\/main\/index.cfm?event=main.home2.show&amp;lng=EN\" target=\"_blank\" rel=\"noreferrer noopener\">Plataforma de Resoluci\u00f3n de Litigios en L\u00ednea de la<\/a> UE.<\/li>\n<\/ul>\n","protected":false},"excerpt":{"rendered":"<p>El propietario de la tienda online Nordicbags (en adelante, la tienda online) es LIFTSPARK O\u00dc (14972020), Ahtri tn 6a Kesklinna linnaosa, Tallinn Harju maakond 10151. Duraci\u00f3n del contrato de venta e informaci\u00f3n sobre productos y precios Hacer un pedido Entrega Derecho de retractaci\u00f3n Derecho a presentar una denuncia Resoluci\u00f3n de litigios<\/p>\n","protected":false},"author":1,"featured_media":0,"parent":0,"menu_order":0,"comment_status":"closed","ping_status":"closed","template":"","meta":{"_acf_changed":false,"footnotes":""},"class_list":["post-6033","page","type-page","status-publish","hentry"],"acf":[],"_links":{"self":[{"href":"https:\/\/nordicbags.eu\/es\/wp-json\/wp\/v2\/pages\/6033","targetHints":{"allow":["GET"]}}],"collection":[{"href":"https:\/\/nordicbags.eu\/es\/wp-json\/wp\/v2\/pages"}],"about":[{"href":"https:\/\/nordicbags.eu\/es\/wp-json\/wp\/v2\/types\/page"}],"author":[{"embeddable":true,"href":"https:\/\/nordicbags.eu\/es\/wp-json\/wp\/v2\/users\/1"}],"replies":[{"embeddable":true,"href":"https:\/\/nordicbags.eu\/es\/wp-json\/wp\/v2\/comments?post=6033"}],"version-history":[{"count":2,"href":"https:\/\/nordicbags.eu\/es\/wp-json\/wp\/v2\/pages\/6033\/revisions"}],"predecessor-version":[{"id":6299,"href":"https:\/\/nordicbags.eu\/es\/wp-json\/wp\/v2\/pages\/6033\/revisions\/6299"}],"wp:attachment":[{"href":"https:\/\/nordicbags.eu\/es\/wp-json\/wp\/v2\/media?parent=6033"}],"curies":[{"name":"wp","href":"https:\/\/api.w.org\/{rel}","templated":true}]}}