{"id":6036,"date":"2023-02-27T23:18:18","date_gmt":"2023-02-27T23:18:18","guid":{"rendered":"https:\/\/nordicbags.eu\/responsilbe-tote-mostaza\/"},"modified":"2023-04-13T05:22:46","modified_gmt":"2023-04-13T05:22:46","slug":"responsilbe-tote-mostaza","status":"publish","type":"product","link":"https:\/\/nordicbags.eu\/es\/producto\/responsilbe-tote-mostaza\/","title":{"rendered":"Responsilbe Tote &#8211; Mostaza"},"content":{"rendered":"","protected":false},"excerpt":{"rendered":"<div class=\"entry-content\">\n<p><strong>El Responsible Tote<\/strong> est\u00e1 creado con lona de algod\u00f3n brit\u00e1nico, dise\u00f1ado y fabricado en Estonia.<\/p>\n<p>Ya sea para un viaje de fin de semana al campo, una escapada de unos d\u00edas a la ciudad en Europa o los recados diarios, Responsible Tote es ideal para ambos prop\u00f3sitos. Hemos o\u00eddo que las asas cortas y largas, el bolsillo interior para la cartera o el tel\u00e9fono y el im\u00e1n que se cierra en la parte superior crean un bolso tan agradable que es dif\u00edcil salir de casa sin \u00e9l. Tiene capacidad para un port\u00e1til de 15&#8243;, un jersey, una botella de agua y mucho m\u00e1s.<\/p>\n<ul>\n<li>Material: Lona de algod\u00f3n 100%<\/li>\n<li>Tama\u00f1o: 31\/47 cm x 14,5 cm x 33 cm<\/li>\n<li>Acabado hidr\u00f3fugo (no encerado)<\/li>\n<li>Presentado en una bolsa de regalo de lona reutilizable<\/li>\n<li>Dise\u00f1ado y fabricado en Estonia<\/li>\n<\/ul>\n<\/div>\n","protected":false},"featured_media":5176,"comment_status":"open","ping_status":"closed","template":"","meta":{"_acf_changed":false},"pwb-brand":[293],"product_brand":[],"product_cat":[241,243],"product_tag":[],"class_list":{"0":"post-6036","1":"product","2":"type-product","3":"status-publish","4":"has-post-thumbnail","6":"pwb-brand-craftory-es","7":"product_cat-bolsas-de-viaje","8":"product_cat-bolsos-de-mano","10":"first","11":"outofstock","12":"taxable","13":"shipping-taxable","14":"purchasable","15":"product-type-simple"},"acf":[],"brands":[{"id":293,"name":"Craftory","slug":"craftory-es"}],"_links":{"self":[{"href":"https:\/\/nordicbags.eu\/es\/wp-json\/wp\/v2\/product\/6036","targetHints":{"allow":["GET"]}}],"collection":[{"href":"https:\/\/nordicbags.eu\/es\/wp-json\/wp\/v2\/product"}],"about":[{"href":"https:\/\/nordicbags.eu\/es\/wp-json\/wp\/v2\/types\/product"}],"replies":[{"embeddable":true,"href":"https:\/\/nordicbags.eu\/es\/wp-json\/wp\/v2\/comments?post=6036"}],"wp:featuredmedia":[{"embeddable":true,"href":"https:\/\/nordicbags.eu\/es\/wp-json\/wp\/v2\/media\/5176"}],"wp:attachment":[{"href":"https:\/\/nordicbags.eu\/es\/wp-json\/wp\/v2\/media?parent=6036"}],"wp:term":[{"taxonomy":"pwb-brand","embeddable":true,"href":"https:\/\/nordicbags.eu\/es\/wp-json\/wp\/v2\/pwb-brand?post=6036"},{"taxonomy":"product_brand","embeddable":true,"href":"https:\/\/nordicbags.eu\/es\/wp-json\/wp\/v2\/product_brand?post=6036"},{"taxonomy":"product_cat","embeddable":true,"href":"https:\/\/nordicbags.eu\/es\/wp-json\/wp\/v2\/product_cat?post=6036"},{"taxonomy":"product_tag","embeddable":true,"href":"https:\/\/nordicbags.eu\/es\/wp-json\/wp\/v2\/product_tag?post=6036"}],"curies":[{"name":"wp","href":"https:\/\/api.w.org\/{rel}","templated":true}]}}