{"id":6050,"date":"2023-02-27T23:32:14","date_gmt":"2023-02-27T23:32:14","guid":{"rendered":"https:\/\/nordicbags.eu\/gran-mochila-negro\/"},"modified":"2023-04-13T05:22:53","modified_gmt":"2023-04-13T05:22:53","slug":"gran-camion-negro","status":"publish","type":"product","link":"https:\/\/nordicbags.eu\/es\/producto\/gran-camion-negro\/","title":{"rendered":"Gran mochila &#8211; Negro"},"content":{"rendered":"","protected":false},"excerpt":{"rendered":"<div class=\"entry-content\">\n<p><strong>La mochila Great Rucksack<\/strong> le permite llevar su negocio absolutamente a cualquier parte, siendo a la vez elegante en el trabajo y elegante en la calle. Las dos correas ajustables para el hombro permiten alternar entre las configuraciones de mochila, bandolera y bandolera, y los laterales en forma de gota de lluvia aumentan la capacidad.<\/p>\n<p>La mochila Great Rucksack ofrece una gran variedad de pr\u00e1cticas opciones de almacenamiento, con una funda interior para port\u00e1tiles de hasta 15&#8243;, un bolsillo seguro con cremallera para lo m\u00e1s valioso y un bolsillo exterior de acceso r\u00e1pido con llavero incorporado para las cosas que necesites sobre la marcha.<\/p>\n<p>Craftory fabrica accesorios minimalistas hechos a mano de forma justa para las personas y el medio ambiente. Los bolsos est\u00e1n hechos a mano de forma responsable en Estonia, Tartu, por profesionales experimentados que cobran salarios justos.<\/p>\n<ul>\n<li>Material: cuero de curtido ecol\u00f3gico<\/li>\n<li>Tama\u00f1o: 41 cm x 31 cm x 13 cm<\/li>\n<li>Tirantes ajustables<\/li>\n<li>Presentado en una bolsa de regalo de lona reutilizable<\/li>\n<li>Dise\u00f1ado y fabricado en Estonia<\/li>\n<\/ul>\n<\/div>\n","protected":false},"featured_media":5226,"comment_status":"open","ping_status":"closed","template":"","meta":{"_acf_changed":false},"pwb-brand":[293],"product_brand":[],"product_cat":[249,242],"product_tag":[],"class_list":{"0":"post-6050","1":"product","2":"type-product","3":"status-publish","4":"has-post-thumbnail","6":"pwb-brand-craftory-es","7":"product_cat-bolsos-de-piel","8":"product_cat-mochilas-y-mochilas-de-dia","10":"first","11":"outofstock","12":"taxable","13":"shipping-taxable","14":"purchasable","15":"product-type-simple"},"acf":[],"brands":[{"id":293,"name":"Craftory","slug":"craftory-es"}],"_links":{"self":[{"href":"https:\/\/nordicbags.eu\/es\/wp-json\/wp\/v2\/product\/6050","targetHints":{"allow":["GET"]}}],"collection":[{"href":"https:\/\/nordicbags.eu\/es\/wp-json\/wp\/v2\/product"}],"about":[{"href":"https:\/\/nordicbags.eu\/es\/wp-json\/wp\/v2\/types\/product"}],"replies":[{"embeddable":true,"href":"https:\/\/nordicbags.eu\/es\/wp-json\/wp\/v2\/comments?post=6050"}],"wp:featuredmedia":[{"embeddable":true,"href":"https:\/\/nordicbags.eu\/es\/wp-json\/wp\/v2\/media\/5226"}],"wp:attachment":[{"href":"https:\/\/nordicbags.eu\/es\/wp-json\/wp\/v2\/media?parent=6050"}],"wp:term":[{"taxonomy":"pwb-brand","embeddable":true,"href":"https:\/\/nordicbags.eu\/es\/wp-json\/wp\/v2\/pwb-brand?post=6050"},{"taxonomy":"product_brand","embeddable":true,"href":"https:\/\/nordicbags.eu\/es\/wp-json\/wp\/v2\/product_brand?post=6050"},{"taxonomy":"product_cat","embeddable":true,"href":"https:\/\/nordicbags.eu\/es\/wp-json\/wp\/v2\/product_cat?post=6050"},{"taxonomy":"product_tag","embeddable":true,"href":"https:\/\/nordicbags.eu\/es\/wp-json\/wp\/v2\/product_tag?post=6050"}],"curies":[{"name":"wp","href":"https:\/\/api.w.org\/{rel}","templated":true}]}}