{"id":6054,"date":"2023-02-27T23:19:48","date_gmt":"2023-02-27T23:19:48","guid":{"rendered":"https:\/\/nordicbags.eu\/gran-saco-negro\/"},"modified":"2026-03-06T22:38:24","modified_gmt":"2026-03-06T22:38:24","slug":"gran-saco-negro","status":"publish","type":"product","link":"https:\/\/nordicbags.eu\/es\/producto\/gran-saco-negro\/","title":{"rendered":"Gran saco &#8211; Negro"},"content":{"rendered":"","protected":false},"excerpt":{"rendered":"<div class=\"entry-content\">\n<p><strong>Great Sack<\/strong> es nuestra versi\u00f3n moderna de un viejo cl\u00e1sico. Una cartera de cuero dise\u00f1ada y fabricada originalmente para el Primer Ministro de Estonia. Una historia real.<\/p>\n<p>En cierta ocasi\u00f3n, el Primer Ministro de Estonia se acerc\u00f3 a Mihkel, fundador de Craftory, en el aeropuerto de Tallin y le pregunt\u00f3 d\u00f3nde pod\u00eda conseguir el bolso que llevaba Mihkel (un prototipo que Craftory dej\u00f3 de desarrollar por considerarlo demasiado anticuado). Evidentemente, no pod\u00edamos aplazar m\u00e1s el acabado de una bolsa que despertaba la curiosidad del Primer Ministro. Y pronto el Gran Saco estuvo disponible para todo el mundo: no hace falta ser pol\u00edtico para hacerse con \u00e9l.<\/p>\n<p>La Great Sack dispone de un compartimento independiente para un port\u00e1til de hasta 15&#8243; en el compartimento principal, 2 bolsillos para port\u00e1tiles o smartphones en el compartimento delantero y 2 portabol\u00edgrafos en el compartimento delantero . Bandolera ajustable con hombrera.<\/p>\n<p>Craftory fabrica accesorios minimalistas hechos a mano de forma justa para las personas y el medio ambiente. Los bolsos est\u00e1n hechos a mano de forma responsable en Estonia, Tartu, por profesionales experimentados que cobran salarios justos.<\/p>\n<ul>\n<li>Material: cuero de curtido ecol\u00f3gico<\/li>\n<li>Tama\u00f1o: 39 cm x 30 cm x 10 cm<\/li>\n<li>Longitud de la correa: 70-100 cm<\/li>\n<li>Presentado en una bolsa de regalo de lona reutilizable<\/li>\n<li>Dise\u00f1ado y fabricado en Estonia<\/li>\n<\/ul>\n<\/div>\n","protected":false},"featured_media":5215,"comment_status":"open","ping_status":"closed","template":"","meta":{"_acf_changed":false},"pwb-brand":[293],"product_brand":[],"product_cat":[249,262],"product_tag":[],"class_list":{"0":"post-6054","1":"product","2":"type-product","3":"status-publish","4":"has-post-thumbnail","6":"pwb-brand-craftory-es","7":"product_cat-bolsos-de-piel","8":"product_cat-maletines","10":"first","11":"outofstock","12":"taxable","13":"shipping-taxable","14":"purchasable","15":"product-type-simple"},"acf":[],"brands":[{"id":293,"name":"Craftory","slug":"craftory-es"}],"_links":{"self":[{"href":"https:\/\/nordicbags.eu\/es\/wp-json\/wp\/v2\/product\/6054","targetHints":{"allow":["GET"]}}],"collection":[{"href":"https:\/\/nordicbags.eu\/es\/wp-json\/wp\/v2\/product"}],"about":[{"href":"https:\/\/nordicbags.eu\/es\/wp-json\/wp\/v2\/types\/product"}],"replies":[{"embeddable":true,"href":"https:\/\/nordicbags.eu\/es\/wp-json\/wp\/v2\/comments?post=6054"}],"wp:featuredmedia":[{"embeddable":true,"href":"https:\/\/nordicbags.eu\/es\/wp-json\/wp\/v2\/media\/5215"}],"wp:attachment":[{"href":"https:\/\/nordicbags.eu\/es\/wp-json\/wp\/v2\/media?parent=6054"}],"wp:term":[{"taxonomy":"pwb-brand","embeddable":true,"href":"https:\/\/nordicbags.eu\/es\/wp-json\/wp\/v2\/pwb-brand?post=6054"},{"taxonomy":"product_brand","embeddable":true,"href":"https:\/\/nordicbags.eu\/es\/wp-json\/wp\/v2\/product_brand?post=6054"},{"taxonomy":"product_cat","embeddable":true,"href":"https:\/\/nordicbags.eu\/es\/wp-json\/wp\/v2\/product_cat?post=6054"},{"taxonomy":"product_tag","embeddable":true,"href":"https:\/\/nordicbags.eu\/es\/wp-json\/wp\/v2\/product_tag?post=6054"}],"curies":[{"name":"wp","href":"https:\/\/api.w.org\/{rel}","templated":true}]}}