{"id":6055,"date":"2023-02-27T23:19:30","date_gmt":"2023-02-27T23:19:30","guid":{"rendered":"https:\/\/nordicbags.eu\/tour-portemonnaie-cognac\/"},"modified":"2025-05-30T02:22:06","modified_gmt":"2025-05-30T02:22:06","slug":"tour-portemonnaie-cognac","status":"publish","type":"product","link":"https:\/\/nordicbags.eu\/es\/producto\/tour-portemonnaie-cognac\/","title":{"rendered":"Tour Portemonnaie &#8211; Cognac"},"content":{"rendered":"","protected":false},"excerpt":{"rendered":"<div class=\"entry-content\">\n<p>Conozca a su nuevo mejor amigo<strong> Tour Portemonnaie<\/strong> para ese viaje alrededor del mundo que ha estado planeando. O ya sabes, cualquier viaje.<\/p>\n<p>Este viejo vagabundo ha estado en muchos lugares del mundo acompa\u00f1ado de muchos pasaportes diferentes. Puede llevar unas cuantas tarjetas de cr\u00e9dito y tambi\u00e9n la tarjeta de embarque, sin ning\u00fan problema. El objetivo de Tour Portemonnaie es reducir el estr\u00e9s de los aeropuertos reuniendo en un solo lugar todo lo esencial. Ah, y no te preocupes, \u00a1tampoco empezar\u00e1 a hacer ruidos raros en el control de seguridad!<\/p>\n<p>Craftory fabrica accesorios minimalistas hechos a mano de forma justa para las personas y el medio ambiente. Los bolsos est\u00e1n hechos a mano de forma responsable en Estonia, Tartu, por profesionales experimentados que cobran salarios justos.<\/p>\n<ul>\n<li>Material: cuero de curtido ecol\u00f3gico<\/li>\n<li>Tama\u00f1o: 14 cm x 9,8 cm<\/li>\n<li>2 ranuras para tarjetas de f\u00e1cil acceso<\/li>\n<li>Presentado en una bolsa de regalo de lona reutilizable<\/li>\n<li>Dise\u00f1ado y fabricado en Estonia<\/li>\n<\/ul>\n<\/div>\n","protected":false},"featured_media":5211,"comment_status":"open","ping_status":"closed","template":"","meta":{"_acf_changed":false},"pwb-brand":[293],"product_brand":[],"product_cat":[257,255,258,256],"product_tag":[],"class_list":{"0":"post-6055","1":"product","2":"type-product","3":"status-publish","4":"has-post-thumbnail","6":"pwb-brand-craftory-es","7":"product_cat-billeteros-y-carteras-de-hombre","8":"product_cat-billeteros-y-tarjeteros","9":"product_cat-tarjeteros","10":"product_cat-tarjeteros-de-piel","12":"first","13":"outofstock","14":"taxable","15":"shipping-taxable","16":"purchasable","17":"product-type-simple"},"acf":[],"brands":[{"id":293,"name":"Craftory","slug":"craftory-es"}],"_links":{"self":[{"href":"https:\/\/nordicbags.eu\/es\/wp-json\/wp\/v2\/product\/6055","targetHints":{"allow":["GET"]}}],"collection":[{"href":"https:\/\/nordicbags.eu\/es\/wp-json\/wp\/v2\/product"}],"about":[{"href":"https:\/\/nordicbags.eu\/es\/wp-json\/wp\/v2\/types\/product"}],"replies":[{"embeddable":true,"href":"https:\/\/nordicbags.eu\/es\/wp-json\/wp\/v2\/comments?post=6055"}],"wp:featuredmedia":[{"embeddable":true,"href":"https:\/\/nordicbags.eu\/es\/wp-json\/wp\/v2\/media\/5211"}],"wp:attachment":[{"href":"https:\/\/nordicbags.eu\/es\/wp-json\/wp\/v2\/media?parent=6055"}],"wp:term":[{"taxonomy":"pwb-brand","embeddable":true,"href":"https:\/\/nordicbags.eu\/es\/wp-json\/wp\/v2\/pwb-brand?post=6055"},{"taxonomy":"product_brand","embeddable":true,"href":"https:\/\/nordicbags.eu\/es\/wp-json\/wp\/v2\/product_brand?post=6055"},{"taxonomy":"product_cat","embeddable":true,"href":"https:\/\/nordicbags.eu\/es\/wp-json\/wp\/v2\/product_cat?post=6055"},{"taxonomy":"product_tag","embeddable":true,"href":"https:\/\/nordicbags.eu\/es\/wp-json\/wp\/v2\/product_tag?post=6055"}],"curies":[{"name":"wp","href":"https:\/\/api.w.org\/{rel}","templated":true}]}}