{"id":6060,"date":"2023-02-27T23:33:09","date_gmt":"2023-02-27T23:33:09","guid":{"rendered":"https:\/\/nordicbags.eu\/gran-modelo-clutch-cookie\/"},"modified":"2023-04-13T05:22:59","modified_gmt":"2023-04-13T05:22:59","slug":"gran-modelo-embrague-cookie","status":"publish","type":"product","link":"https:\/\/nordicbags.eu\/es\/producto\/gran-modelo-embrague-cookie\/","title":{"rendered":"Gran modelo Clutch &#8211; Cookie"},"content":{"rendered":"","protected":false},"excerpt":{"rendered":"<div class=\"entry-content\">\n<p>La reina de los clutchs &#8211; el sue\u00f1o de toda mujer en color Cookie de colecci\u00f3n especial.<\/p>\n<p>El <strong>embrague Great Model<\/strong> es chic y atemporal. Caben todas tus necesidades. \u00c1bralo como un sobre y disfrute del espacioso interior sin bolsillos-aditivos innecesarios.<\/p>\n<p>La serie de cuero Cookie es una colecci\u00f3n especial, su cuero de color crema claro atrae a cualquiera que la vea. Lo mismo ocurre en 5 a\u00f1os, ya que el cuero ha sido procesado sint\u00e9ticamente para ralentizar el envejecimiento.<\/p>\n<p>Craftory fabrica accesorios minimalistas hechos a mano de forma justa para las personas y el medio ambiente. Los bolsos est\u00e1n hechos a mano de forma responsable en Estonia, Tartu, por profesionales experimentados que cobran salarios justos.<\/p>\n<ul>\n<li>Material: cuero de curtido ecol\u00f3gico<\/li>\n<li>Tama\u00f1o: 25 cm x 15 cm x 2,5 cm<\/li>\n<li>Presentado en una bolsa de regalo de lona reutilizable<\/li>\n<li>Dise\u00f1ado y fabricado en Estonia<\/li>\n<\/ul>\n<\/div>\n","protected":false},"featured_media":5248,"comment_status":"open","ping_status":"closed","template":"","meta":{"_acf_changed":false},"pwb-brand":[293],"product_brand":[],"product_cat":[251,249],"product_tag":[],"class_list":{"0":"post-6060","1":"product","2":"type-product","3":"status-publish","4":"has-post-thumbnail","6":"pwb-brand-craftory-es","7":"product_cat-bolsos","8":"product_cat-bolsos-de-piel","10":"first","11":"outofstock","12":"taxable","13":"shipping-taxable","14":"purchasable","15":"product-type-simple"},"acf":[],"brands":[{"id":293,"name":"Craftory","slug":"craftory-es"}],"_links":{"self":[{"href":"https:\/\/nordicbags.eu\/es\/wp-json\/wp\/v2\/product\/6060","targetHints":{"allow":["GET"]}}],"collection":[{"href":"https:\/\/nordicbags.eu\/es\/wp-json\/wp\/v2\/product"}],"about":[{"href":"https:\/\/nordicbags.eu\/es\/wp-json\/wp\/v2\/types\/product"}],"replies":[{"embeddable":true,"href":"https:\/\/nordicbags.eu\/es\/wp-json\/wp\/v2\/comments?post=6060"}],"wp:featuredmedia":[{"embeddable":true,"href":"https:\/\/nordicbags.eu\/es\/wp-json\/wp\/v2\/media\/5248"}],"wp:attachment":[{"href":"https:\/\/nordicbags.eu\/es\/wp-json\/wp\/v2\/media?parent=6060"}],"wp:term":[{"taxonomy":"pwb-brand","embeddable":true,"href":"https:\/\/nordicbags.eu\/es\/wp-json\/wp\/v2\/pwb-brand?post=6060"},{"taxonomy":"product_brand","embeddable":true,"href":"https:\/\/nordicbags.eu\/es\/wp-json\/wp\/v2\/product_brand?post=6060"},{"taxonomy":"product_cat","embeddable":true,"href":"https:\/\/nordicbags.eu\/es\/wp-json\/wp\/v2\/product_cat?post=6060"},{"taxonomy":"product_tag","embeddable":true,"href":"https:\/\/nordicbags.eu\/es\/wp-json\/wp\/v2\/product_tag?post=6060"}],"curies":[{"name":"wp","href":"https:\/\/api.w.org\/{rel}","templated":true}]}}