{"id":6061,"date":"2023-02-27T23:33:49","date_gmt":"2023-02-27T23:33:49","guid":{"rendered":"https:\/\/nordicbags.eu\/gran-cubo-modelo-conac\/"},"modified":"2023-04-13T05:23:00","modified_gmt":"2023-04-13T05:23:00","slug":"gran-modelo-cubo-cognac","status":"publish","type":"product","link":"https:\/\/nordicbags.eu\/es\/producto\/gran-modelo-cubo-cognac\/","title":{"rendered":"Gran Cubo Modelo &#8211; Co\u00f1ac"},"content":{"rendered":"","protected":false},"excerpt":{"rendered":"<div class=\"entry-content\">\n<p>Incre\u00edble forma minimalista y pr\u00e1cticas funciones dise\u00f1adas para guardar con estilo sus pertenencias esenciales diarias.<\/p>\n<p><strong>Great Model Bucket<\/strong> de Craftory es un bolso cl\u00e1sico en el fondo y funcional en el tama\u00f1o. La parte superior redonda y ancha permite un espacio de almacenamiento significativamente mayor que el de una bolsa tote t\u00edpica. Cabe la botella de agua, el port\u00e1til de 13&#8243;, la cartera y mucho m\u00e1s. Tiene un cierre magn\u00e9tico para facilitar el acceso y dos asas superiores para llevar. Disponible con una correa ajustable para llevarla al hombro o cruzada. Y un peque\u00f1o bolsillo interior guarda las llaves y la barra de labios.<\/p>\n<p class=\"p1\">Craftory fabrica accesorios minimalistas hechos a mano de forma justa para las personas y el medio ambiente. Los bolsos est\u00e1n hechos a mano de forma responsable en Estonia, Tartu, por profesionales experimentados que cobran salarios justos.<\/p>\n<ul>\n<li>Material: cuero de curtido ecol\u00f3gico<\/li>\n<li>Tama\u00f1o: 27 cm x 46 cm x 14 cm<\/li>\n<li>Presentado en una bolsa de regalo de lona reutilizable<\/li>\n<li>Garant\u00eda de por vida<\/li>\n<li>Dise\u00f1ado y fabricado en Estonia<\/li>\n<\/ul>\n<\/div>\n","protected":false},"featured_media":5259,"comment_status":"open","ping_status":"closed","template":"","meta":{"_acf_changed":false},"pwb-brand":[293],"product_brand":[],"product_cat":[251,249],"product_tag":[],"class_list":{"0":"post-6061","1":"product","2":"type-product","3":"status-publish","4":"has-post-thumbnail","6":"pwb-brand-craftory-es","7":"product_cat-bolsos","8":"product_cat-bolsos-de-piel","9":"product_shipping_class-regular-es","11":"first","12":"outofstock","13":"taxable","14":"shipping-taxable","15":"purchasable","16":"product-type-simple"},"acf":[],"brands":[{"id":293,"name":"Craftory","slug":"craftory-es"}],"_links":{"self":[{"href":"https:\/\/nordicbags.eu\/es\/wp-json\/wp\/v2\/product\/6061","targetHints":{"allow":["GET"]}}],"collection":[{"href":"https:\/\/nordicbags.eu\/es\/wp-json\/wp\/v2\/product"}],"about":[{"href":"https:\/\/nordicbags.eu\/es\/wp-json\/wp\/v2\/types\/product"}],"replies":[{"embeddable":true,"href":"https:\/\/nordicbags.eu\/es\/wp-json\/wp\/v2\/comments?post=6061"}],"wp:featuredmedia":[{"embeddable":true,"href":"https:\/\/nordicbags.eu\/es\/wp-json\/wp\/v2\/media\/5259"}],"wp:attachment":[{"href":"https:\/\/nordicbags.eu\/es\/wp-json\/wp\/v2\/media?parent=6061"}],"wp:term":[{"taxonomy":"pwb-brand","embeddable":true,"href":"https:\/\/nordicbags.eu\/es\/wp-json\/wp\/v2\/pwb-brand?post=6061"},{"taxonomy":"product_brand","embeddable":true,"href":"https:\/\/nordicbags.eu\/es\/wp-json\/wp\/v2\/product_brand?post=6061"},{"taxonomy":"product_cat","embeddable":true,"href":"https:\/\/nordicbags.eu\/es\/wp-json\/wp\/v2\/product_cat?post=6061"},{"taxonomy":"product_tag","embeddable":true,"href":"https:\/\/nordicbags.eu\/es\/wp-json\/wp\/v2\/product_tag?post=6061"}],"curies":[{"name":"wp","href":"https:\/\/api.w.org\/{rel}","templated":true}]}}