{"id":6065,"date":"2023-02-27T23:34:47","date_gmt":"2023-02-27T23:34:47","guid":{"rendered":"https:\/\/nordicbags.eu\/bolso-accesorios-bebe-cappuccino\/"},"modified":"2024-08-20T05:41:16","modified_gmt":"2024-08-20T05:41:16","slug":"bolsa-accesorios-bebe-cappuccino","status":"publish","type":"product","link":"https:\/\/nordicbags.eu\/es\/producto\/bolsa-accesorios-bebe-cappuccino\/","title":{"rendered":"Bolso accesorios beb\u00e9 &#8211; Cappuccino"},"content":{"rendered":"","protected":false},"excerpt":{"rendered":"<p>Conoce el bolso \u00c4lly <strong>Cappuccino<\/strong>, la elegante y c\u00f3moda marca estonia en la que cabe sorprendentemente todo lo que necesitas. El <strong><strong>Capuchino<\/strong><\/strong> es un bolso elegante y vers\u00e1til, el accesorio perfecto para las madres ocupadas que se desplazan. Fabricado en piel vegana PU de alta calidad, este bolso es a la vez elegante y pr\u00e1ctico. El material duradero es ligero, lo que facilita su transporte, y tambi\u00e9n es f\u00e1cil de mantener, lo que garantiza su buen aspecto durante a\u00f1os. Con un interior espacioso, en este bolso caben todos los art\u00edculos de uso diario, incluidos accesorios para el beb\u00e9 como pa\u00f1ales y juguetes. Adem\u00e1s, hay un bolsillo especial dise\u00f1ado para guardar toallitas h\u00famedas, lo que facilita la limpieza de cualquier suciedad o derrame. La bolsa cuenta con una correa larga y otra peque\u00f1a para la mu\u00f1eca, lo que le da flexibilidad para llevarla de la forma que mejor se adapte a sus necesidades. La correa larga permite llevar la bolsa cruzada, manteniendo las manos libres, mientras que la correa de mu\u00f1eca es perfecta para llevar la bolsa en la mano o en la mu\u00f1eca. Ya sea para un d\u00eda de recados o para una escapada de fin de semana, este vers\u00e1til bolso es perfecto para ti.<\/p>\n<p>\u00c4lly es una marca creada por una Silja que, como madre en constante movimiento, luchaba por encontrar productos que satisficieran tanto sus necesidades funcionales como madre como su deseo de accesorios con estilo, lo que dio como resultado una l\u00ednea de bolsos vers\u00e1tiles y a la moda dise\u00f1ados para adaptarse a todos los elementos esenciales de una mujer moderna.  <\/p>\n<ul>\n<li>Dise\u00f1ado y desarrollado en Estonia<\/li>\n<li>Muy ligero &#8211; pesa s\u00f3lo 0,3 kg<\/li>\n<li>Bolsillo extra\u00edble para toallitas h\u00famedas<\/li>\n<li>Incluye correa para el hombro y la mu\u00f1eca<\/li>\n<\/ul>\n","protected":false},"featured_media":5316,"comment_status":"open","ping_status":"closed","template":"","meta":{"_acf_changed":false},"pwb-brand":[294],"product_brand":[],"product_cat":[263,251],"product_tag":[],"class_list":{"0":"post-6065","1":"product","2":"type-product","3":"status-publish","4":"has-post-thumbnail","6":"pwb-brand-ally-es","7":"product_cat-bolsas-para-panales","8":"product_cat-bolsos","9":"product_shipping_class-regular-es","11":"first","12":"instock","13":"taxable","14":"shipping-taxable","15":"purchasable","16":"product-type-simple"},"acf":[],"brands":[{"id":294,"name":"\u00c4lly","slug":"ally-es"}],"_links":{"self":[{"href":"https:\/\/nordicbags.eu\/es\/wp-json\/wp\/v2\/product\/6065","targetHints":{"allow":["GET"]}}],"collection":[{"href":"https:\/\/nordicbags.eu\/es\/wp-json\/wp\/v2\/product"}],"about":[{"href":"https:\/\/nordicbags.eu\/es\/wp-json\/wp\/v2\/types\/product"}],"replies":[{"embeddable":true,"href":"https:\/\/nordicbags.eu\/es\/wp-json\/wp\/v2\/comments?post=6065"}],"wp:featuredmedia":[{"embeddable":true,"href":"https:\/\/nordicbags.eu\/es\/wp-json\/wp\/v2\/media\/5316"}],"wp:attachment":[{"href":"https:\/\/nordicbags.eu\/es\/wp-json\/wp\/v2\/media?parent=6065"}],"wp:term":[{"taxonomy":"pwb-brand","embeddable":true,"href":"https:\/\/nordicbags.eu\/es\/wp-json\/wp\/v2\/pwb-brand?post=6065"},{"taxonomy":"product_brand","embeddable":true,"href":"https:\/\/nordicbags.eu\/es\/wp-json\/wp\/v2\/product_brand?post=6065"},{"taxonomy":"product_cat","embeddable":true,"href":"https:\/\/nordicbags.eu\/es\/wp-json\/wp\/v2\/product_cat?post=6065"},{"taxonomy":"product_tag","embeddable":true,"href":"https:\/\/nordicbags.eu\/es\/wp-json\/wp\/v2\/product_tag?post=6065"}],"curies":[{"name":"wp","href":"https:\/\/api.w.org\/{rel}","templated":true}]}}