{"id":6070,"date":"2023-02-27T23:35:24","date_gmt":"2023-02-27T23:35:24","guid":{"rendered":"https:\/\/nordicbags.eu\/tarjetero-de-pizarra-black-coal\/"},"modified":"2025-05-29T12:50:48","modified_gmt":"2025-05-29T12:50:48","slug":"negro-carbon","status":"publish","type":"product","link":"https:\/\/nordicbags.eu\/es\/producto\/negro-carbon\/","title":{"rendered":"Tarjetero de pizarra &#8211; Black Coal"},"content":{"rendered":"","protected":false},"excerpt":{"rendered":"<div class=\"entry-content\">\n<div class=\"entry-content\">\n<div class=\"entry-content\">\n<p>Experimente la belleza de la naturaleza en su bolsillo con <strong>el Carb\u00f3n Negro<\/strong> (Tume S\u00fcsi)<\/p>\n<p>El tarjetero met\u00e1lico combina la belleza de la naturaleza con un dise\u00f1o moderno. Elaborada con pizarra natural, que se forma en las profundidades del subsuelo a lo largo de millones de a\u00f1os a partir de arcilla, ceniza volc\u00e1nica y otras rocas de textura fina, esta cartera es una obra maestra de las maravillas de la naturaleza.<\/p>\n<p>Nuestra cartera no s\u00f3lo es elegante y \u00fanica, sino tambi\u00e9n respetuosa con el medio ambiente, con un dise\u00f1o minimalista cercano a la naturaleza. Estamos orgullosos de nuestro compromiso con la sostenibilidad, y por eso hemos envasado el Black Coal \u00edntegramente con materiales ecol\u00f3gicos.<\/p>\n<ul>\n<li>Fabricado en Estonia<\/li>\n<li>Se puede pedir con o sin el clip<\/li>\n<li>Resistente tarjetero de aluminio combinado con un dise\u00f1o exterior de pizarra<\/li>\n<li>Puede alojar c\u00f3modamente hasta 12 tarjetas<\/li>\n<li>El producto ofrece tecnolog\u00eda de bloqueo RFID, que le protege de los robos sin contacto<\/li>\n<li>Los productos Seif se envasan con materiales totalmente ecol\u00f3gicos<\/li>\n<\/ul>\n<\/div>\n<\/div>\n<\/div>\n","protected":false},"featured_media":5339,"comment_status":"open","ping_status":"closed","template":"","meta":{"_acf_changed":false},"pwb-brand":[292],"product_brand":[],"product_cat":[257,258],"product_tag":[],"class_list":{"0":"post-6070","1":"product","2":"type-product","3":"status-publish","4":"has-post-thumbnail","6":"pwb-brand-seif-design-es","7":"product_cat-billeteros-y-carteras-de-hombre","8":"product_cat-tarjeteros","9":"product_shipping_class-regular-es","11":"first","12":"instock","13":"taxable","14":"shipping-taxable","15":"purchasable","16":"product-type-variable"},"acf":[],"brands":[{"id":292,"name":"Seif Design","slug":"seif-design-es"}],"_links":{"self":[{"href":"https:\/\/nordicbags.eu\/es\/wp-json\/wp\/v2\/product\/6070","targetHints":{"allow":["GET"]}}],"collection":[{"href":"https:\/\/nordicbags.eu\/es\/wp-json\/wp\/v2\/product"}],"about":[{"href":"https:\/\/nordicbags.eu\/es\/wp-json\/wp\/v2\/types\/product"}],"replies":[{"embeddable":true,"href":"https:\/\/nordicbags.eu\/es\/wp-json\/wp\/v2\/comments?post=6070"}],"wp:featuredmedia":[{"embeddable":true,"href":"https:\/\/nordicbags.eu\/es\/wp-json\/wp\/v2\/media\/5339"}],"wp:attachment":[{"href":"https:\/\/nordicbags.eu\/es\/wp-json\/wp\/v2\/media?parent=6070"}],"wp:term":[{"taxonomy":"pwb-brand","embeddable":true,"href":"https:\/\/nordicbags.eu\/es\/wp-json\/wp\/v2\/pwb-brand?post=6070"},{"taxonomy":"product_brand","embeddable":true,"href":"https:\/\/nordicbags.eu\/es\/wp-json\/wp\/v2\/product_brand?post=6070"},{"taxonomy":"product_cat","embeddable":true,"href":"https:\/\/nordicbags.eu\/es\/wp-json\/wp\/v2\/product_cat?post=6070"},{"taxonomy":"product_tag","embeddable":true,"href":"https:\/\/nordicbags.eu\/es\/wp-json\/wp\/v2\/product_tag?post=6070"}],"curies":[{"name":"wp","href":"https:\/\/api.w.org\/{rel}","templated":true}]}}