{"id":6076,"date":"2023-02-27T23:34:09","date_gmt":"2023-02-27T23:34:09","guid":{"rendered":"https:\/\/nordicbags.eu\/mochila-para-panales-cafe-negro\/"},"modified":"2024-08-20T05:41:18","modified_gmt":"2024-08-20T05:41:18","slug":"bolso-panal-negro-cafe","status":"publish","type":"product","link":"https:\/\/nordicbags.eu\/es\/producto\/bolso-panal-negro-cafe\/","title":{"rendered":"Mochila para pa\u00f1ales &#8211; Caf\u00e9 negro"},"content":{"rendered":"","protected":false},"excerpt":{"rendered":"<p>Presentamos la espaciosa mochila negra para pa\u00f1ales, dise\u00f1ada y fabricada con orgullo en Estonia. Fabricada pensando en la calidad y la durabilidad, esta bolsa para pa\u00f1ales es la compa\u00f1era perfecta para los padres m\u00e1s ocupados. Fabricada en piel de vacuno PU de alta calidad, esta bolsa es ligera y duradera, y pesa s\u00f3lo 1 kg, lo que facilita su transporte. El dise\u00f1o elegante y moderno de la bolsa es perfecto para cualquier padre preocupado por la moda que quiera destacar. Su color negro a\u00f1ade un toque de elegancia, y su espacioso interior ofrece mucho espacio para todos los art\u00edculos esenciales de tu beb\u00e9. Nunca tendr\u00e1s que preocuparte por quedarte sin espacio con esta mochila para pa\u00f1ales. Una de las mejores caracter\u00edsticas de esta bolsa es su versatilidad. Cabe f\u00e1cilmente como equipaje de mano en los aviones, por lo que viajar con tu peque\u00f1o no te supondr\u00e1 ning\u00fan problema. Adem\u00e1s, viene con un cambiador de pa\u00f1ales impermeable, para que puedas cambiar el pa\u00f1al de tu beb\u00e9 en cualquier lugar, sin preocuparte de ensuciarlo. La bolsa tambi\u00e9n incluye correas que permiten sujetarla al cochecito, lo que permite tener las manos libres mientras se est\u00e1 fuera de casa. Esta caracter\u00edstica facilita el acceso a todas las necesidades del beb\u00e9 mientras se desplaza. En general, esta espaciosa <strong>bolsa de pa\u00f1ales Black Coffe<\/strong> es imprescindible para cualquier padre que quiera estar elegante, organizado y preparado. Sus materiales de alta calidad, su dise\u00f1o ligero y su versatilidad la convierten en la mejor opci\u00f3n para los padres que se desplazan. Consiga la suya hoy mismo y disfrute de la m\u00e1xima comodidad y estilo en una bolsa para pa\u00f1ales.<\/p>\n<ul>\n<li>Dimensiones 46 x 26 x 16 cm<\/li>\n<li>Dise\u00f1ado y desarrollado en Estonia<\/li>\n<li>Fabricado en cuero vegano PU de calidad y cremalleras -YKK duraderas<\/li>\n<li>Muy ligero, s\u00f3lo pesa 1 kg<\/li>\n<li>Cabe en la mayor\u00eda de los equipajes de mano de las compa\u00f1\u00edas a\u00e9reas<\/li>\n<li>Muy espacioso: 16 bolsillos en total<\/li>\n<li>Bolsillo especial para port\u00e1til<\/li>\n<li>Bolsillo con forro t\u00e9rmico para comida de beb\u00e9<\/li>\n<li>Bolsillo para chupetes<\/li>\n<li>Correas incluidas<\/li>\n<\/ul>\n","protected":false},"featured_media":5264,"comment_status":"open","ping_status":"closed","template":"","meta":{"_acf_changed":false},"pwb-brand":[294],"product_brand":[],"product_cat":[241,263,242],"product_tag":[],"class_list":{"0":"post-6076","1":"product","2":"type-product","3":"status-publish","4":"has-post-thumbnail","6":"pwb-brand-ally-es","7":"product_cat-bolsas-de-viaje","8":"product_cat-bolsas-para-panales","9":"product_cat-mochilas-y-mochilas-de-dia","10":"product_shipping_class-regular-es","12":"first","13":"instock","14":"taxable","15":"shipping-taxable","16":"purchasable","17":"product-type-simple"},"acf":[],"brands":[{"id":294,"name":"\u00c4lly","slug":"ally-es"}],"_links":{"self":[{"href":"https:\/\/nordicbags.eu\/es\/wp-json\/wp\/v2\/product\/6076","targetHints":{"allow":["GET"]}}],"collection":[{"href":"https:\/\/nordicbags.eu\/es\/wp-json\/wp\/v2\/product"}],"about":[{"href":"https:\/\/nordicbags.eu\/es\/wp-json\/wp\/v2\/types\/product"}],"replies":[{"embeddable":true,"href":"https:\/\/nordicbags.eu\/es\/wp-json\/wp\/v2\/comments?post=6076"}],"wp:featuredmedia":[{"embeddable":true,"href":"https:\/\/nordicbags.eu\/es\/wp-json\/wp\/v2\/media\/5264"}],"wp:attachment":[{"href":"https:\/\/nordicbags.eu\/es\/wp-json\/wp\/v2\/media?parent=6076"}],"wp:term":[{"taxonomy":"pwb-brand","embeddable":true,"href":"https:\/\/nordicbags.eu\/es\/wp-json\/wp\/v2\/pwb-brand?post=6076"},{"taxonomy":"product_brand","embeddable":true,"href":"https:\/\/nordicbags.eu\/es\/wp-json\/wp\/v2\/product_brand?post=6076"},{"taxonomy":"product_cat","embeddable":true,"href":"https:\/\/nordicbags.eu\/es\/wp-json\/wp\/v2\/product_cat?post=6076"},{"taxonomy":"product_tag","embeddable":true,"href":"https:\/\/nordicbags.eu\/es\/wp-json\/wp\/v2\/product_tag?post=6076"}],"curies":[{"name":"wp","href":"https:\/\/api.w.org\/{rel}","templated":true}]}}