{"id":6081,"date":"2023-02-27T23:36:30","date_gmt":"2023-02-27T23:36:30","guid":{"rendered":"https:\/\/nordicbags.eu\/bolsa-de-senderismo-alfa-30\/"},"modified":"2024-09-03T15:09:20","modified_gmt":"2024-09-03T15:09:20","slug":"alfa-30-bolsa-de-viaje","status":"publish","type":"product","link":"https:\/\/nordicbags.eu\/es\/producto\/alfa-30-bolsa-de-viaje\/","title":{"rendered":"Bolsa de senderismo Alfa 30"},"content":{"rendered":"","protected":false},"excerpt":{"rendered":"<p><strong>La Alfa 30<\/strong> es una bolsa de senderismo de Matrix Pro que tambi\u00e9n puede utilizarse como mochila de uso diario. As\u00ed que si no te decides a comprar una mochila de senderismo de buena calidad, la Alfa 30 te convencer\u00e1, ya que tambi\u00e9n es adecuada para el uso diario. Si a\u00fan no est\u00e1s convencido, echa un vistazo a las fotos de Riho paseando con Alfa por la calle en Tartu, Estonia. Sin embargo, esta bolsa es especialmente adecuada para el senderismo. Echa un vistazo a las fotos en las que Markus hace una excursi\u00f3n de un d\u00eda con el Alfa. La mochila tiene dos bolsillos interiores para el port\u00e1til, uno m\u00e1s grande y otro m\u00e1s peque\u00f1o. Adem\u00e1s, en el interior hay un bolsillo m\u00e1s peque\u00f1o con cremallera para tus objetos de valor. Hay dos bolsillos largos con cremallera a cada lado de la bolsa, y un bolsillo grande con cremallera debajo de la parte inferior, para zapatos, por ejemplo. Hay otro bolsillo grande con cremallera en la parte superior de la bolsa, que se puede cerrar con un sombrero. En la categor\u00eda de mochilas para senderismo y monta\u00f1ismo, Matrix Pro es la mejor del mundo: incluso los alpinistas estonios <a href=\"https:\/\/en.wikipedia.org\/wiki\/Alar_Sikk\">Alar Sikk<\/a> y <a href=\"https:\/\/et.wikipedia.org\/wiki\/Andras_Kaasik\">Andras Kaasik<\/a> conf\u00edan en las mochilas Matrix Pro. El Alfa 30 est\u00e1 fabricado con <a href=\"https:\/\/cordura.com\/find-your-match?utm_source=google_ads&amp;utm_medium=paid_search&amp;utm_campaign=KCM_Cordura_Google_Ads&amp;gclid=Cj0KCQiA9OiPBhCOARIsAI0y71BjY81W_LghIlVO7a-HlKFfQkZemSx0WqP7okuEmfyPgxzzn6m5e6waAp2REALw_wcB&amp;utm_source=google_ads&amp;utm_medium=paid_search&amp;utm_campaign=KCM_Cordura_Google_Ads&amp;gclid=Cj0KCQiA9OiPBhCOARIsAI0y71BjY81W_LghIlVO7a-HlKFfQkZemSx0WqP7okuEmfyPgxzzn6m5e6waAp2REALw_wcB\">material Cordura<\/a> duradero y es impermeable. La capacidad de la bolsa es de 35 litros y todas las costuras est\u00e1n triplemente cosidas. Esta bolsa le servir\u00e1 durante mucho tiempo, y sus envidiosos amigos pronto querr\u00e1n una igual. No nos importa si no les dices de d\u00f3nde lo has sacado. Esta bolsa es de color negro porque nos gustan las cosas en negro, pero si desea esta bolsa en cualquier otro color, p\u00f3ngase en contacto con nosotros en hello@nordicbags.eu. El color del logotipo tambi\u00e9n es a su elecci\u00f3n, puede ser negro sobre negro, amarillo sobre azul o blanco sobre lienzo rojo, lo que m\u00e1s le convenga.<\/p>\n<ul>\n<li>Fabricado en Cordura resistente<\/li>\n<li>Dimensiones: 15 x 30 x 60 cm.<\/li>\n<li>Capacidad: 35 litros<\/li>\n<li>2 bolsillos interiores para port\u00e1til<\/li>\n<li>1 bolsillo interior m\u00e1s peque\u00f1o con cremallera para objetos de valor.<\/li>\n<li>2 bolsillos largos con cremallera a cada lado de la bolsa<\/li>\n<li>Gran bolsillo con cremallera debajo de la parte inferior<\/li>\n<li>Gran bolsillo con cremallera en la parte superior de la bolsa que se puede cerrar con un sombrero<\/li>\n<li>Adecuado para equipaje de mano<\/li>\n<li>Hecho a mano en Estonia<\/li>\n<\/ul>\n","protected":false},"featured_media":5377,"comment_status":"open","ping_status":"closed","template":"","meta":{"_acf_changed":false},"pwb-brand":[291],"product_brand":[],"product_cat":[241,242],"product_tag":[],"class_list":{"0":"post-6081","1":"product","2":"type-product","3":"status-publish","4":"has-post-thumbnail","6":"pwb-brand-matrix-pro-es","7":"product_cat-bolsas-de-viaje","8":"product_cat-mochilas-y-mochilas-de-dia","10":"first","11":"instock","12":"taxable","13":"shipping-taxable","14":"purchasable","15":"product-type-simple"},"acf":[],"brands":[{"id":291,"name":"Matrix Pro","slug":"matrix-pro-es"}],"_links":{"self":[{"href":"https:\/\/nordicbags.eu\/es\/wp-json\/wp\/v2\/product\/6081","targetHints":{"allow":["GET"]}}],"collection":[{"href":"https:\/\/nordicbags.eu\/es\/wp-json\/wp\/v2\/product"}],"about":[{"href":"https:\/\/nordicbags.eu\/es\/wp-json\/wp\/v2\/types\/product"}],"replies":[{"embeddable":true,"href":"https:\/\/nordicbags.eu\/es\/wp-json\/wp\/v2\/comments?post=6081"}],"wp:featuredmedia":[{"embeddable":true,"href":"https:\/\/nordicbags.eu\/es\/wp-json\/wp\/v2\/media\/5377"}],"wp:attachment":[{"href":"https:\/\/nordicbags.eu\/es\/wp-json\/wp\/v2\/media?parent=6081"}],"wp:term":[{"taxonomy":"pwb-brand","embeddable":true,"href":"https:\/\/nordicbags.eu\/es\/wp-json\/wp\/v2\/pwb-brand?post=6081"},{"taxonomy":"product_brand","embeddable":true,"href":"https:\/\/nordicbags.eu\/es\/wp-json\/wp\/v2\/product_brand?post=6081"},{"taxonomy":"product_cat","embeddable":true,"href":"https:\/\/nordicbags.eu\/es\/wp-json\/wp\/v2\/product_cat?post=6081"},{"taxonomy":"product_tag","embeddable":true,"href":"https:\/\/nordicbags.eu\/es\/wp-json\/wp\/v2\/product_tag?post=6081"}],"curies":[{"name":"wp","href":"https:\/\/api.w.org\/{rel}","templated":true}]}}