{"id":6083,"date":"2023-02-27T23:37:43","date_gmt":"2023-02-27T23:37:43","guid":{"rendered":"https:\/\/nordicbags.eu\/malmo-15-gris\/"},"modified":"2024-09-03T15:20:25","modified_gmt":"2024-09-03T15:20:25","slug":"malmo-15-gris","status":"publish","type":"product","link":"https:\/\/nordicbags.eu\/es\/producto\/malmo-15-gris\/","title":{"rendered":"MALM\u00d6 15 &#8211; Gris"},"content":{"rendered":"","protected":false},"excerpt":{"rendered":"<p>Funda tipo sobre para Macbook Air y Pro.<\/p>\n<p><strong>MALM\u00d6<\/strong>  es sencillo pero recto y funcional para mantener a salvo todos los bienes con un estilo elegante \u00fanico. Guarda tus cables y accesorios en el bolsillo delantero y tu port\u00e1til en el compartimento principal. El fieltro grueso y la alta calidad hacen de esta funda un accesorio seguro. La solapa delantera se cierra con un broche magn\u00e9tico. El fieltro duradero y la fabricaci\u00f3n artesanal hacen de este bolso su compa\u00f1ero diario durante mucho tiempo. Los bolsos de Nordhale son para quienes aprecian la vida lenta y tienen la confianza necesaria para desmarcarse de lo ordinario. 100% hecho a mano en Estonia. Pensado para durar en cualquier condici\u00f3n meteorol\u00f3gica.  <\/p>\n<ul>\n<li>Fieltro PET reciclado<\/li>\n<li>Resistente a la intemperie<\/li>\n<li>100% hecho a mano en Estonia<\/li>\n<li>Se env\u00eda en un paquete ecol\u00f3gico<\/li>\n<li>Dimensiones &#8211; 39,5 x 29 cm (alto, largo)<\/li>\n<li>Peso 207 g<\/li>\n<\/ul>\n","protected":false},"featured_media":5415,"comment_status":"open","ping_status":"closed","template":"","meta":{"_acf_changed":false},"pwb-brand":[290],"product_brand":[],"product_cat":[253],"product_tag":[],"class_list":{"0":"post-6083","1":"product","2":"type-product","3":"status-publish","4":"has-post-thumbnail","6":"pwb-brand-nordhale-es","7":"product_cat-bolsas-y-mochilas-portatil","8":"product_shipping_class-regular-es","10":"first","11":"instock","12":"taxable","13":"shipping-taxable","14":"purchasable","15":"product-type-simple"},"acf":[],"brands":[{"id":290,"name":"Nordhale","slug":"nordhale-es"}],"_links":{"self":[{"href":"https:\/\/nordicbags.eu\/es\/wp-json\/wp\/v2\/product\/6083","targetHints":{"allow":["GET"]}}],"collection":[{"href":"https:\/\/nordicbags.eu\/es\/wp-json\/wp\/v2\/product"}],"about":[{"href":"https:\/\/nordicbags.eu\/es\/wp-json\/wp\/v2\/types\/product"}],"replies":[{"embeddable":true,"href":"https:\/\/nordicbags.eu\/es\/wp-json\/wp\/v2\/comments?post=6083"}],"wp:featuredmedia":[{"embeddable":true,"href":"https:\/\/nordicbags.eu\/es\/wp-json\/wp\/v2\/media\/5415"}],"wp:attachment":[{"href":"https:\/\/nordicbags.eu\/es\/wp-json\/wp\/v2\/media?parent=6083"}],"wp:term":[{"taxonomy":"pwb-brand","embeddable":true,"href":"https:\/\/nordicbags.eu\/es\/wp-json\/wp\/v2\/pwb-brand?post=6083"},{"taxonomy":"product_brand","embeddable":true,"href":"https:\/\/nordicbags.eu\/es\/wp-json\/wp\/v2\/product_brand?post=6083"},{"taxonomy":"product_cat","embeddable":true,"href":"https:\/\/nordicbags.eu\/es\/wp-json\/wp\/v2\/product_cat?post=6083"},{"taxonomy":"product_tag","embeddable":true,"href":"https:\/\/nordicbags.eu\/es\/wp-json\/wp\/v2\/product_tag?post=6083"}],"curies":[{"name":"wp","href":"https:\/\/api.w.org\/{rel}","templated":true}]}}