{"id":6084,"date":"2023-02-27T23:37:04","date_gmt":"2023-02-27T23:37:04","guid":{"rendered":"https:\/\/nordicbags.eu\/mochila-cliff-25l-verde\/"},"modified":"2024-09-03T15:12:31","modified_gmt":"2024-09-03T15:12:31","slug":"acantilado-verde","status":"publish","type":"product","link":"https:\/\/nordicbags.eu\/es\/producto\/acantilado-verde\/","title":{"rendered":"Mochila Cliff 25L &#8211; Verde"},"content":{"rendered":"","protected":false},"excerpt":{"rendered":"<p>La mochila <strong>Cliff<\/strong> se inspira en la larga historia de Matrix Pro en la producci\u00f3n de bolsas de senderismo, pero sigue estando dise\u00f1ada principalmente para la calle. Pero, por supuesto, tambi\u00e9n es ideal para excursiones o viajes m\u00e1s cortos. Esta bolsa te servir\u00e1 durante mucho tiempo, tanto si la llevas a la oficina, de excursi\u00f3n o al gimnasio. La bolsa tiene una capacidad de 25 litros, y las paredes interiores cuentan con un bolsillo acolchado para port\u00e1til con capacidad para un port\u00e1til de hasta 17 pulgadas. Adem\u00e1s, hay varios bolsillos m\u00e1s peque\u00f1os dentro de la bolsa, y uno de ellos tiene cremallera. La bolsa tiene un gran bolsillo frontal, que tambi\u00e9n tiene un bolsillo con cremallera y dos bolsillos abiertos. La bolsa est\u00e1 fabricada con material Cordura duradero y es impermeable. Cliff es la mochila m\u00e1s popular de Noel. Noel a\u00fana el estilo urbano con la practicidad cotidiana y los materiales duraderos. Noel es una marca de estilo de vida del legendario fabricante estonio de bolsas de senderismo Matrix Pro.  <\/p>\n<ul>\n<li>Fabricada en resistente lona Cordura verde<\/li>\n<li>Dimensiones: 15 x 30 x 59 cm<\/li>\n<li>Capacidad: 25 litros<\/li>\n<li>Hecho a mano en Tartu, Estonia<\/li>\n<\/ul>\n","protected":false},"featured_media":5396,"comment_status":"open","ping_status":"closed","template":"","meta":{"_acf_changed":false},"pwb-brand":[289],"product_brand":[],"product_cat":[242],"product_tag":[],"class_list":{"0":"post-6084","1":"product","2":"type-product","3":"status-publish","4":"has-post-thumbnail","6":"pwb-brand-noel-es","7":"product_cat-mochilas-y-mochilas-de-dia","8":"product_shipping_class-regular-es","10":"first","11":"instock","12":"taxable","13":"shipping-taxable","14":"purchasable","15":"product-type-simple"},"acf":[],"brands":[{"id":289,"name":"Noel","slug":"noel-es"}],"_links":{"self":[{"href":"https:\/\/nordicbags.eu\/es\/wp-json\/wp\/v2\/product\/6084","targetHints":{"allow":["GET"]}}],"collection":[{"href":"https:\/\/nordicbags.eu\/es\/wp-json\/wp\/v2\/product"}],"about":[{"href":"https:\/\/nordicbags.eu\/es\/wp-json\/wp\/v2\/types\/product"}],"replies":[{"embeddable":true,"href":"https:\/\/nordicbags.eu\/es\/wp-json\/wp\/v2\/comments?post=6084"}],"wp:featuredmedia":[{"embeddable":true,"href":"https:\/\/nordicbags.eu\/es\/wp-json\/wp\/v2\/media\/5396"}],"wp:attachment":[{"href":"https:\/\/nordicbags.eu\/es\/wp-json\/wp\/v2\/media?parent=6084"}],"wp:term":[{"taxonomy":"pwb-brand","embeddable":true,"href":"https:\/\/nordicbags.eu\/es\/wp-json\/wp\/v2\/pwb-brand?post=6084"},{"taxonomy":"product_brand","embeddable":true,"href":"https:\/\/nordicbags.eu\/es\/wp-json\/wp\/v2\/product_brand?post=6084"},{"taxonomy":"product_cat","embeddable":true,"href":"https:\/\/nordicbags.eu\/es\/wp-json\/wp\/v2\/product_cat?post=6084"},{"taxonomy":"product_tag","embeddable":true,"href":"https:\/\/nordicbags.eu\/es\/wp-json\/wp\/v2\/product_tag?post=6084"}],"curies":[{"name":"wp","href":"https:\/\/api.w.org\/{rel}","templated":true}]}}