{"id":6085,"date":"2023-02-27T23:37:29","date_gmt":"2023-02-27T23:37:29","guid":{"rendered":"https:\/\/nordicbags.eu\/mochila-cafe-18l-negra\/"},"modified":"2024-09-03T15:11:57","modified_gmt":"2024-09-03T15:11:57","slug":"cafe-negro","status":"publish","type":"product","link":"https:\/\/nordicbags.eu\/es\/producto\/cafe-negro\/","title":{"rendered":"Mochila Cafe 18L &#8211; Negra"},"content":{"rendered":"","protected":false},"excerpt":{"rendered":"<p><strong>Cafe<\/strong> es una mochila duradera inspirada en la larga historia de Matrix Pro en la producci\u00f3n de bolsas de senderismo. La bolsa est\u00e1 fabricada con material Cordura duradero y es impermeable. La bolsa tiene una capacidad de 18 litros y dispone de 4 bolsillos m\u00e1s peque\u00f1os y un bolsillo acolchado en la parte trasera con capacidad para un port\u00e1til de hasta 17 pulgadas. La bolsa tambi\u00e9n tiene un bolsillo interior m\u00e1s profundo para una botella de agua. La bolsa est\u00e1 hecha a mano en Tartu. Adem\u00e1s, te prometemos que ninguna de tus amigas tiene este bolso: es sencillamente nuevo. Noel a\u00fana el estilo urbano con la practicidad cotidiana y los materiales duraderos. Noel es una marca de estilo de vida del legendario fabricante estonio de bolsas de senderismo Matrix Pro.<\/p>\n<ul>\n<li>Material: Cordura resistente<\/li>\n<li>Dimensiones: 16 x 33 x 45 cm<\/li>\n<li>Capacidad: 18 litros<\/li>\n<li>Lona Cordura negra y correas de cuero marr\u00f3n<\/li>\n<li>Hecho a mano en Tartu, Estonia<\/li>\n<\/ul>\n","protected":false},"featured_media":5404,"comment_status":"open","ping_status":"closed","template":"","meta":{"_acf_changed":false},"pwb-brand":[289],"product_brand":[],"product_cat":[242],"product_tag":[],"class_list":{"0":"post-6085","1":"product","2":"type-product","3":"status-publish","4":"has-post-thumbnail","6":"pwb-brand-noel-es","7":"product_cat-mochilas-y-mochilas-de-dia","8":"product_shipping_class-7-10-dias-laborables","10":"first","11":"instock","12":"taxable","13":"shipping-taxable","14":"purchasable","15":"product-type-simple"},"acf":[],"brands":[{"id":289,"name":"Noel","slug":"noel-es"}],"_links":{"self":[{"href":"https:\/\/nordicbags.eu\/es\/wp-json\/wp\/v2\/product\/6085","targetHints":{"allow":["GET"]}}],"collection":[{"href":"https:\/\/nordicbags.eu\/es\/wp-json\/wp\/v2\/product"}],"about":[{"href":"https:\/\/nordicbags.eu\/es\/wp-json\/wp\/v2\/types\/product"}],"replies":[{"embeddable":true,"href":"https:\/\/nordicbags.eu\/es\/wp-json\/wp\/v2\/comments?post=6085"}],"wp:featuredmedia":[{"embeddable":true,"href":"https:\/\/nordicbags.eu\/es\/wp-json\/wp\/v2\/media\/5404"}],"wp:attachment":[{"href":"https:\/\/nordicbags.eu\/es\/wp-json\/wp\/v2\/media?parent=6085"}],"wp:term":[{"taxonomy":"pwb-brand","embeddable":true,"href":"https:\/\/nordicbags.eu\/es\/wp-json\/wp\/v2\/pwb-brand?post=6085"},{"taxonomy":"product_brand","embeddable":true,"href":"https:\/\/nordicbags.eu\/es\/wp-json\/wp\/v2\/product_brand?post=6085"},{"taxonomy":"product_cat","embeddable":true,"href":"https:\/\/nordicbags.eu\/es\/wp-json\/wp\/v2\/product_cat?post=6085"},{"taxonomy":"product_tag","embeddable":true,"href":"https:\/\/nordicbags.eu\/es\/wp-json\/wp\/v2\/product_tag?post=6085"}],"curies":[{"name":"wp","href":"https:\/\/api.w.org\/{rel}","templated":true}]}}