{"id":6086,"date":"2023-02-27T23:36:58","date_gmt":"2023-02-27T23:36:58","guid":{"rendered":"https:\/\/nordicbags.eu\/triple-bolsa-multifuncional-3en1\/"},"modified":"2025-05-31T06:31:25","modified_gmt":"2025-05-31T06:31:25","slug":"triple","status":"publish","type":"product","link":"https:\/\/nordicbags.eu\/es\/producto\/triple\/","title":{"rendered":"Triple &#8211; bolsa multifuncional 3en1"},"content":{"rendered":"","protected":false},"excerpt":{"rendered":"<p><strong>Triple<\/strong> es un bolso multifuncional unisex de la marca estonia de bolsos Noel. Triple puede llevarse como mochila, bandolera o bolso de mano.<\/p>\n<p>La bolsa tiene correas textiles unidas por una hebilla de cuero que permite configurarla como mochila, bandolera o bolso de mano. El interior de la bolsa tiene un bolsillo acolchado con capacidad para un port\u00e1til de hasta 17 pulgadas. Adem\u00e1s, la bolsa tiene un bolsillo de tela independiente para una tableta, un bolsillo interior tama\u00f1o A5 con cremallera y 3 bolsillos m\u00e1s peque\u00f1os. El Triple tiene el respaldo y la parte inferior acolchados.<\/p>\n<p>La bolsa est\u00e1 fabricada con material Cordura duradero y es impermeable. Es la bolsa perfecta para cuando no sabes ad\u00f3nde vas o qu\u00e9 vas a hacer, ya que sirve para casi todo. Por eso a Joosep, uno de los miembros de nuestro equipo, le gusta mucho esta bolsa.<\/p>\n<p>Noel a\u00fana el estilo urbano con la practicidad cotidiana y los materiales duraderos. Noel es una marca de estilo de vida del legendario fabricante estonio de bolsas de senderismo Matrix Pro.<\/p>\n<ul>\n<li>Uso multifuncional: mochila, bandolera o bolso de mano<\/li>\n<li>Material: lona <a href=\"https:\/\/en.wikipedia.org\/wiki\/Cordura\">Cordura<\/a> resistente<\/li>\n<li>Dimensiones: 14 x 26 x 44 cm<\/li>\n<li>Capacidad: 14 litros<\/li>\n<li>Hecho a mano en Tartu, Estonia<\/li>\n<\/ul>\n<p><em>\u00a1PS! El bolso viene con correas negras y un logotipo de cuero marr\u00f3n. Las fotos con un modelo son ilustrativas y muestran las opciones de uso de la bolsa.<\/em><\/p>\n","protected":false},"featured_media":5393,"comment_status":"open","ping_status":"closed","template":"","meta":{"_acf_changed":false},"pwb-brand":[289],"product_brand":[],"product_cat":[261,251,243,242],"product_tag":[],"class_list":{"0":"post-6086","1":"product","2":"type-product","3":"status-publish","4":"has-post-thumbnail","6":"pwb-brand-noel-es","7":"product_cat-bandoleras","8":"product_cat-bolsos","9":"product_cat-bolsos-de-mano","10":"product_cat-mochilas-y-mochilas-de-dia","11":"product_shipping_class-7-10-dias-laborables","13":"first","14":"instock","15":"taxable","16":"shipping-taxable","17":"purchasable","18":"product-type-simple"},"acf":[],"brands":[{"id":289,"name":"Noel","slug":"noel-es"}],"_links":{"self":[{"href":"https:\/\/nordicbags.eu\/es\/wp-json\/wp\/v2\/product\/6086","targetHints":{"allow":["GET"]}}],"collection":[{"href":"https:\/\/nordicbags.eu\/es\/wp-json\/wp\/v2\/product"}],"about":[{"href":"https:\/\/nordicbags.eu\/es\/wp-json\/wp\/v2\/types\/product"}],"replies":[{"embeddable":true,"href":"https:\/\/nordicbags.eu\/es\/wp-json\/wp\/v2\/comments?post=6086"}],"wp:featuredmedia":[{"embeddable":true,"href":"https:\/\/nordicbags.eu\/es\/wp-json\/wp\/v2\/media\/5393"}],"wp:attachment":[{"href":"https:\/\/nordicbags.eu\/es\/wp-json\/wp\/v2\/media?parent=6086"}],"wp:term":[{"taxonomy":"pwb-brand","embeddable":true,"href":"https:\/\/nordicbags.eu\/es\/wp-json\/wp\/v2\/pwb-brand?post=6086"},{"taxonomy":"product_brand","embeddable":true,"href":"https:\/\/nordicbags.eu\/es\/wp-json\/wp\/v2\/product_brand?post=6086"},{"taxonomy":"product_cat","embeddable":true,"href":"https:\/\/nordicbags.eu\/es\/wp-json\/wp\/v2\/product_cat?post=6086"},{"taxonomy":"product_tag","embeddable":true,"href":"https:\/\/nordicbags.eu\/es\/wp-json\/wp\/v2\/product_tag?post=6086"}],"curies":[{"name":"wp","href":"https:\/\/api.w.org\/{rel}","templated":true}]}}