{"id":6089,"date":"2023-02-27T23:38:18","date_gmt":"2023-02-27T23:38:18","guid":{"rendered":"https:\/\/nordicbags.eu\/bodem-15-negro\/"},"modified":"2024-09-03T15:20:12","modified_gmt":"2024-09-03T15:20:12","slug":"bodem-15-negro","status":"publish","type":"product","link":"https:\/\/nordicbags.eu\/es\/producto\/bodem-15-negro\/","title":{"rendered":"BODEM 15 &#8211; Negro"},"content":{"rendered":"","protected":false},"excerpt":{"rendered":"<p>Funda estrecha para Macbook Air y Pro<\/p>\n<p><strong>BODEM<\/strong>  &#8211; minimalismo en estado puro. La funda unisex mantiene tu port\u00e1til seguro y con estilo. El fieltro grueso protege el ordenador y hace que la funda no resbale. El ajuste ce\u00f1ido y el exterior limpio le dan un aspecto sencillo pero sofisticado. Tambi\u00e9n es un buen coj\u00edn grueso sobre el que apoyar el port\u00e1til cuando se utiliza sobre una superficie rugosa. El fieltro duradero y la fabricaci\u00f3n artesanal hacen de este bolso su compa\u00f1ero diario durante mucho tiempo. Los bolsos de Nordhale son para quienes aprecian la vida lenta y tienen la confianza necesaria para desmarcarse de lo ordinario. 100% hecho a mano en Estonia. Pensado para durar en cualquier condici\u00f3n meteorol\u00f3gica.  <\/p>\n<ul>\n<li>Fieltro PET reciclado<\/li>\n<li>Resistente a la intemperie<\/li>\n<li>100% hecho a mano en Estonia<\/li>\n<li>Se env\u00eda en un paquete ecol\u00f3gico<\/li>\n<li>Dimensiones &#8211; 39 x 29 cm (alto, largo)<\/li>\n<li>Peso 124 g<\/li>\n<\/ul>\n","protected":false},"featured_media":5442,"comment_status":"open","ping_status":"closed","template":"","meta":{"_acf_changed":false},"pwb-brand":[290],"product_brand":[],"product_cat":[253],"product_tag":[],"class_list":{"0":"post-6089","1":"product","2":"type-product","3":"status-publish","4":"has-post-thumbnail","6":"pwb-brand-nordhale-es","7":"product_cat-bolsas-y-mochilas-portatil","8":"product_shipping_class-regular-es","10":"first","11":"instock","12":"taxable","13":"shipping-taxable","14":"purchasable","15":"product-type-simple"},"acf":[],"brands":[{"id":290,"name":"Nordhale","slug":"nordhale-es"}],"_links":{"self":[{"href":"https:\/\/nordicbags.eu\/es\/wp-json\/wp\/v2\/product\/6089","targetHints":{"allow":["GET"]}}],"collection":[{"href":"https:\/\/nordicbags.eu\/es\/wp-json\/wp\/v2\/product"}],"about":[{"href":"https:\/\/nordicbags.eu\/es\/wp-json\/wp\/v2\/types\/product"}],"replies":[{"embeddable":true,"href":"https:\/\/nordicbags.eu\/es\/wp-json\/wp\/v2\/comments?post=6089"}],"wp:featuredmedia":[{"embeddable":true,"href":"https:\/\/nordicbags.eu\/es\/wp-json\/wp\/v2\/media\/5442"}],"wp:attachment":[{"href":"https:\/\/nordicbags.eu\/es\/wp-json\/wp\/v2\/media?parent=6089"}],"wp:term":[{"taxonomy":"pwb-brand","embeddable":true,"href":"https:\/\/nordicbags.eu\/es\/wp-json\/wp\/v2\/pwb-brand?post=6089"},{"taxonomy":"product_brand","embeddable":true,"href":"https:\/\/nordicbags.eu\/es\/wp-json\/wp\/v2\/product_brand?post=6089"},{"taxonomy":"product_cat","embeddable":true,"href":"https:\/\/nordicbags.eu\/es\/wp-json\/wp\/v2\/product_cat?post=6089"},{"taxonomy":"product_tag","embeddable":true,"href":"https:\/\/nordicbags.eu\/es\/wp-json\/wp\/v2\/product_tag?post=6089"}],"curies":[{"name":"wp","href":"https:\/\/api.w.org\/{rel}","templated":true}]}}