{"id":6099,"date":"2023-02-27T23:39:26","date_gmt":"2023-02-27T23:39:26","guid":{"rendered":"https:\/\/nordicbags.eu\/bolsa-de-fieltro-hof-gris\/"},"modified":"2025-05-30T05:10:26","modified_gmt":"2025-05-30T05:10:26","slug":"hof-tote-bag-grey","status":"publish","type":"product","link":"https:\/\/nordicbags.eu\/es\/producto\/hof-tote-bag-grey\/","title":{"rendered":"Bolsa de fieltro HOF &#8211; Gris"},"content":{"rendered":"","protected":false},"excerpt":{"rendered":"<p><strong>HOF<\/strong> es un bolso tote atemporal con mucho espacio para todos tus objetos esenciales y bolsillo interior para el port\u00e1til. El caballo de batalla de un armario. El favorito. HOF es para quienes aprecian el dise\u00f1o cl\u00e1sico y los materiales reciclados. HOF ofrece mucho espacio para todas las cosas que uno pueda necesitar, a la vez que sigue siendo vers\u00e1til para combinar con cualquier atuendo. Su fieltro resistente y su fabricaci\u00f3n artesanal hacen de este bolso de mano su compa\u00f1ero diario durante mucho tiempo. Los bolsos de Nordhale son para quienes aprecian la vida lenta y tienen la confianza necesaria para desmarcarse de lo ordinario. 100% hecho a mano en Estonia. Dise\u00f1ados para durar en cualquier condici\u00f3n meteorol\u00f3gica.<\/p>\n<ul>\n<li>Fieltro PET reciclado<\/li>\n<li>Resistente a la intemperie<\/li>\n<li>100% hecho a mano en Estonia<\/li>\n<li>Se env\u00eda en un paquete ecol\u00f3gico<\/li>\n<li>Dimensiones 41 x 32 x 15 cm (alto, largo, ancho)<\/li>\n<li>Peso 436 g<\/li>\n<\/ul>\n","protected":false},"featured_media":5493,"comment_status":"open","ping_status":"closed","template":"","meta":{"_acf_changed":false},"pwb-brand":[290],"product_brand":[],"product_cat":[243],"product_tag":[],"class_list":{"0":"post-6099","1":"product","2":"type-product","3":"status-publish","4":"has-post-thumbnail","6":"pwb-brand-nordhale-es","7":"product_cat-bolsos-de-mano","8":"product_shipping_class-regular-es","10":"first","11":"instock","12":"taxable","13":"shipping-taxable","14":"purchasable","15":"product-type-simple"},"acf":[],"brands":[{"id":290,"name":"Nordhale","slug":"nordhale-es"}],"_links":{"self":[{"href":"https:\/\/nordicbags.eu\/es\/wp-json\/wp\/v2\/product\/6099","targetHints":{"allow":["GET"]}}],"collection":[{"href":"https:\/\/nordicbags.eu\/es\/wp-json\/wp\/v2\/product"}],"about":[{"href":"https:\/\/nordicbags.eu\/es\/wp-json\/wp\/v2\/types\/product"}],"replies":[{"embeddable":true,"href":"https:\/\/nordicbags.eu\/es\/wp-json\/wp\/v2\/comments?post=6099"}],"wp:featuredmedia":[{"embeddable":true,"href":"https:\/\/nordicbags.eu\/es\/wp-json\/wp\/v2\/media\/5493"}],"wp:attachment":[{"href":"https:\/\/nordicbags.eu\/es\/wp-json\/wp\/v2\/media?parent=6099"}],"wp:term":[{"taxonomy":"pwb-brand","embeddable":true,"href":"https:\/\/nordicbags.eu\/es\/wp-json\/wp\/v2\/pwb-brand?post=6099"},{"taxonomy":"product_brand","embeddable":true,"href":"https:\/\/nordicbags.eu\/es\/wp-json\/wp\/v2\/product_brand?post=6099"},{"taxonomy":"product_cat","embeddable":true,"href":"https:\/\/nordicbags.eu\/es\/wp-json\/wp\/v2\/product_cat?post=6099"},{"taxonomy":"product_tag","embeddable":true,"href":"https:\/\/nordicbags.eu\/es\/wp-json\/wp\/v2\/product_tag?post=6099"}],"curies":[{"name":"wp","href":"https:\/\/api.w.org\/{rel}","templated":true}]}}