{"id":6106,"date":"2023-02-27T23:37:35","date_gmt":"2023-02-27T23:37:35","guid":{"rendered":"https:\/\/nordicbags.eu\/maletin-de-fieltro-para-portatil-berg-15-gris\/"},"modified":"2024-08-20T06:12:05","modified_gmt":"2024-08-20T06:12:05","slug":"berg-15-gris","status":"publish","type":"product","link":"https:\/\/nordicbags.eu\/es\/producto\/berg-15-gris\/","title":{"rendered":"Malet\u00edn de fieltro para port\u00e1til BERG 15 &#8211; Gris"},"content":{"rendered":"","protected":false},"excerpt":{"rendered":"<p><strong>BERG<\/strong> es un malet\u00edn delgado para documentos o una bolsa para port\u00e1til con una mu\u00f1equera extra\u00edble. BERG tiene un dise\u00f1o de autor sencillo para los que aprecian lo m\u00ednimo. Malet\u00edn unisex delgado para documentos o port\u00e1til con mu\u00f1equera extra\u00edble. El corte recto le da un aspecto sofisticado y moderno. La solapa delantera se cierra con un broche magn\u00e9tico. Los bolsos de Nordhale son para quienes aprecian la vida lenta y tienen la confianza necesaria para desmarcarse de lo ordinario. 100% hecho a mano en Estonia. Dise\u00f1ados para durar en cualquier condici\u00f3n meteorol\u00f3gica.<\/p>\n<ul>\n<li>Fieltro PET reciclado<\/li>\n<li>Resistente a la intemperie<\/li>\n<li>100% hecho a mano en Estonia<\/li>\n<li>Se env\u00eda en un paquete ecol\u00f3gico<\/li>\n<li>Dimensiones 29 x 39 x 2 cm (alto, largo, ancho)<\/li>\n<li>Peso 271 g<\/li>\n<\/ul>\n","protected":false},"featured_media":5150,"comment_status":"open","ping_status":"closed","template":"","meta":{"_acf_changed":false},"pwb-brand":[290],"product_brand":[],"product_cat":[253],"product_tag":[],"class_list":{"0":"post-6106","1":"product","2":"type-product","3":"status-publish","4":"has-post-thumbnail","6":"pwb-brand-nordhale-es","7":"product_cat-bolsas-y-mochilas-portatil","8":"product_shipping_class-regular-es","10":"first","11":"instock","12":"taxable","13":"shipping-taxable","14":"purchasable","15":"product-type-simple"},"acf":[],"brands":[{"id":290,"name":"Nordhale","slug":"nordhale-es"}],"_links":{"self":[{"href":"https:\/\/nordicbags.eu\/es\/wp-json\/wp\/v2\/product\/6106","targetHints":{"allow":["GET"]}}],"collection":[{"href":"https:\/\/nordicbags.eu\/es\/wp-json\/wp\/v2\/product"}],"about":[{"href":"https:\/\/nordicbags.eu\/es\/wp-json\/wp\/v2\/types\/product"}],"replies":[{"embeddable":true,"href":"https:\/\/nordicbags.eu\/es\/wp-json\/wp\/v2\/comments?post=6106"}],"wp:featuredmedia":[{"embeddable":true,"href":"https:\/\/nordicbags.eu\/es\/wp-json\/wp\/v2\/media\/5150"}],"wp:attachment":[{"href":"https:\/\/nordicbags.eu\/es\/wp-json\/wp\/v2\/media?parent=6106"}],"wp:term":[{"taxonomy":"pwb-brand","embeddable":true,"href":"https:\/\/nordicbags.eu\/es\/wp-json\/wp\/v2\/pwb-brand?post=6106"},{"taxonomy":"product_brand","embeddable":true,"href":"https:\/\/nordicbags.eu\/es\/wp-json\/wp\/v2\/product_brand?post=6106"},{"taxonomy":"product_cat","embeddable":true,"href":"https:\/\/nordicbags.eu\/es\/wp-json\/wp\/v2\/product_cat?post=6106"},{"taxonomy":"product_tag","embeddable":true,"href":"https:\/\/nordicbags.eu\/es\/wp-json\/wp\/v2\/product_tag?post=6106"}],"curies":[{"name":"wp","href":"https:\/\/api.w.org\/{rel}","templated":true}]}}