{"id":6110,"date":"2023-02-27T23:38:30","date_gmt":"2023-02-27T23:38:30","guid":{"rendered":"https:\/\/nordicbags.eu\/maletin-de-fieltro-skive-para-portatil-negro\/"},"modified":"2024-09-03T15:20:38","modified_gmt":"2024-09-03T15:20:38","slug":"skive-fieltro-negro","status":"publish","type":"product","link":"https:\/\/nordicbags.eu\/es\/producto\/skive-fieltro-negro\/","title":{"rendered":"Malet\u00edn de fieltro SKIVE para port\u00e1til &#8211; Negro"},"content":{"rendered":"","protected":false},"excerpt":{"rendered":"<p><strong>SKIVE<\/strong> es un bolso sobre de gran tama\u00f1o que puede utilizarse como bolso de mano o como malet\u00edn para el port\u00e1til. SKIVE tiene un dise\u00f1o de firma sencilla para los que aprecian lo minimalista. Bolso sobre de gran tama\u00f1o, ideal como bolso de mano o malet\u00edn para el port\u00e1til. Su sencillo corte envolvente le confiere un aspecto sofisticado y moderno. La solapa delantera se cierra con un broche magn\u00e9tico. Los bolsos de Nordhale son para quienes aprecian la vida lenta y tienen la confianza necesaria para desmarcarse de lo ordinario. 100% hecho a mano en Estonia. Pensado para durar en cualquier condici\u00f3n meteorol\u00f3gica.  <\/p>\n<ul>\n<li>Fieltro PET reciclado<\/li>\n<li>Resistente a la intemperie<\/li>\n<li>100% hecho a mano en Estonia<\/li>\n<li>Se env\u00eda en un paquete ecol\u00f3gico<\/li>\n<li>Talla 13\u2033 &#8211; dimensiones 25 x 34 x 2 cm (alto, largo, ancho)<\/li>\n<li>Fit 14\u2033 &#8211; dimensiones 26,5 x38 x 2 cm (alto, largo, ancho)<\/li>\n<li>Ajuste 15\u2033 &#8211; dimensiones &#8211; 29 x 39 x 2 cm (alto, largo, ancho)<\/li>\n<li>Peso 210 g<\/li>\n<\/ul>\n","protected":false},"featured_media":5453,"comment_status":"open","ping_status":"closed","template":"","meta":{"_acf_changed":false},"pwb-brand":[290],"product_brand":[],"product_cat":[253],"product_tag":[],"class_list":{"0":"post-6110","1":"product","2":"type-product","3":"status-publish","4":"has-post-thumbnail","6":"pwb-brand-nordhale-es","7":"product_cat-bolsas-y-mochilas-portatil","8":"product_shipping_class-regular-es","10":"first","11":"instock","12":"taxable","13":"shipping-taxable","14":"purchasable","15":"product-type-variable"},"acf":[],"brands":[{"id":290,"name":"Nordhale","slug":"nordhale-es"}],"_links":{"self":[{"href":"https:\/\/nordicbags.eu\/es\/wp-json\/wp\/v2\/product\/6110","targetHints":{"allow":["GET"]}}],"collection":[{"href":"https:\/\/nordicbags.eu\/es\/wp-json\/wp\/v2\/product"}],"about":[{"href":"https:\/\/nordicbags.eu\/es\/wp-json\/wp\/v2\/types\/product"}],"replies":[{"embeddable":true,"href":"https:\/\/nordicbags.eu\/es\/wp-json\/wp\/v2\/comments?post=6110"}],"wp:featuredmedia":[{"embeddable":true,"href":"https:\/\/nordicbags.eu\/es\/wp-json\/wp\/v2\/media\/5453"}],"wp:attachment":[{"href":"https:\/\/nordicbags.eu\/es\/wp-json\/wp\/v2\/media?parent=6110"}],"wp:term":[{"taxonomy":"pwb-brand","embeddable":true,"href":"https:\/\/nordicbags.eu\/es\/wp-json\/wp\/v2\/pwb-brand?post=6110"},{"taxonomy":"product_brand","embeddable":true,"href":"https:\/\/nordicbags.eu\/es\/wp-json\/wp\/v2\/product_brand?post=6110"},{"taxonomy":"product_cat","embeddable":true,"href":"https:\/\/nordicbags.eu\/es\/wp-json\/wp\/v2\/product_cat?post=6110"},{"taxonomy":"product_tag","embeddable":true,"href":"https:\/\/nordicbags.eu\/es\/wp-json\/wp\/v2\/product_tag?post=6110"}],"curies":[{"name":"wp","href":"https:\/\/api.w.org\/{rel}","templated":true}]}}