{"id":6114,"date":"2023-02-27T23:36:00","date_gmt":"2023-02-27T23:36:00","guid":{"rendered":"https:\/\/nordicbags.eu\/tarjetero-metalico-seif-lite\/"},"modified":"2024-09-03T15:08:42","modified_gmt":"2024-09-03T15:08:42","slug":"seif-lite","status":"publish","type":"product","link":"https:\/\/nordicbags.eu\/es\/producto\/seif-lite\/","title":{"rendered":"Tarjetero met\u00e1lico &#8211; Seif Lite"},"content":{"rendered":"","protected":false},"excerpt":{"rendered":"<p>Presentamos <strong>Seif Lite<\/strong>, el tarjetero met\u00e1lico definitivo que destila elegancia y sofisticaci\u00f3n. Fabricada con aluminio de primera calidad, esta cartera minimalista y \u00fanica no s\u00f3lo es elegante, sino tambi\u00e9n muy segura. Puede llevar c\u00f3modamente hasta 12 tarjetas, mientras que la tecnolog\u00eda de bloqueo RFID le protege de cualquier posible robo sin contacto. Estamos orgullosos de nuestro compromiso con el medio ambiente, y por eso hemos embalado el Seif Lite con materiales totalmente ecol\u00f3gicos. Con esta cartera en tu bolsillo, puedes estar seguro de que no s\u00f3lo est\u00e1s haciendo una declaraci\u00f3n de estilo, sino tambi\u00e9n dando un paso hacia un futuro m\u00e1s sostenible.<\/p>\n<ul>\n<li>Fabricado en Estonia<\/li>\n<li>Est\u00e1 dise\u00f1ado con material de aluminio duradero.<\/li>\n<li>Puede alojar c\u00f3modamente hasta 12 tarjetas.<\/li>\n<li>El producto ofrece tecnolog\u00eda de bloqueo RFID, protegi\u00e9ndole de los robos sin contacto.<\/li>\n<li>La Seif Lite est\u00e1 envasada con materiales totalmente ecol\u00f3gicos.<\/li>\n<\/ul>\n","protected":false},"featured_media":5371,"comment_status":"open","ping_status":"closed","template":"","meta":{"_acf_changed":false},"pwb-brand":[292],"product_brand":[],"product_cat":[257,258],"product_tag":[],"class_list":{"0":"post-6114","1":"product","2":"type-product","3":"status-publish","4":"has-post-thumbnail","6":"pwb-brand-seif-design-es","7":"product_cat-billeteros-y-carteras-de-hombre","8":"product_cat-tarjeteros","9":"product_shipping_class-regular-es","11":"first","12":"instock","13":"featured","14":"taxable","15":"shipping-taxable","16":"purchasable","17":"product-type-simple"},"acf":[],"brands":[{"id":292,"name":"Seif Design","slug":"seif-design-es"}],"_links":{"self":[{"href":"https:\/\/nordicbags.eu\/es\/wp-json\/wp\/v2\/product\/6114","targetHints":{"allow":["GET"]}}],"collection":[{"href":"https:\/\/nordicbags.eu\/es\/wp-json\/wp\/v2\/product"}],"about":[{"href":"https:\/\/nordicbags.eu\/es\/wp-json\/wp\/v2\/types\/product"}],"replies":[{"embeddable":true,"href":"https:\/\/nordicbags.eu\/es\/wp-json\/wp\/v2\/comments?post=6114"}],"wp:featuredmedia":[{"embeddable":true,"href":"https:\/\/nordicbags.eu\/es\/wp-json\/wp\/v2\/media\/5371"}],"wp:attachment":[{"href":"https:\/\/nordicbags.eu\/es\/wp-json\/wp\/v2\/media?parent=6114"}],"wp:term":[{"taxonomy":"pwb-brand","embeddable":true,"href":"https:\/\/nordicbags.eu\/es\/wp-json\/wp\/v2\/pwb-brand?post=6114"},{"taxonomy":"product_brand","embeddable":true,"href":"https:\/\/nordicbags.eu\/es\/wp-json\/wp\/v2\/product_brand?post=6114"},{"taxonomy":"product_cat","embeddable":true,"href":"https:\/\/nordicbags.eu\/es\/wp-json\/wp\/v2\/product_cat?post=6114"},{"taxonomy":"product_tag","embeddable":true,"href":"https:\/\/nordicbags.eu\/es\/wp-json\/wp\/v2\/product_tag?post=6114"}],"curies":[{"name":"wp","href":"https:\/\/api.w.org\/{rel}","templated":true}]}}