{"id":6118,"date":"2023-02-27T23:36:36","date_gmt":"2023-02-27T23:36:36","guid":{"rendered":"https:\/\/nordicbags.eu\/mochila-zip-12l-gris\/"},"modified":"2024-09-03T15:27:14","modified_gmt":"2024-09-03T15:27:14","slug":"mochila-cremallera-gris","status":"publish","type":"product","link":"https:\/\/nordicbags.eu\/es\/producto\/mochila-cremallera-gris\/","title":{"rendered":"Mochila Zip 12L &#8211; Gris"},"content":{"rendered":"","protected":false},"excerpt":{"rendered":"<p><strong>Zip<\/strong> es la mochila de Noel que da gusto llevar al colegio o a la oficina todos los d\u00edas. El compartimento grande de la bolsa tiene un cierre de hebilla y correas de piel. Adem\u00e1s de un bolsillo acolchado para port\u00e1til de hasta 17 pulgadas, la bolsa tiene un bolsillo A5 con cremallera y 3 bolsillos m\u00e1s peque\u00f1os. Las correas ajustables de Zip para los hombros est\u00e1n acolchadas para un transporte c\u00f3modo, al igual que la parte inferior y trasera de la bolsa. La bolsa est\u00e1 fabricada con material Cordura resistente e impermeable. Noel a\u00fana el estilo urbano con la practicidad cotidiana y los materiales duraderos. Noel es una marca de estilo de vida del legendario fabricante estonio de bolsas de senderismo Matrix Pro.  <\/p>\n<ul>\n<li>Material: Cordura resistente<\/li>\n<li>Dimensiones: 12 x 30 x 50 cm.<\/li>\n<li>Capacidad: 14 litros<\/li>\n<li>Hecho a mano en Tartu, Estonia<\/li>\n<\/ul>\n","protected":false},"featured_media":5385,"comment_status":"open","ping_status":"closed","template":"","meta":{"_acf_changed":false},"pwb-brand":[289],"product_brand":[],"product_cat":[242],"product_tag":[],"class_list":{"0":"post-6118","1":"product","2":"type-product","3":"status-publish","4":"has-post-thumbnail","6":"pwb-brand-noel-es","7":"product_cat-mochilas-y-mochilas-de-dia","8":"product_shipping_class-7-10-dias-laborables","10":"first","11":"outofstock","12":"taxable","13":"shipping-taxable","14":"purchasable","15":"product-type-simple"},"acf":[],"brands":[{"id":289,"name":"Noel","slug":"noel-es"}],"_links":{"self":[{"href":"https:\/\/nordicbags.eu\/es\/wp-json\/wp\/v2\/product\/6118","targetHints":{"allow":["GET"]}}],"collection":[{"href":"https:\/\/nordicbags.eu\/es\/wp-json\/wp\/v2\/product"}],"about":[{"href":"https:\/\/nordicbags.eu\/es\/wp-json\/wp\/v2\/types\/product"}],"replies":[{"embeddable":true,"href":"https:\/\/nordicbags.eu\/es\/wp-json\/wp\/v2\/comments?post=6118"}],"wp:featuredmedia":[{"embeddable":true,"href":"https:\/\/nordicbags.eu\/es\/wp-json\/wp\/v2\/media\/5385"}],"wp:attachment":[{"href":"https:\/\/nordicbags.eu\/es\/wp-json\/wp\/v2\/media?parent=6118"}],"wp:term":[{"taxonomy":"pwb-brand","embeddable":true,"href":"https:\/\/nordicbags.eu\/es\/wp-json\/wp\/v2\/pwb-brand?post=6118"},{"taxonomy":"product_brand","embeddable":true,"href":"https:\/\/nordicbags.eu\/es\/wp-json\/wp\/v2\/product_brand?post=6118"},{"taxonomy":"product_cat","embeddable":true,"href":"https:\/\/nordicbags.eu\/es\/wp-json\/wp\/v2\/product_cat?post=6118"},{"taxonomy":"product_tag","embeddable":true,"href":"https:\/\/nordicbags.eu\/es\/wp-json\/wp\/v2\/product_tag?post=6118"}],"curies":[{"name":"wp","href":"https:\/\/api.w.org\/{rel}","templated":true}]}}