{"id":6128,"date":"2023-02-28T06:14:58","date_gmt":"2023-02-28T06:14:58","guid":{"rendered":"https:\/\/nordicbags.eu\/bolsa-de-viaje-047-negro\/"},"modified":"2024-09-03T15:10:04","modified_gmt":"2024-09-03T15:10:04","slug":"bolsa-de-viaje-047","status":"publish","type":"product","link":"https:\/\/nordicbags.eu\/es\/producto\/bolsa-de-viaje-047\/","title":{"rendered":"Bolsa de viaje 047 &#8211; Negro"},"content":{"rendered":"","protected":false},"excerpt":{"rendered":"<p>La <strong>bolsa Duffle Bag 047<\/strong> negra de Galvi-Linda es una bolsa de poli\u00e9ster resistente con correas para los hombros y un asa para llevarla c\u00f3modamente. El cierre de mosquet\u00f3n garantiza un almacenamiento seguro, mientras que el espacioso interior puede contener todo lo que necesitas (y m\u00e1s). Dise\u00f1ada y fabricada en Estonia, esta bolsa es perfecta para todas tus aventuras.<\/p>\n<p>Lo que distingue a esta bolsa de lona es su fiable rendimiento en las Fuerzas de Defensa de Estonia. Si puede soportar los rigores del uso militar, puede estar seguro de que durar\u00e1 en todas sus aventuras, grandes y peque\u00f1as.<\/p>\n<ul>\n<li>Material: poli\u00e9ster resistente<\/li>\n<li>Color: negro<\/li>\n<li>Dimensiones: 30 cm x 83 cm x 30 cm<\/li>\n<li>C\u00f3digo OTAN: 8465-38-000-9402<\/li>\n<li>Certificados de proveedores: <a href=\"https:\/\/www.iso.org\/standard\/62085.html\">ISO 9001:2015<\/a>\n  <\/li>\n<li>Dise\u00f1ado y fabricado en Estonia<\/li>\n<\/ul>\n","protected":false},"featured_media":5598,"comment_status":"open","ping_status":"closed","template":"","meta":{"_acf_changed":false},"pwb-brand":[285],"product_brand":[],"product_cat":[241,271],"product_tag":[],"class_list":{"0":"post-6128","1":"product","2":"type-product","3":"status-publish","4":"has-post-thumbnail","6":"pwb-brand-galvi-linda-es","7":"product_cat-bolsas-de-viaje","8":"product_cat-bolsas-militares","9":"product_shipping_class-regular-es","11":"first","12":"instock","13":"taxable","14":"shipping-taxable","15":"purchasable","16":"product-type-simple"},"acf":[],"brands":[{"id":285,"name":"Galvi-Linda","slug":"galvi-linda-es"}],"_links":{"self":[{"href":"https:\/\/nordicbags.eu\/es\/wp-json\/wp\/v2\/product\/6128","targetHints":{"allow":["GET"]}}],"collection":[{"href":"https:\/\/nordicbags.eu\/es\/wp-json\/wp\/v2\/product"}],"about":[{"href":"https:\/\/nordicbags.eu\/es\/wp-json\/wp\/v2\/types\/product"}],"replies":[{"embeddable":true,"href":"https:\/\/nordicbags.eu\/es\/wp-json\/wp\/v2\/comments?post=6128"}],"wp:featuredmedia":[{"embeddable":true,"href":"https:\/\/nordicbags.eu\/es\/wp-json\/wp\/v2\/media\/5598"}],"wp:attachment":[{"href":"https:\/\/nordicbags.eu\/es\/wp-json\/wp\/v2\/media?parent=6128"}],"wp:term":[{"taxonomy":"pwb-brand","embeddable":true,"href":"https:\/\/nordicbags.eu\/es\/wp-json\/wp\/v2\/pwb-brand?post=6128"},{"taxonomy":"product_brand","embeddable":true,"href":"https:\/\/nordicbags.eu\/es\/wp-json\/wp\/v2\/product_brand?post=6128"},{"taxonomy":"product_cat","embeddable":true,"href":"https:\/\/nordicbags.eu\/es\/wp-json\/wp\/v2\/product_cat?post=6128"},{"taxonomy":"product_tag","embeddable":true,"href":"https:\/\/nordicbags.eu\/es\/wp-json\/wp\/v2\/product_tag?post=6128"}],"curies":[{"name":"wp","href":"https:\/\/api.w.org\/{rel}","templated":true}]}}