{"id":6132,"date":"2023-02-28T06:13:06","date_gmt":"2023-02-28T06:13:06","guid":{"rendered":"https:\/\/nordicbags.eu\/maletin-35-marron-oscuro\/"},"modified":"2024-09-03T15:21:02","modified_gmt":"2024-09-03T15:21:02","slug":"maletin-35-marron-oscuro","status":"publish","type":"product","link":"https:\/\/nordicbags.eu\/es\/producto\/maletin-35-marron-oscuro\/","title":{"rendered":"Malet\u00edn 35 &#8211; Marr\u00f3n oscuro"},"content":{"rendered":"","protected":false},"excerpt":{"rendered":"<p>Aunque a veces se dice que las cosas no te hacen feliz, est\u00e1 claro que esas personas no tienen este malet\u00edn. <strong>El malet\u00edn 35<\/strong> est\u00e1 hecho a mano con piel de plena flor muy gruesa y duradera, y es nuestro mejor malet\u00edn. El compartimento principal tiene un bolsillo m\u00e1s grande (28 x 26 x 2 cm) en el que cabe perfectamente un port\u00e1til y otro m\u00e1s peque\u00f1o (22 x 22 x 2 cm) en el que cabe un port\u00e1til m\u00e1s grande o un iPad. El compartimento principal tambi\u00e9n tiene un mosquet\u00f3n para las llaves y dos portabol\u00edgrafos por si la gente sigue utilizando bol\u00edgrafos. En la parte delantera del malet\u00edn, dos bolsillos separados m\u00e1s peque\u00f1os miden 14 x 20 x 4 cm. Adem\u00e1s, el malet\u00edn viene con una correa ajustable para el hombro. El malet\u00edn est\u00e1 fabricado y dise\u00f1ado en Estonia, y le servir\u00e1 a usted y probablemente a las pr\u00f3ximas generaciones bien y durante mucho tiempo. El estudio estonio de marroquiner\u00eda Papillon dise\u00f1a y fabrica bolsos, maletines y otros productos de piel desde 1994. Los productos de Papillon son conocidos por su alta calidad y se fabrican a mano en Tartu (Estonia). Estamos incre\u00edblemente orgullosos de la alta calidad de nuestras bolsas. Significa, por supuesto, que todas las bolsas tienen una <strong>garant\u00eda de 2 a\u00f1os<\/strong>.<\/p>\n<ul>\n<li>De cuero plena flor de curtido vegetal de 3-3,5 mm<\/li>\n<li>Dimensiones: 40,5 x 32 x 15 cm<\/li>\n<li>Bandolera de piel incluida<\/li>\n<li>Dise\u00f1ado y fabricado en Estonia<\/li>\n<\/ul>\n","protected":false},"featured_media":5572,"comment_status":"open","ping_status":"closed","template":"","meta":{"_acf_changed":false},"pwb-brand":[286],"product_brand":[],"product_cat":[253,249,262],"product_tag":[],"class_list":{"0":"post-6132","1":"product","2":"type-product","3":"status-publish","4":"has-post-thumbnail","6":"pwb-brand-papillon-es","7":"product_cat-bolsas-y-mochilas-portatil","8":"product_cat-bolsos-de-piel","9":"product_cat-maletines","11":"first","12":"instock","13":"taxable","14":"shipping-taxable","15":"purchasable","16":"product-type-simple"},"acf":[],"brands":[{"id":286,"name":"Papillon","slug":"papillon-es"}],"_links":{"self":[{"href":"https:\/\/nordicbags.eu\/es\/wp-json\/wp\/v2\/product\/6132","targetHints":{"allow":["GET"]}}],"collection":[{"href":"https:\/\/nordicbags.eu\/es\/wp-json\/wp\/v2\/product"}],"about":[{"href":"https:\/\/nordicbags.eu\/es\/wp-json\/wp\/v2\/types\/product"}],"replies":[{"embeddable":true,"href":"https:\/\/nordicbags.eu\/es\/wp-json\/wp\/v2\/comments?post=6132"}],"wp:featuredmedia":[{"embeddable":true,"href":"https:\/\/nordicbags.eu\/es\/wp-json\/wp\/v2\/media\/5572"}],"wp:attachment":[{"href":"https:\/\/nordicbags.eu\/es\/wp-json\/wp\/v2\/media?parent=6132"}],"wp:term":[{"taxonomy":"pwb-brand","embeddable":true,"href":"https:\/\/nordicbags.eu\/es\/wp-json\/wp\/v2\/pwb-brand?post=6132"},{"taxonomy":"product_brand","embeddable":true,"href":"https:\/\/nordicbags.eu\/es\/wp-json\/wp\/v2\/product_brand?post=6132"},{"taxonomy":"product_cat","embeddable":true,"href":"https:\/\/nordicbags.eu\/es\/wp-json\/wp\/v2\/product_cat?post=6132"},{"taxonomy":"product_tag","embeddable":true,"href":"https:\/\/nordicbags.eu\/es\/wp-json\/wp\/v2\/product_tag?post=6132"}],"curies":[{"name":"wp","href":"https:\/\/api.w.org\/{rel}","templated":true}]}}