{"id":6133,"date":"2023-02-28T06:15:08","date_gmt":"2023-02-28T06:15:08","guid":{"rendered":"https:\/\/nordicbags.eu\/mochila-walker-12l\/"},"modified":"2024-09-03T15:27:07","modified_gmt":"2024-09-03T15:27:07","slug":"walker-12l-mochila","status":"publish","type":"product","link":"https:\/\/nordicbags.eu\/es\/producto\/walker-12l-mochila\/","title":{"rendered":"Mochila Walker 12L"},"content":{"rendered":"","protected":false},"excerpt":{"rendered":"<p><strong>Walker<\/strong> es una mochila de 12 litros de menor tama\u00f1o. A pesar de su tama\u00f1o, dispone de un bolsillo en la parte trasera para un port\u00e1til de hasta 14 pulgadas. Adem\u00e1s, el Walker tiene un total de 4 bolsillos internos m\u00e1s peque\u00f1os y 1 bolsillo m\u00e1s profundo. Los tirantes ajustables de la mochila est\u00e1n acolchados para un transporte c\u00f3modo, al igual que la parte inferior y trasera de la mochila. El andador est\u00e1 fabricado con material de lona resistente y tiene un acabado repelente al agua. Como todas las bolsas Noel, esta bolsa durar\u00e1 mucho tiempo. Noel a\u00fana el estilo urbano con la practicidad cotidiana y los materiales duraderos. Noel es una marca de estilo de vida del legendario fabricante estonio de bolsas de senderismo Matrix Pro.  <\/p>\n<ul>\n<li>Material: lona con tratamiento hidr\u00f3fugo<\/li>\n<li>Dimensiones: 13 x 31 x 38 cm.<\/li>\n<li>Capacidad: 12 litros<\/li>\n<li>Hecho a mano en Tartu, Estionia<\/li>\n<\/ul>\n","protected":false},"featured_media":5603,"comment_status":"open","ping_status":"closed","template":"","meta":{"_acf_changed":false},"pwb-brand":[289],"product_brand":[],"product_cat":[242],"product_tag":[],"class_list":{"0":"post-6133","1":"product","2":"type-product","3":"status-publish","4":"has-post-thumbnail","6":"pwb-brand-noel-es","7":"product_cat-mochilas-y-mochilas-de-dia","8":"product_shipping_class-7-10-dias-laborables","10":"first","11":"instock","12":"taxable","13":"shipping-taxable","14":"purchasable","15":"product-type-simple"},"acf":[],"brands":[{"id":289,"name":"Noel","slug":"noel-es"}],"_links":{"self":[{"href":"https:\/\/nordicbags.eu\/es\/wp-json\/wp\/v2\/product\/6133","targetHints":{"allow":["GET"]}}],"collection":[{"href":"https:\/\/nordicbags.eu\/es\/wp-json\/wp\/v2\/product"}],"about":[{"href":"https:\/\/nordicbags.eu\/es\/wp-json\/wp\/v2\/types\/product"}],"replies":[{"embeddable":true,"href":"https:\/\/nordicbags.eu\/es\/wp-json\/wp\/v2\/comments?post=6133"}],"wp:featuredmedia":[{"embeddable":true,"href":"https:\/\/nordicbags.eu\/es\/wp-json\/wp\/v2\/media\/5603"}],"wp:attachment":[{"href":"https:\/\/nordicbags.eu\/es\/wp-json\/wp\/v2\/media?parent=6133"}],"wp:term":[{"taxonomy":"pwb-brand","embeddable":true,"href":"https:\/\/nordicbags.eu\/es\/wp-json\/wp\/v2\/pwb-brand?post=6133"},{"taxonomy":"product_brand","embeddable":true,"href":"https:\/\/nordicbags.eu\/es\/wp-json\/wp\/v2\/product_brand?post=6133"},{"taxonomy":"product_cat","embeddable":true,"href":"https:\/\/nordicbags.eu\/es\/wp-json\/wp\/v2\/product_cat?post=6133"},{"taxonomy":"product_tag","embeddable":true,"href":"https:\/\/nordicbags.eu\/es\/wp-json\/wp\/v2\/product_tag?post=6133"}],"curies":[{"name":"wp","href":"https:\/\/api.w.org\/{rel}","templated":true}]}}