{"id":6135,"date":"2023-02-28T06:17:44","date_gmt":"2023-02-28T06:17:44","guid":{"rendered":"https:\/\/nordicbags.eu\/bolsa-de-viaje-008-camuflaje\/"},"modified":"2024-09-03T15:10:01","modified_gmt":"2024-09-03T15:10:01","slug":"bolsa-de-viaje-008","status":"publish","type":"product","link":"https:\/\/nordicbags.eu\/es\/producto\/bolsa-de-viaje-008\/","title":{"rendered":"Bolsa de viaje 008 &#8211; Camuflaje"},"content":{"rendered":"","protected":false},"excerpt":{"rendered":"<p>La <strong>Bolsa de viaje Galvi-Linda 008<\/strong> es una compa\u00f1era de estilo militar para todas tus necesidades de viaje, tanto si te diriges a una misi\u00f3n como si simplemente vas al gimnasio. Fabricada en <a href=\"https:\/\/foxa.fi\/en\/products\/foxdura-1000-kpul\">Foxdura<\/a>, un material robusto y resistente que suele encontrarse en la ropa de trabajo y militar, esta bolsa est\u00e1 hecha para soportar las condiciones m\u00e1s exigentes y durar a\u00f1os. La cordura es conocida por su resistencia y durabilidad, y puede soportar condiciones clim\u00e1ticas adversas y un manejo brusco, lo que la convierte en un material ideal para una bolsa de viaje. Adem\u00e1s, ofrece espacio de sobra para todos tus objetos de viaje. Su espacioso compartimento principal y sus m\u00faltiples bolsillos con cremallera en los laterales y en el interior proporcionan un amplio espacio de almacenamiento, permiti\u00e9ndole llevar todo lo necesario para su viaje. El bolsillo principal con cremallera facilita el acceso a tus pertenencias, mientras que los bolsillos m\u00e1s peque\u00f1os permiten organizar c\u00f3modamente los objetos m\u00e1s peque\u00f1os.  <\/p>\n<ul>\n<li>Fabricado en resistente Foxdura<\/li>\n<li>Color: camuflaje digital de las Fuerzas Armadas de Estonia<\/li>\n<li>Dimensiones: 31 cm x 55 cm x 25 cm<\/li>\n<li>C\u00f3digo OTAN: 8465-38-000-0619<\/li>\n<li>Certificados de proveedores: <a href=\"https:\/\/www.iso.org\/standard\/62085.html\">ISO 9001:2015<\/a>\n  <\/li>\n<li>Dise\u00f1ado y fabricado en Estonia<\/li>\n<\/ul>\n","protected":false},"featured_media":5631,"comment_status":"open","ping_status":"closed","template":"","meta":{"_acf_changed":false},"pwb-brand":[285],"product_brand":[],"product_cat":[241,271],"product_tag":[],"class_list":{"0":"post-6135","1":"product","2":"type-product","3":"status-publish","4":"has-post-thumbnail","6":"pwb-brand-galvi-linda-es","7":"product_cat-bolsas-de-viaje","8":"product_cat-bolsas-militares","9":"product_shipping_class-regular-es","11":"first","12":"outofstock","13":"taxable","14":"shipping-taxable","15":"purchasable","16":"product-type-simple"},"acf":[],"brands":[{"id":285,"name":"Galvi-Linda","slug":"galvi-linda-es"}],"_links":{"self":[{"href":"https:\/\/nordicbags.eu\/es\/wp-json\/wp\/v2\/product\/6135","targetHints":{"allow":["GET"]}}],"collection":[{"href":"https:\/\/nordicbags.eu\/es\/wp-json\/wp\/v2\/product"}],"about":[{"href":"https:\/\/nordicbags.eu\/es\/wp-json\/wp\/v2\/types\/product"}],"replies":[{"embeddable":true,"href":"https:\/\/nordicbags.eu\/es\/wp-json\/wp\/v2\/comments?post=6135"}],"wp:featuredmedia":[{"embeddable":true,"href":"https:\/\/nordicbags.eu\/es\/wp-json\/wp\/v2\/media\/5631"}],"wp:attachment":[{"href":"https:\/\/nordicbags.eu\/es\/wp-json\/wp\/v2\/media?parent=6135"}],"wp:term":[{"taxonomy":"pwb-brand","embeddable":true,"href":"https:\/\/nordicbags.eu\/es\/wp-json\/wp\/v2\/pwb-brand?post=6135"},{"taxonomy":"product_brand","embeddable":true,"href":"https:\/\/nordicbags.eu\/es\/wp-json\/wp\/v2\/product_brand?post=6135"},{"taxonomy":"product_cat","embeddable":true,"href":"https:\/\/nordicbags.eu\/es\/wp-json\/wp\/v2\/product_cat?post=6135"},{"taxonomy":"product_tag","embeddable":true,"href":"https:\/\/nordicbags.eu\/es\/wp-json\/wp\/v2\/product_tag?post=6135"}],"curies":[{"name":"wp","href":"https:\/\/api.w.org\/{rel}","templated":true}]}}