{"id":6138,"date":"2023-02-27T23:40:04","date_gmt":"2023-02-27T23:40:04","guid":{"rendered":"https:\/\/nordicbags.eu\/mochila-de-fieltro-lund-mini-negra\/"},"modified":"2024-09-03T15:23:27","modified_gmt":"2024-09-03T15:23:27","slug":"lund-mini-mochila-negra","status":"publish","type":"product","link":"https:\/\/nordicbags.eu\/es\/producto\/lund-mini-mochila-negra\/","title":{"rendered":"Mochila de fieltro LUND MINI &#8211; Negra"},"content":{"rendered":"","protected":false},"excerpt":{"rendered":"<p>La mochila de fieltro <strong>LUND MINI<\/strong> es una edici\u00f3n mini de una mochila Lund. Dise\u00f1o s\u00f3lido con caracter\u00edsticas minimalistas. Su elegante geometr\u00eda y la combinaci\u00f3n de materiales rugosos crean un moderno aspecto personalizado. Esta pr\u00e1ctica y elegante bolsa unisex es ligera, mantiene bien su forma y es lo suficientemente espaciosa para guardar documentos A4 esenciales y un port\u00e1til m\u00e1s peque\u00f1o. Su dise\u00f1o minimalista sigue siendo vers\u00e1til para combinar con cualquier atuendo. La bolsa tiene un bolsillo interior tejido y correas ajustables; la solapa delantera se cierra con broches magn\u00e9ticos.<\/p>\n<p>Los bolsos de Nordhale son para quienes aprecian la vida lenta y tienen la confianza necesaria para desmarcarse de lo ordinario. 100% hecho a mano en Estonia. Dise\u00f1ados para durar en cualquier condici\u00f3n meteorol\u00f3gica.<\/p>\n<ul>\n<li>Fieltro PET reciclado<\/li>\n<li>Resistente a la intemperie<\/li>\n<li>100% hecho a mano en Estonia<\/li>\n<li>Se env\u00eda en un paquete ecol\u00f3gico<\/li>\n<li>Tama\u00f1o 12\u2033 &#8211; dimensiones 32 x 23 x 10 cm (alto, largo, ancho), se ajusta a A4<\/li>\n<li>Peso 370 g<\/li>\n<\/ul>\n","protected":false},"featured_media":5521,"comment_status":"open","ping_status":"closed","template":"","meta":{"_acf_changed":false},"pwb-brand":[290],"product_brand":[],"product_cat":[242],"product_tag":[],"class_list":{"0":"post-6138","1":"product","2":"type-product","3":"status-publish","4":"has-post-thumbnail","6":"pwb-brand-nordhale-es","7":"product_cat-mochilas-y-mochilas-de-dia","8":"product_shipping_class-regular-es","10":"first","11":"instock","12":"taxable","13":"shipping-taxable","14":"purchasable","15":"product-type-simple"},"acf":[],"brands":[{"id":290,"name":"Nordhale","slug":"nordhale-es"}],"_links":{"self":[{"href":"https:\/\/nordicbags.eu\/es\/wp-json\/wp\/v2\/product\/6138","targetHints":{"allow":["GET"]}}],"collection":[{"href":"https:\/\/nordicbags.eu\/es\/wp-json\/wp\/v2\/product"}],"about":[{"href":"https:\/\/nordicbags.eu\/es\/wp-json\/wp\/v2\/types\/product"}],"replies":[{"embeddable":true,"href":"https:\/\/nordicbags.eu\/es\/wp-json\/wp\/v2\/comments?post=6138"}],"wp:featuredmedia":[{"embeddable":true,"href":"https:\/\/nordicbags.eu\/es\/wp-json\/wp\/v2\/media\/5521"}],"wp:attachment":[{"href":"https:\/\/nordicbags.eu\/es\/wp-json\/wp\/v2\/media?parent=6138"}],"wp:term":[{"taxonomy":"pwb-brand","embeddable":true,"href":"https:\/\/nordicbags.eu\/es\/wp-json\/wp\/v2\/pwb-brand?post=6138"},{"taxonomy":"product_brand","embeddable":true,"href":"https:\/\/nordicbags.eu\/es\/wp-json\/wp\/v2\/product_brand?post=6138"},{"taxonomy":"product_cat","embeddable":true,"href":"https:\/\/nordicbags.eu\/es\/wp-json\/wp\/v2\/product_cat?post=6138"},{"taxonomy":"product_tag","embeddable":true,"href":"https:\/\/nordicbags.eu\/es\/wp-json\/wp\/v2\/product_tag?post=6138"}],"curies":[{"name":"wp","href":"https:\/\/api.w.org\/{rel}","templated":true}]}}