{"id":6139,"date":"2023-02-27T23:42:41","date_gmt":"2023-02-27T23:42:41","guid":{"rendered":"https:\/\/nordicbags.eu\/rinonera-de-piel-22-marron-oscuro\/"},"modified":"2024-09-03T15:26:11","modified_gmt":"2024-09-03T15:26:11","slug":"bolso-bolso-de-piel-22-marron-oscuro","status":"publish","type":"product","link":"https:\/\/nordicbags.eu\/es\/producto\/bolso-bolso-de-piel-22-marron-oscuro\/","title":{"rendered":"Ri\u00f1onera de piel 22 &#8211; Marr\u00f3n oscuro"},"content":{"rendered":"","protected":false},"excerpt":{"rendered":"<p>La <strong>Ri\u00f1onera 22<\/strong> de cuero aut\u00e9ntico est\u00e1 dise\u00f1ada y fabricada a mano en Estonia. Tiene un bolsillo principal m\u00e1s grande con cremallera y un bolsillo delantero m\u00e1s peque\u00f1o con cremallera. Tambi\u00e9n hay un bolsillo m\u00e1s grande con cremallera en la parte trasera de la bolsa. La ri\u00f1onera tiene una correa ajustable de 82-113 cm<\/p>\n<ul>\n<li>De cuero aut\u00e9ntico<\/li>\n<li>Dimensiones: 30 cm x 13 cm x 10 cm<\/li>\n<li>Fabricado en Estonia<\/li>\n<\/ul>\n<p>El estudio estonio de marroquiner\u00eda Papillon dise\u00f1a y fabrica bolsos, maletines y otros productos de piel desde 1994. Los productos de Papillon son conocidos por su alta calidad y se fabrican a mano en Tartu (Estonia).<\/p>\n","protected":false},"featured_media":5565,"comment_status":"open","ping_status":"closed","template":"","meta":{"_acf_changed":false},"pwb-brand":[286],"product_brand":[],"product_cat":[249,272],"product_tag":[],"class_list":{"0":"post-6139","1":"product","2":"type-product","3":"status-publish","4":"has-post-thumbnail","6":"pwb-brand-papillon-es","7":"product_cat-bolsos-de-piel","8":"product_cat-rinoneras","10":"first","11":"instock","12":"taxable","13":"shipping-taxable","14":"purchasable","15":"product-type-simple"},"acf":[],"brands":[{"id":286,"name":"Papillon","slug":"papillon-es"}],"_links":{"self":[{"href":"https:\/\/nordicbags.eu\/es\/wp-json\/wp\/v2\/product\/6139","targetHints":{"allow":["GET"]}}],"collection":[{"href":"https:\/\/nordicbags.eu\/es\/wp-json\/wp\/v2\/product"}],"about":[{"href":"https:\/\/nordicbags.eu\/es\/wp-json\/wp\/v2\/types\/product"}],"replies":[{"embeddable":true,"href":"https:\/\/nordicbags.eu\/es\/wp-json\/wp\/v2\/comments?post=6139"}],"wp:featuredmedia":[{"embeddable":true,"href":"https:\/\/nordicbags.eu\/es\/wp-json\/wp\/v2\/media\/5565"}],"wp:attachment":[{"href":"https:\/\/nordicbags.eu\/es\/wp-json\/wp\/v2\/media?parent=6139"}],"wp:term":[{"taxonomy":"pwb-brand","embeddable":true,"href":"https:\/\/nordicbags.eu\/es\/wp-json\/wp\/v2\/pwb-brand?post=6139"},{"taxonomy":"product_brand","embeddable":true,"href":"https:\/\/nordicbags.eu\/es\/wp-json\/wp\/v2\/product_brand?post=6139"},{"taxonomy":"product_cat","embeddable":true,"href":"https:\/\/nordicbags.eu\/es\/wp-json\/wp\/v2\/product_cat?post=6139"},{"taxonomy":"product_tag","embeddable":true,"href":"https:\/\/nordicbags.eu\/es\/wp-json\/wp\/v2\/product_tag?post=6139"}],"curies":[{"name":"wp","href":"https:\/\/api.w.org\/{rel}","templated":true}]}}