{"id":6140,"date":"2023-02-28T06:13:19","date_gmt":"2023-02-28T06:13:19","guid":{"rendered":"https:\/\/nordicbags.eu\/tarjetero-40-bloqueo-rfid-nfc\/"},"modified":"2025-05-30T03:55:50","modified_gmt":"2025-05-30T03:55:50","slug":"tarjetero-de-cuero-40","status":"publish","type":"product","link":"https:\/\/nordicbags.eu\/es\/producto\/tarjetero-de-cuero-40\/","title":{"rendered":"Tarjetero 40 &#8211; Bloqueo RFID\/NFC"},"content":{"rendered":"","protected":false},"excerpt":{"rendered":"<p>Fabricado en aluminio y piel natural, <strong>Card Holder 40<\/strong> es un pr\u00e1ctico tarjetero para la persona especialmente pr\u00e1ctica. El tarjetero puede alojar hasta 8 tarjetas, y el mecanismo de expulsi\u00f3n f\u00e1cil garantiza un acceso c\u00f3modo a las tarjetas. Por otro lado, la robusta carcasa de aluminio protege las tarjetas de la flexi\u00f3n y el desgaste. Y con el bloqueo RFID\/NFC, el tarjetero protege sus tarjetas de presencias no deseadas. El tarjetero est\u00e1 dise\u00f1ado y fabricado en Estonia.  <\/p>\n<ul>\n<li>De cuero aut\u00e9ntico y aluminio<\/li>\n<li>Bloqueo RFID\/NFC<\/li>\n<li>Dimensiones: 10 cm x 6,5 cm x 1 cm<\/li>\n<li>Fabricado en Estonia<\/li>\n<\/ul>\n<p>El estudio estonio de marroquiner\u00eda Papillon dise\u00f1a y fabrica bolsos, maletines y otros productos de piel desde 1994. Los productos de Papillon son conocidos por su alta calidad y se fabrican a mano en Tartu (Estonia).<\/p>\n","protected":false},"featured_media":5835,"comment_status":"open","ping_status":"closed","template":"","meta":{"_acf_changed":false},"pwb-brand":[286],"product_brand":[],"product_cat":[257,277,255,249,276,258,256],"product_tag":[],"class_list":{"0":"post-6140","1":"product","2":"type-product","3":"status-publish","4":"has-post-thumbnail","6":"pwb-brand-papillon-es","7":"product_cat-billeteros-y-carteras-de-hombre","8":"product_cat-billeteros-mujer","9":"product_cat-billeteros-y-tarjeteros","10":"product_cat-bolsos-de-piel","11":"product_cat-carteras-de-piel","12":"product_cat-tarjeteros","13":"product_cat-tarjeteros-de-piel","15":"first","16":"instock","17":"taxable","18":"shipping-taxable","19":"purchasable","20":"product-type-variable"},"acf":[],"brands":[{"id":286,"name":"Papillon","slug":"papillon-es"}],"_links":{"self":[{"href":"https:\/\/nordicbags.eu\/es\/wp-json\/wp\/v2\/product\/6140","targetHints":{"allow":["GET"]}}],"collection":[{"href":"https:\/\/nordicbags.eu\/es\/wp-json\/wp\/v2\/product"}],"about":[{"href":"https:\/\/nordicbags.eu\/es\/wp-json\/wp\/v2\/types\/product"}],"replies":[{"embeddable":true,"href":"https:\/\/nordicbags.eu\/es\/wp-json\/wp\/v2\/comments?post=6140"}],"wp:featuredmedia":[{"embeddable":true,"href":"https:\/\/nordicbags.eu\/es\/wp-json\/wp\/v2\/media\/5835"}],"wp:attachment":[{"href":"https:\/\/nordicbags.eu\/es\/wp-json\/wp\/v2\/media?parent=6140"}],"wp:term":[{"taxonomy":"pwb-brand","embeddable":true,"href":"https:\/\/nordicbags.eu\/es\/wp-json\/wp\/v2\/pwb-brand?post=6140"},{"taxonomy":"product_brand","embeddable":true,"href":"https:\/\/nordicbags.eu\/es\/wp-json\/wp\/v2\/product_brand?post=6140"},{"taxonomy":"product_cat","embeddable":true,"href":"https:\/\/nordicbags.eu\/es\/wp-json\/wp\/v2\/product_cat?post=6140"},{"taxonomy":"product_tag","embeddable":true,"href":"https:\/\/nordicbags.eu\/es\/wp-json\/wp\/v2\/product_tag?post=6140"}],"curies":[{"name":"wp","href":"https:\/\/api.w.org\/{rel}","templated":true}]}}