{"id":6142,"date":"2023-02-27T23:40:14","date_gmt":"2023-02-27T23:40:14","guid":{"rendered":"https:\/\/nordicbags.eu\/mochila-de-fieltro-lund-negra\/"},"modified":"2024-01-09T16:43:11","modified_gmt":"2024-01-09T16:43:11","slug":"lund-negro","status":"publish","type":"product","link":"https:\/\/nordicbags.eu\/es\/producto\/lund-negro\/","title":{"rendered":"Mochila de fieltro LUND &#8211; Negra"},"content":{"rendered":"","protected":false},"excerpt":{"rendered":"<p><strong>LUND<\/strong> es una mochila unisex pr\u00e1ctica y elegante con un bolsillo interior para el port\u00e1til. Dise\u00f1o s\u00f3lido con caracter\u00edsticas minimalistas. Su elegante geometr\u00eda y la combinaci\u00f3n de materiales rugosos crean un moderno aspecto personalizado. El dise\u00f1o minimalista de la mochila de fieltro LUND sigue siendo vers\u00e1til para combinar con cualquier atuendo. Esta pr\u00e1ctica y elegante mochila unisex es ligera, mantiene bien su forma y es lo bastante espaciosa para guardar un port\u00e1til, documentos y todo lo esencial.<\/p>\n<h3>Tama\u00f1os<\/h3>\n<p>Disponible en dos tama\u00f1os &#8211; tama\u00f1o 15\u2033 y 17\u2033. La bolsa tiene un bolsillo interior de repuesto para el port\u00e1til y correas de cincha ajustables. La solapa delantera se cierra con broches magn\u00e9ticos. El fieltro duradero y la fabricaci\u00f3n artesanal hacen de este bolso su compa\u00f1ero diario durante mucho tiempo.<\/p>\n<p>Los bolsos de Nordhale son para quienes aprecian la vida lenta y tienen la confianza necesaria para desmarcarse de lo ordinario. 100% hecho a mano en Estonia. Dise\u00f1ados para durar en cualquier condici\u00f3n meteorol\u00f3gica.<\/p>\n<ul>\n<li>Fieltro PET reciclado<\/li>\n<li>Resistente a la intemperie<\/li>\n<li>100% hecho a mano en Estonia<\/li>\n<li>Se env\u00eda en un paquete ecol\u00f3gico<\/li>\n<li>Tama\u00f1o 15\u2033 &#8211; dimensiones 28 x 40 x14 cm, peso 542g<\/li>\n<li>Tama\u00f1o 17\u2033 &#8211; dimensiones 30 x 44 x 14 cm, peso 615g<\/li>\n<\/ul>\n<h3>Caracter\u00edsticas del producto<\/h3>\n<table border=\"1\">\n<tbody>\n<tr>\n<th>Caracter\u00edstica<\/th>\n<th>Descripci\u00f3n<\/th>\n<\/tr>\n<tr>\n<td>Material<\/td>\n<td>Fieltro de PET reciclado<\/td>\n<\/tr>\n<tr>\n<td>Resistencia al clima<\/td>\n<td>Resistente a la intemperie<\/td>\n<\/tr>\n<tr>\n<td>Fabricaci\u00f3n<\/td>\n<td>100% hecho a mano en Estonia<\/td>\n<\/tr>\n<tr>\n<td>Empaque<\/td>\n<td>Enviado en embalaje ecol\u00f3gico<\/td>\n<\/tr>\n<tr>\n<td>Tama\u00f1o 15\u2033<\/td>\n<td>Dimensiones: 28 x 40 x 14 cm, Peso: 542g<\/td>\n<\/tr>\n<tr>\n<td>Tama\u00f1o 17\u2033<\/td>\n<td>Dimensiones: 30 x 44 x 14 cm, Peso: 615g<\/td>\n<\/tr>\n<\/tbody>\n<\/table>\n<h3>El tiempo de entrega<\/h3>\n","protected":false},"featured_media":5531,"comment_status":"open","ping_status":"closed","template":"","meta":{"_acf_changed":false},"pwb-brand":[290],"product_brand":[],"product_cat":[242],"product_tag":[],"class_list":{"0":"post-6142","1":"product","2":"type-product","3":"status-publish","4":"has-post-thumbnail","6":"pwb-brand-nordhale-es","7":"product_cat-mochilas-y-mochilas-de-dia","8":"product_shipping_class-regular-es","10":"first","11":"instock","12":"featured","13":"taxable","14":"shipping-taxable","15":"purchasable","16":"product-type-variable"},"acf":[],"brands":[{"id":290,"name":"Nordhale","slug":"nordhale-es"}],"_links":{"self":[{"href":"https:\/\/nordicbags.eu\/es\/wp-json\/wp\/v2\/product\/6142","targetHints":{"allow":["GET"]}}],"collection":[{"href":"https:\/\/nordicbags.eu\/es\/wp-json\/wp\/v2\/product"}],"about":[{"href":"https:\/\/nordicbags.eu\/es\/wp-json\/wp\/v2\/types\/product"}],"replies":[{"embeddable":true,"href":"https:\/\/nordicbags.eu\/es\/wp-json\/wp\/v2\/comments?post=6142"}],"wp:featuredmedia":[{"embeddable":true,"href":"https:\/\/nordicbags.eu\/es\/wp-json\/wp\/v2\/media\/5531"}],"wp:attachment":[{"href":"https:\/\/nordicbags.eu\/es\/wp-json\/wp\/v2\/media?parent=6142"}],"wp:term":[{"taxonomy":"pwb-brand","embeddable":true,"href":"https:\/\/nordicbags.eu\/es\/wp-json\/wp\/v2\/pwb-brand?post=6142"},{"taxonomy":"product_brand","embeddable":true,"href":"https:\/\/nordicbags.eu\/es\/wp-json\/wp\/v2\/product_brand?post=6142"},{"taxonomy":"product_cat","embeddable":true,"href":"https:\/\/nordicbags.eu\/es\/wp-json\/wp\/v2\/product_cat?post=6142"},{"taxonomy":"product_tag","embeddable":true,"href":"https:\/\/nordicbags.eu\/es\/wp-json\/wp\/v2\/product_tag?post=6142"}],"curies":[{"name":"wp","href":"https:\/\/api.w.org\/{rel}","templated":true}]}}