{"id":6157,"date":"2023-02-27T23:40:26","date_gmt":"2023-02-27T23:40:26","guid":{"rendered":"https:\/\/nordicbags.eu\/maletin-soren-15-gris\/"},"modified":"2024-09-03T15:21:16","modified_gmt":"2024-09-03T15:21:16","slug":"soren-gris","status":"publish","type":"product","link":"https:\/\/nordicbags.eu\/es\/producto\/soren-gris\/","title":{"rendered":"Malet\u00edn S\u00d6REN 15 &#8211; Gris"},"content":{"rendered":"","protected":false},"excerpt":{"rendered":"<p><strong>S\u00d6REN<\/strong> es un malet\u00edn unisex con una funda independiente para un port\u00e1til de hasta 15 pulgadas. Incluye tirantes ajustables y desmontables. S\u00d6REN tiene un dise\u00f1o de autor sencillo para quienes aprecian el estilo minimalista. Malet\u00edn unisex, un complemento vanguardista para un look de oficina elegante, para llevar el port\u00e1til y lo esencial. Un malet\u00edn vers\u00e1til para un port\u00e1til de hasta 15&#8243; con un compartimento de repuesto dentro de la bolsa. La solapa delantera se cierra con broches magn\u00e9ticos, y se incluye una correa ajustable y extra\u00edble para el hombro. Los bolsos de Nordhale son para quienes aprecian la vida lenta y tienen la confianza necesaria para desmarcarse de lo ordinario. 100% hecho a mano en Estonia. Pensado para durar en cualquier condici\u00f3n meteorol\u00f3gica.  <\/p>\n<ul>\n<li>Fieltro PET reciclado<\/li>\n<li>Resistente a la intemperie<\/li>\n<li>100% hecho a mano en Estonia<\/li>\n<li>Se env\u00eda en un paquete ecol\u00f3gico<\/li>\n<li>Dimensiones 30 x 38 x 8 cm (alto, largo, ancho)<\/li>\n<li>Peso 586 g<\/li>\n<\/ul>\n","protected":false},"featured_media":5542,"comment_status":"open","ping_status":"closed","template":"","meta":{"_acf_changed":false},"pwb-brand":[290],"product_brand":[],"product_cat":[262],"product_tag":[],"class_list":{"0":"post-6157","1":"product","2":"type-product","3":"status-publish","4":"has-post-thumbnail","6":"pwb-brand-nordhale-es","7":"product_cat-maletines","8":"product_shipping_class-regular-es","10":"first","11":"instock","12":"taxable","13":"shipping-taxable","14":"purchasable","15":"product-type-simple"},"acf":[],"brands":[{"id":290,"name":"Nordhale","slug":"nordhale-es"}],"_links":{"self":[{"href":"https:\/\/nordicbags.eu\/es\/wp-json\/wp\/v2\/product\/6157","targetHints":{"allow":["GET"]}}],"collection":[{"href":"https:\/\/nordicbags.eu\/es\/wp-json\/wp\/v2\/product"}],"about":[{"href":"https:\/\/nordicbags.eu\/es\/wp-json\/wp\/v2\/types\/product"}],"replies":[{"embeddable":true,"href":"https:\/\/nordicbags.eu\/es\/wp-json\/wp\/v2\/comments?post=6157"}],"wp:featuredmedia":[{"embeddable":true,"href":"https:\/\/nordicbags.eu\/es\/wp-json\/wp\/v2\/media\/5542"}],"wp:attachment":[{"href":"https:\/\/nordicbags.eu\/es\/wp-json\/wp\/v2\/media?parent=6157"}],"wp:term":[{"taxonomy":"pwb-brand","embeddable":true,"href":"https:\/\/nordicbags.eu\/es\/wp-json\/wp\/v2\/pwb-brand?post=6157"},{"taxonomy":"product_brand","embeddable":true,"href":"https:\/\/nordicbags.eu\/es\/wp-json\/wp\/v2\/product_brand?post=6157"},{"taxonomy":"product_cat","embeddable":true,"href":"https:\/\/nordicbags.eu\/es\/wp-json\/wp\/v2\/product_cat?post=6157"},{"taxonomy":"product_tag","embeddable":true,"href":"https:\/\/nordicbags.eu\/es\/wp-json\/wp\/v2\/product_tag?post=6157"}],"curies":[{"name":"wp","href":"https:\/\/api.w.org\/{rel}","templated":true}]}}