{"id":6158,"date":"2023-02-28T06:20:06","date_gmt":"2023-02-28T06:20:06","guid":{"rendered":"https:\/\/nordicbags.eu\/neceser-multifuncion-121-verde\/"},"modified":"2024-09-03T15:10:41","modified_gmt":"2024-09-03T15:10:41","slug":"bolsa-de-lavado-multifuncional-121","status":"publish","type":"product","link":"https:\/\/nordicbags.eu\/es\/producto\/bolsa-de-lavado-multifuncional-121\/","title":{"rendered":"Neceser multifunci\u00f3n 121 &#8211; Verde"},"content":{"rendered":"","protected":false},"excerpt":{"rendered":"<p>El neceser <strong>multifuncional 121<\/strong> est\u00e1 fabricado con material Cordura duradero, lo que garantiza que pueda resistir cualquier aventura al aire libre. El espacioso bolsillo con cremallera ofrece un amplio espacio para guardar sus art\u00edculos de higiene, como cepillos de dientes, pasta dent\u00edfrica, maquinilla de afeitar y otros utensilios de aseo. Con el espejo a\u00f1adido, podr\u00e1 afeitarse o maquillarse f\u00e1cilmente sobre la marcha. Esta bolsa de alta calidad sirve tambi\u00e9n como neceser de exterior con un pr\u00e1ctico espejo. De tama\u00f1o compacto, es f\u00e1cil de transportar y guardar en la mochila o el equipaje, lo que la convierte en la compa\u00f1era de viaje perfecta para todas sus necesidades de higiene.<\/p>\n<ul>\n<li>Fabricado en Cordura<\/li>\n<li>Color: verde militar<\/li>\n<li>Dimensiones: 26 cm x 19 cm<\/li>\n<li>Certificados de proveedores: <a href=\"https:\/\/www.iso.org\/standard\/62085.html\">ISO 9001:2015<\/a>\n  <\/li>\n<li>Dise\u00f1ado y fabricado en Estonia<\/li>\n<\/ul>\n","protected":false},"featured_media":5673,"comment_status":"open","ping_status":"closed","template":"","meta":{"_acf_changed":false},"pwb-brand":[285],"product_brand":[],"product_cat":[280,271],"product_tag":[],"class_list":{"0":"post-6158","1":"product","2":"type-product","3":"status-publish","4":"has-post-thumbnail","6":"pwb-brand-galvi-linda-es","7":"product_cat-bolsas-de-maquillaje-y-cosmeticos","8":"product_cat-bolsas-militares","9":"product_shipping_class-regular-es","11":"first","12":"instock","13":"taxable","14":"shipping-taxable","15":"purchasable","16":"product-type-simple"},"acf":[],"brands":[{"id":285,"name":"Galvi-Linda","slug":"galvi-linda-es"}],"_links":{"self":[{"href":"https:\/\/nordicbags.eu\/es\/wp-json\/wp\/v2\/product\/6158","targetHints":{"allow":["GET"]}}],"collection":[{"href":"https:\/\/nordicbags.eu\/es\/wp-json\/wp\/v2\/product"}],"about":[{"href":"https:\/\/nordicbags.eu\/es\/wp-json\/wp\/v2\/types\/product"}],"replies":[{"embeddable":true,"href":"https:\/\/nordicbags.eu\/es\/wp-json\/wp\/v2\/comments?post=6158"}],"wp:featuredmedia":[{"embeddable":true,"href":"https:\/\/nordicbags.eu\/es\/wp-json\/wp\/v2\/media\/5673"}],"wp:attachment":[{"href":"https:\/\/nordicbags.eu\/es\/wp-json\/wp\/v2\/media?parent=6158"}],"wp:term":[{"taxonomy":"pwb-brand","embeddable":true,"href":"https:\/\/nordicbags.eu\/es\/wp-json\/wp\/v2\/pwb-brand?post=6158"},{"taxonomy":"product_brand","embeddable":true,"href":"https:\/\/nordicbags.eu\/es\/wp-json\/wp\/v2\/product_brand?post=6158"},{"taxonomy":"product_cat","embeddable":true,"href":"https:\/\/nordicbags.eu\/es\/wp-json\/wp\/v2\/product_cat?post=6158"},{"taxonomy":"product_tag","embeddable":true,"href":"https:\/\/nordicbags.eu\/es\/wp-json\/wp\/v2\/product_tag?post=6158"}],"curies":[{"name":"wp","href":"https:\/\/api.w.org\/{rel}","templated":true}]}}