{"id":6168,"date":"2023-02-28T06:20:28","date_gmt":"2023-02-28T06:20:28","guid":{"rendered":"https:\/\/nordicbags.eu\/neceser-112-camuflaje\/"},"modified":"2024-09-03T15:09:49","modified_gmt":"2024-09-03T15:09:49","slug":"neceser-112-camo","status":"publish","type":"product","link":"https:\/\/nordicbags.eu\/es\/producto\/neceser-112-camo\/","title":{"rendered":"Neceser 112 &#8211; Camuflaje"},"content":{"rendered":"","protected":false},"excerpt":{"rendered":"<p>El <strong>neceser 112<\/strong> de Galvi-Linda, es una bolsa de calidad perfecta para guardar todos sus art\u00edculos de higiene personal. Fabricada con esmero y maestr\u00eda en Estonia, esta bolsa est\u00e1 hecha de <a href=\"https:\/\/foxa.fi\/en\/products\/foxdura-1000-kpul\">Foxdura<\/a>, un material muy resistente hecho para durar. Cuenta con un espacioso bolsillo con cremallera en el que podr\u00e1s guardar f\u00e1cilmente todos tus objetos de uso diario, incluidos el cepillo de dientes, la pasta dent\u00edfrica, la maquinilla de afeitar y otros utensilios de aseo. La bolsa tiene un tama\u00f1o compacto que facilita su transporte y almacenamiento en el equipaje.<\/p>\n<ul>\n<li>Hecho de Foxdura<\/li>\n<li>Color: camuflaje digital de las Fuerzas Armadas de Estonia<\/li>\n<li>Dimensiones: 20 cm x 18 cm x 10 cm<\/li>\n<li>Certificados de proveedores: <a href=\"https:\/\/www.iso.org\/standard\/62085.html\">ISO 9001:2015<\/a>\n  <\/li>\n<li>Dise\u00f1ado y fabricado en Estonia<\/li>\n<\/ul>\n","protected":false},"featured_media":5676,"comment_status":"open","ping_status":"closed","template":"","meta":{"_acf_changed":false},"pwb-brand":[285],"product_brand":[],"product_cat":[280,271],"product_tag":[],"class_list":{"0":"post-6168","1":"product","2":"type-product","3":"status-publish","4":"has-post-thumbnail","6":"pwb-brand-galvi-linda-es","7":"product_cat-bolsas-de-maquillaje-y-cosmeticos","8":"product_cat-bolsas-militares","9":"product_shipping_class-regular-es","11":"first","12":"outofstock","13":"taxable","14":"shipping-taxable","15":"purchasable","16":"product-type-simple"},"acf":[],"brands":[{"id":285,"name":"Galvi-Linda","slug":"galvi-linda-es"}],"_links":{"self":[{"href":"https:\/\/nordicbags.eu\/es\/wp-json\/wp\/v2\/product\/6168","targetHints":{"allow":["GET"]}}],"collection":[{"href":"https:\/\/nordicbags.eu\/es\/wp-json\/wp\/v2\/product"}],"about":[{"href":"https:\/\/nordicbags.eu\/es\/wp-json\/wp\/v2\/types\/product"}],"replies":[{"embeddable":true,"href":"https:\/\/nordicbags.eu\/es\/wp-json\/wp\/v2\/comments?post=6168"}],"wp:featuredmedia":[{"embeddable":true,"href":"https:\/\/nordicbags.eu\/es\/wp-json\/wp\/v2\/media\/5676"}],"wp:attachment":[{"href":"https:\/\/nordicbags.eu\/es\/wp-json\/wp\/v2\/media?parent=6168"}],"wp:term":[{"taxonomy":"pwb-brand","embeddable":true,"href":"https:\/\/nordicbags.eu\/es\/wp-json\/wp\/v2\/pwb-brand?post=6168"},{"taxonomy":"product_brand","embeddable":true,"href":"https:\/\/nordicbags.eu\/es\/wp-json\/wp\/v2\/product_brand?post=6168"},{"taxonomy":"product_cat","embeddable":true,"href":"https:\/\/nordicbags.eu\/es\/wp-json\/wp\/v2\/product_cat?post=6168"},{"taxonomy":"product_tag","embeddable":true,"href":"https:\/\/nordicbags.eu\/es\/wp-json\/wp\/v2\/product_tag?post=6168"}],"curies":[{"name":"wp","href":"https:\/\/api.w.org\/{rel}","templated":true}]}}