{"id":6170,"date":"2023-02-28T06:21:30","date_gmt":"2023-02-28T06:21:30","guid":{"rendered":"https:\/\/nordicbags.eu\/neceser-112\/"},"modified":"2025-05-31T22:59:41","modified_gmt":"2025-05-31T22:59:41","slug":"neceser-112","status":"publish","type":"product","link":"https:\/\/nordicbags.eu\/es\/producto\/neceser-112\/","title":{"rendered":"Neceser 112"},"content":{"rendered":"","protected":false},"excerpt":{"rendered":"<p>El <strong>neceser 112<\/strong> de Galvi-Linda es una bolsa de calidad perfecta para guardar todos sus art\u00edculos de higiene personal. Fabricada con esmero y maestr\u00eda en Estonia, esta bolsa est\u00e1 hecha de Cordura, un material muy resistente hecho para durar. Cuenta con un espacioso bolsillo con cremallera en el que podr\u00e1s guardar f\u00e1cilmente todas tus necesidades diarias, incluidos el cepillo de dientes, la pasta dent\u00edfrica, la maquinilla de afeitar y otros utensilios de aseo. Adem\u00e1s, la bolsa es compacta, por lo que es f\u00e1cil de transportar y guardar en el equipaje.  <\/p>\n<ul>\n<li>Fabricado en Cordura<\/li>\n<li>Color: verde militar<\/li>\n<li>Dimensiones: 20 cm x 18 cm x 10 cm<\/li>\n<li>Certificados de proveedores: <a href=\"https:\/\/www.iso.org\/standard\/62085.html\">ISO 9001:2015<\/a>\n  <\/li>\n<li>Dise\u00f1ado y fabricado en Estonia<\/li>\n<\/ul>\n","protected":false},"featured_media":5677,"comment_status":"open","ping_status":"closed","template":"","meta":{"_acf_changed":false},"pwb-brand":[285],"product_brand":[],"product_cat":[280,271],"product_tag":[],"class_list":{"0":"post-6170","1":"product","2":"type-product","3":"status-publish","4":"has-post-thumbnail","6":"pwb-brand-galvi-linda-es","7":"product_cat-bolsas-de-maquillaje-y-cosmeticos","8":"product_cat-bolsas-militares","9":"product_shipping_class-regular-es","11":"first","12":"instock","13":"taxable","14":"shipping-taxable","15":"purchasable","16":"product-type-simple"},"acf":[],"brands":[{"id":285,"name":"Galvi-Linda","slug":"galvi-linda-es"}],"_links":{"self":[{"href":"https:\/\/nordicbags.eu\/es\/wp-json\/wp\/v2\/product\/6170","targetHints":{"allow":["GET"]}}],"collection":[{"href":"https:\/\/nordicbags.eu\/es\/wp-json\/wp\/v2\/product"}],"about":[{"href":"https:\/\/nordicbags.eu\/es\/wp-json\/wp\/v2\/types\/product"}],"replies":[{"embeddable":true,"href":"https:\/\/nordicbags.eu\/es\/wp-json\/wp\/v2\/comments?post=6170"}],"wp:featuredmedia":[{"embeddable":true,"href":"https:\/\/nordicbags.eu\/es\/wp-json\/wp\/v2\/media\/5677"}],"wp:attachment":[{"href":"https:\/\/nordicbags.eu\/es\/wp-json\/wp\/v2\/media?parent=6170"}],"wp:term":[{"taxonomy":"pwb-brand","embeddable":true,"href":"https:\/\/nordicbags.eu\/es\/wp-json\/wp\/v2\/pwb-brand?post=6170"},{"taxonomy":"product_brand","embeddable":true,"href":"https:\/\/nordicbags.eu\/es\/wp-json\/wp\/v2\/product_brand?post=6170"},{"taxonomy":"product_cat","embeddable":true,"href":"https:\/\/nordicbags.eu\/es\/wp-json\/wp\/v2\/product_cat?post=6170"},{"taxonomy":"product_tag","embeddable":true,"href":"https:\/\/nordicbags.eu\/es\/wp-json\/wp\/v2\/product_tag?post=6170"}],"curies":[{"name":"wp","href":"https:\/\/api.w.org\/{rel}","templated":true}]}}