{"id":6186,"date":"2023-02-28T06:25:44","date_gmt":"2023-02-28T06:25:44","guid":{"rendered":"https:\/\/nordicbags.eu\/cartera-de-piel-98-1\/"},"modified":"2024-09-03T15:18:55","modified_gmt":"2024-09-03T15:18:55","slug":"falda-de-cuero-para-mujer-98-1","status":"publish","type":"product","link":"https:\/\/nordicbags.eu\/es\/producto\/falda-de-cuero-para-mujer-98-1\/","title":{"rendered":"Cartera de piel 98-1"},"content":{"rendered":"","protected":false},"excerpt":{"rendered":"<p><strong>La cartera de piel para mujer 98-1<\/strong> es una cartera de piel aut\u00e9ntica con 9 bolsillos para tarjetas, un bolsillo monedero y dos bolsillos para dinero en efectivo. La cartera est\u00e1 hecha a mano en Estonia. El estudio estonio de marroquiner\u00eda Papillon dise\u00f1a y fabrica bolsos, maletines y otros productos de piel desde 1994. Los productos de Papillon son conocidos por su alta calidad y est\u00e1n hechos a mano en Tartu (Estonia).  <\/p>\n<ul>\n<li>Dimensiones: 12,8 x 9,4 cm<\/li>\n<li>Fabricado en Estonia<\/li>\n<\/ul>\n","protected":false},"featured_media":5768,"comment_status":"open","ping_status":"closed","template":"","meta":{"_acf_changed":false},"pwb-brand":[286],"product_brand":[],"product_cat":[277,255,249,276],"product_tag":[],"class_list":{"0":"post-6186","1":"product","2":"type-product","3":"status-publish","4":"has-post-thumbnail","6":"pwb-brand-papillon-es","7":"product_cat-billeteros-mujer","8":"product_cat-billeteros-y-tarjeteros","9":"product_cat-bolsos-de-piel","10":"product_cat-carteras-de-piel","12":"first","13":"instock","14":"taxable","15":"shipping-taxable","16":"purchasable","17":"product-type-variable"},"acf":[],"brands":[{"id":286,"name":"Papillon","slug":"papillon-es"}],"_links":{"self":[{"href":"https:\/\/nordicbags.eu\/es\/wp-json\/wp\/v2\/product\/6186","targetHints":{"allow":["GET"]}}],"collection":[{"href":"https:\/\/nordicbags.eu\/es\/wp-json\/wp\/v2\/product"}],"about":[{"href":"https:\/\/nordicbags.eu\/es\/wp-json\/wp\/v2\/types\/product"}],"replies":[{"embeddable":true,"href":"https:\/\/nordicbags.eu\/es\/wp-json\/wp\/v2\/comments?post=6186"}],"wp:featuredmedia":[{"embeddable":true,"href":"https:\/\/nordicbags.eu\/es\/wp-json\/wp\/v2\/media\/5768"}],"wp:attachment":[{"href":"https:\/\/nordicbags.eu\/es\/wp-json\/wp\/v2\/media?parent=6186"}],"wp:term":[{"taxonomy":"pwb-brand","embeddable":true,"href":"https:\/\/nordicbags.eu\/es\/wp-json\/wp\/v2\/pwb-brand?post=6186"},{"taxonomy":"product_brand","embeddable":true,"href":"https:\/\/nordicbags.eu\/es\/wp-json\/wp\/v2\/product_brand?post=6186"},{"taxonomy":"product_cat","embeddable":true,"href":"https:\/\/nordicbags.eu\/es\/wp-json\/wp\/v2\/product_cat?post=6186"},{"taxonomy":"product_tag","embeddable":true,"href":"https:\/\/nordicbags.eu\/es\/wp-json\/wp\/v2\/product_tag?post=6186"}],"curies":[{"name":"wp","href":"https:\/\/api.w.org\/{rel}","templated":true}]}}