{"id":6187,"date":"2023-02-28T06:21:48","date_gmt":"2023-02-28T06:21:48","guid":{"rendered":"https:\/\/nordicbags.eu\/llavero-de-piel-close-to-you-negro\/"},"modified":"2024-09-03T15:12:36","modified_gmt":"2024-09-03T15:12:36","slug":"llavero-cercano-negro","status":"publish","type":"product","link":"https:\/\/nordicbags.eu\/es\/producto\/llavero-cercano-negro\/","title":{"rendered":"Llavero de piel Close to You &#8211; Negro"},"content":{"rendered":"","protected":false},"excerpt":{"rendered":"<p>El <strong>llavero de piel Close to<\/strong> You es perfecto para mantener tus llaves seguras y f\u00e1cilmente accesibles. El llavero est\u00e1 fabricado en cuero de curtido vegetal que envejece de maravilla. Adem\u00e1s, puedes elegir entre detalles met\u00e1licos de n\u00edquel o lat\u00f3n para que combinen con tu estilo. <strong>Stella Soomlais<\/strong> es una aclamada marca de dise\u00f1o de Estonia que crea y produce todos sus art\u00edculos localmente. Su objetivo es crear bolsos y accesorios funcionales y duraderos, fabricados con responsabilidad. Adem\u00e1s, cada art\u00edculo se elabora de forma exclusiva por encargo.<\/p>\n<ul>\n<li>Piel de curtido vegetal<\/li>\n<li>Dimensiones de la pieza de cuero: 1,5 x 9 cm<\/li>\n<li>Di\u00e1metro del anillo: 2,7 cm<\/li>\n<li>Hecho a mano en Estonia<\/li>\n<\/ul>\n","protected":false},"featured_media":5691,"comment_status":"open","ping_status":"closed","template":"","meta":{"_acf_changed":false},"pwb-brand":[288],"product_brand":[],"product_cat":[275],"product_tag":[],"class_list":{"0":"post-6187","1":"product","2":"type-product","3":"status-publish","4":"has-post-thumbnail","6":"pwb-brand-stella-soomlais-es","7":"product_cat-accesorios","8":"product_shipping_class-por-encargo","10":"first","11":"instock","12":"taxable","13":"shipping-taxable","14":"purchasable","15":"product-type-variable"},"acf":[],"brands":[{"id":288,"name":"Stella Soomlais","slug":"stella-soomlais-es"}],"_links":{"self":[{"href":"https:\/\/nordicbags.eu\/es\/wp-json\/wp\/v2\/product\/6187","targetHints":{"allow":["GET"]}}],"collection":[{"href":"https:\/\/nordicbags.eu\/es\/wp-json\/wp\/v2\/product"}],"about":[{"href":"https:\/\/nordicbags.eu\/es\/wp-json\/wp\/v2\/types\/product"}],"replies":[{"embeddable":true,"href":"https:\/\/nordicbags.eu\/es\/wp-json\/wp\/v2\/comments?post=6187"}],"wp:featuredmedia":[{"embeddable":true,"href":"https:\/\/nordicbags.eu\/es\/wp-json\/wp\/v2\/media\/5691"}],"wp:attachment":[{"href":"https:\/\/nordicbags.eu\/es\/wp-json\/wp\/v2\/media?parent=6187"}],"wp:term":[{"taxonomy":"pwb-brand","embeddable":true,"href":"https:\/\/nordicbags.eu\/es\/wp-json\/wp\/v2\/pwb-brand?post=6187"},{"taxonomy":"product_brand","embeddable":true,"href":"https:\/\/nordicbags.eu\/es\/wp-json\/wp\/v2\/product_brand?post=6187"},{"taxonomy":"product_cat","embeddable":true,"href":"https:\/\/nordicbags.eu\/es\/wp-json\/wp\/v2\/product_cat?post=6187"},{"taxonomy":"product_tag","embeddable":true,"href":"https:\/\/nordicbags.eu\/es\/wp-json\/wp\/v2\/product_tag?post=6187"}],"curies":[{"name":"wp","href":"https:\/\/api.w.org\/{rel}","templated":true}]}}