{"id":6189,"date":"2023-02-28T06:24:25","date_gmt":"2023-02-28T06:24:25","guid":{"rendered":"https:\/\/nordicbags.eu\/mochila-063-2\/"},"modified":"2024-09-03T15:09:41","modified_gmt":"2024-09-03T15:09:41","slug":"mochila-063-verde","status":"publish","type":"product","link":"https:\/\/nordicbags.eu\/es\/producto\/mochila-063-verde\/","title":{"rendered":"Mochila 063"},"content":{"rendered":"","protected":false},"excerpt":{"rendered":"<p><strong>La mochila Galvi-Linda 063<\/strong> es lo \u00faltimo en mochilas de grado militar para cualquier aventura o situaci\u00f3n. Fabricada con material <a href=\"https:\/\/www.canvasetc.com\/explanation-cordura-fabric\/\">Cordura<\/a> de gran durabilidad, esta mochila est\u00e1 hecha para soportar incluso las condiciones m\u00e1s exigentes. Con dos grandes compartimentos separados y dos peque\u00f1os compartimentos separados en la parte delantera, la mochila Galvi-Linda 063 ofrece un amplio espacio para todo su equipo esencial. Los amplios compartimentos se abren hasta el final, por lo que el embalaje y el acceso a sus art\u00edculos resultan incre\u00edblemente c\u00f3modos. Tanto si te vas de excursi\u00f3n o de viaje de fin de semana como si necesitas una mochila fiable para tus desplazamientos diarios, la mochila Galvi-Linda 063 te cubre las espaldas. Esta bolsa est\u00e1 dise\u00f1ada para ser robusta y duradera, lo que garantiza que pueda hacer frente a todo lo que la vida le depare. Pero no se f\u00ede s\u00f3lo de nuestra palabra. Roland y Joosep, miembros del equipo Hertwill, utilizan esta mochila a diario para todo, desde ordenadores port\u00e1tiles hasta material de gimnasia. As\u00ed que puedes confiar en que esta mochila albergar\u00e1 c\u00f3modamente todos tus objetos esenciales. Prep\u00e1rate para afrontar cualquier reto con la mochila Galvi-Linda 063.  <\/p>\n<ul>\n<li>Fabricado en Cordura resistente<\/li>\n<li>Color: verde militar<\/li>\n<li>Dimensiones: 28 cm x 50 cm x 24 cm<\/li>\n<li>Capacidad: 35 liitritos<\/li>\n<li>Certificados de proveedores: <a href=\"https:\/\/www.iso.org\/standard\/62085.html\">ISO 9001:2015<\/a>\n  <\/li>\n<li>Dise\u00f1ado y fabricado en Estonia<\/li>\n<\/ul>\n","protected":false},"featured_media":5727,"comment_status":"open","ping_status":"closed","template":"","meta":{"_acf_changed":false},"pwb-brand":[285],"product_brand":[],"product_cat":[241,271,242],"product_tag":[],"class_list":{"0":"post-6189","1":"product","2":"type-product","3":"status-publish","4":"has-post-thumbnail","6":"pwb-brand-galvi-linda-es","7":"product_cat-bolsas-de-viaje","8":"product_cat-bolsas-militares","9":"product_cat-mochilas-y-mochilas-de-dia","10":"product_shipping_class-regular-es","12":"first","13":"instock","14":"taxable","15":"shipping-taxable","16":"purchasable","17":"product-type-simple"},"acf":[],"brands":[{"id":285,"name":"Galvi-Linda","slug":"galvi-linda-es"}],"_links":{"self":[{"href":"https:\/\/nordicbags.eu\/es\/wp-json\/wp\/v2\/product\/6189","targetHints":{"allow":["GET"]}}],"collection":[{"href":"https:\/\/nordicbags.eu\/es\/wp-json\/wp\/v2\/product"}],"about":[{"href":"https:\/\/nordicbags.eu\/es\/wp-json\/wp\/v2\/types\/product"}],"replies":[{"embeddable":true,"href":"https:\/\/nordicbags.eu\/es\/wp-json\/wp\/v2\/comments?post=6189"}],"wp:featuredmedia":[{"embeddable":true,"href":"https:\/\/nordicbags.eu\/es\/wp-json\/wp\/v2\/media\/5727"}],"wp:attachment":[{"href":"https:\/\/nordicbags.eu\/es\/wp-json\/wp\/v2\/media?parent=6189"}],"wp:term":[{"taxonomy":"pwb-brand","embeddable":true,"href":"https:\/\/nordicbags.eu\/es\/wp-json\/wp\/v2\/pwb-brand?post=6189"},{"taxonomy":"product_brand","embeddable":true,"href":"https:\/\/nordicbags.eu\/es\/wp-json\/wp\/v2\/product_brand?post=6189"},{"taxonomy":"product_cat","embeddable":true,"href":"https:\/\/nordicbags.eu\/es\/wp-json\/wp\/v2\/product_cat?post=6189"},{"taxonomy":"product_tag","embeddable":true,"href":"https:\/\/nordicbags.eu\/es\/wp-json\/wp\/v2\/product_tag?post=6189"}],"curies":[{"name":"wp","href":"https:\/\/api.w.org\/{rel}","templated":true}]}}