{"id":6190,"date":"2023-02-28T06:23:15","date_gmt":"2023-02-28T06:23:15","guid":{"rendered":"https:\/\/nordicbags.eu\/mochila-tactica-019-negro\/"},"modified":"2024-08-20T06:12:20","modified_gmt":"2024-08-20T06:12:20","slug":"tactical-backpack-019-negro","status":"publish","type":"product","link":"https:\/\/nordicbags.eu\/es\/producto\/tactical-backpack-019-negro\/","title":{"rendered":"Mochila t\u00e1ctica 019 &#8211; Negro"},"content":{"rendered":"","protected":false},"excerpt":{"rendered":"<p>Presentamos la <strong>Mochila T\u00e1ctica 019<\/strong>, la \u00faltima incorporaci\u00f3n a la gama de bolsas de patrulla de Galvi-Linda. Esta mochila de grado militar est\u00e1 dise\u00f1ada para soportar las condiciones m\u00e1s exigentes. Est\u00e1 fabricado en <a href=\"https:\/\/www.canvasetc.com\/explanation-cordura-fabric\/\">Cordura<\/a>, un material de alto rendimiento conocido por su durabilidad y resistencia al desgaste. El panel frontal de la mochila cuenta con dos grandes bolsillos exteriores, que proporcionan un amplio espacio de almacenamiento para todos tus objetos esenciales. El bolsillo principal de la bolsa se abre completamente, lo que te permite guardar y acceder f\u00e1cilmente a tu equipo, convirti\u00e9ndola en una opci\u00f3n ideal para actividades al aire libre o como mochila de viaje. Con una capacidad de 35 litros, la mochila ofrece espacio de sobra para todas tus necesidades. Adem\u00e1s, con el sistema <a href=\"https:\/\/www.511tactical.com\/how-does-molle-work\">Molle<\/a>, la capacidad de 35 litros de la bolsa se puede ampliar f\u00e1cilmente a\u00f1adiendo accesorios, lo que te da la libertad de llevar a\u00fan m\u00e1s equipo contigo. La parte posterior de la mochila y las correas ergon\u00f3micas para los hombros est\u00e1n acolchadas, para que puedas llevar tu equipo c\u00f3modamente, incluso en largas distancias. La mochila tambi\u00e9n cuenta con un soporte de cadera ajustable y extra\u00edble, que proporciona estabilidad y comodidad adicionales. Adem\u00e1s, cuenta con un asa de transporte que facilita el transporte y el acceso r\u00e1pido a la mochila cuando m\u00e1s lo necesitas. Para mayor comodidad, la mochila viene con una funda impermeable extra\u00edble en un caj\u00f3n con cremallera bajo la parte inferior de la bolsa, lo que garantiza que tu equipo se mantenga seco incluso bajo la lluvia m\u00e1s intensa. Esta caracter\u00edstica hace que la mochila sea ideal para actividades al aire libre, acampadas o viajes en cualquier condici\u00f3n meteorol\u00f3gica. La mochila t\u00e1ctica 019 est\u00e1 construida para durar y est\u00e1 dise\u00f1ada y fabricada en Estonia, lo que garantiza la m\u00e1xima calidad y atenci\u00f3n al detalle. Tanto si te diriges a una misi\u00f3n como si te embarcas en una aventura, la mochila 019 es la elecci\u00f3n definitiva para cualquiera que busque durabilidad, funcionalidad y estilo.<\/p>\n<ul>\n<li>Fabricado en Cordura resistente<\/li>\n<li>Color: negro<\/li>\n<li>Dimensiones: 28 cm x 50 cm x 24 cm<\/li>\n<li>Capacidad: 35 litros<\/li>\n<li>Certificados de proveedores: <a href=\"https:\/\/www.iso.org\/standard\/62085.html\">ISO 9001:2015<\/a>\n  <\/li>\n<li>Dise\u00f1ado y fabricado en Estonia<\/li>\n<\/ul>\n","protected":false},"featured_media":5709,"comment_status":"open","ping_status":"closed","template":"","meta":{"_acf_changed":false},"pwb-brand":[285],"product_brand":[],"product_cat":[271,242],"product_tag":[],"class_list":{"0":"post-6190","1":"product","2":"type-product","3":"status-publish","4":"has-post-thumbnail","6":"pwb-brand-galvi-linda-es","7":"product_cat-bolsas-militares","8":"product_cat-mochilas-y-mochilas-de-dia","9":"product_shipping_class-regular-es","11":"first","12":"outofstock","13":"featured","14":"taxable","15":"shipping-taxable","16":"purchasable","17":"product-type-simple"},"acf":[],"brands":[{"id":285,"name":"Galvi-Linda","slug":"galvi-linda-es"}],"_links":{"self":[{"href":"https:\/\/nordicbags.eu\/es\/wp-json\/wp\/v2\/product\/6190","targetHints":{"allow":["GET"]}}],"collection":[{"href":"https:\/\/nordicbags.eu\/es\/wp-json\/wp\/v2\/product"}],"about":[{"href":"https:\/\/nordicbags.eu\/es\/wp-json\/wp\/v2\/types\/product"}],"replies":[{"embeddable":true,"href":"https:\/\/nordicbags.eu\/es\/wp-json\/wp\/v2\/comments?post=6190"}],"wp:featuredmedia":[{"embeddable":true,"href":"https:\/\/nordicbags.eu\/es\/wp-json\/wp\/v2\/media\/5709"}],"wp:attachment":[{"href":"https:\/\/nordicbags.eu\/es\/wp-json\/wp\/v2\/media?parent=6190"}],"wp:term":[{"taxonomy":"pwb-brand","embeddable":true,"href":"https:\/\/nordicbags.eu\/es\/wp-json\/wp\/v2\/pwb-brand?post=6190"},{"taxonomy":"product_brand","embeddable":true,"href":"https:\/\/nordicbags.eu\/es\/wp-json\/wp\/v2\/product_brand?post=6190"},{"taxonomy":"product_cat","embeddable":true,"href":"https:\/\/nordicbags.eu\/es\/wp-json\/wp\/v2\/product_cat?post=6190"},{"taxonomy":"product_tag","embeddable":true,"href":"https:\/\/nordicbags.eu\/es\/wp-json\/wp\/v2\/product_tag?post=6190"}],"curies":[{"name":"wp","href":"https:\/\/api.w.org\/{rel}","templated":true}]}}