{"id":6199,"date":"2023-02-28T06:22:02","date_gmt":"2023-02-28T06:22:02","guid":{"rendered":"https:\/\/nordicbags.eu\/mochila-tactica-077-camo\/"},"modified":"2025-06-02T04:46:52","modified_gmt":"2025-06-02T04:46:52","slug":"mochila-tactica-077-camo","status":"publish","type":"product","link":"https:\/\/nordicbags.eu\/es\/producto\/mochila-tactica-077-camo\/","title":{"rendered":"Mochila t\u00e1ctica 077 &#8211; Camo"},"content":{"rendered":"","protected":false},"excerpt":{"rendered":"<p>La <strong>Mochila T\u00e1ctica Galvi-Linda 077<\/strong> es lo \u00faltimo en mochilas para todas tus necesidades de patrulla militar. Fabricada con el resistente material Foxdura, esta bolsa est\u00e1 hecha para resistir cualquier situaci\u00f3n dif\u00edcil que pueda encontrarse en el campo. La bolsa destaca por su c\u00f3modo dise\u00f1o con respaldo acolchado y soporte para la cadera. Ll\u00e9velo durante periodos prolongados sin sentir fatiga, lo que le permitir\u00e1 centrarse en su misi\u00f3n sin molestias. El cierre de cord\u00f3n y la solapa mantienen tus pertenencias a salvo y seguras, mientras que el gran bolsillo principal y los dos bolsillos laterales ofrecen un amplio espacio de almacenamiento para todos tus objetos esenciales. As\u00ed que, tanto si necesitas llevar botellas de agua, munici\u00f3n u otro equipo, esta bolsa te tiene cubierto.  <\/p>\n<ul>\n<li>Material: Foxdura<\/li>\n<li>Color: camuflaje digital de las Fuerzas Armadas de Estonia<\/li>\n<li>Dimensiones: 34 cm x 50 cm x 18 cm<\/li>\n<li>Certificados de proveedores: ISO 9001:2015<\/li>\n<li>C\u00f3digo OTAN: 8465-38-000-9537<\/li>\n<li>Dise\u00f1ado y fabricado en Estonia<\/li>\n<\/ul>\n","protected":false},"featured_media":5693,"comment_status":"open","ping_status":"closed","template":"","meta":{"_acf_changed":false},"pwb-brand":[285],"product_brand":[],"product_cat":[271,242],"product_tag":[],"class_list":{"0":"post-6199","1":"product","2":"type-product","3":"status-publish","4":"has-post-thumbnail","6":"pwb-brand-galvi-linda-es","7":"product_cat-bolsas-militares","8":"product_cat-mochilas-y-mochilas-de-dia","9":"product_shipping_class-regular-es","11":"first","12":"outofstock","13":"taxable","14":"shipping-taxable","15":"purchasable","16":"product-type-simple"},"acf":[],"brands":[{"id":285,"name":"Galvi-Linda","slug":"galvi-linda-es"}],"_links":{"self":[{"href":"https:\/\/nordicbags.eu\/es\/wp-json\/wp\/v2\/product\/6199","targetHints":{"allow":["GET"]}}],"collection":[{"href":"https:\/\/nordicbags.eu\/es\/wp-json\/wp\/v2\/product"}],"about":[{"href":"https:\/\/nordicbags.eu\/es\/wp-json\/wp\/v2\/types\/product"}],"replies":[{"embeddable":true,"href":"https:\/\/nordicbags.eu\/es\/wp-json\/wp\/v2\/comments?post=6199"}],"wp:featuredmedia":[{"embeddable":true,"href":"https:\/\/nordicbags.eu\/es\/wp-json\/wp\/v2\/media\/5693"}],"wp:attachment":[{"href":"https:\/\/nordicbags.eu\/es\/wp-json\/wp\/v2\/media?parent=6199"}],"wp:term":[{"taxonomy":"pwb-brand","embeddable":true,"href":"https:\/\/nordicbags.eu\/es\/wp-json\/wp\/v2\/pwb-brand?post=6199"},{"taxonomy":"product_brand","embeddable":true,"href":"https:\/\/nordicbags.eu\/es\/wp-json\/wp\/v2\/product_brand?post=6199"},{"taxonomy":"product_cat","embeddable":true,"href":"https:\/\/nordicbags.eu\/es\/wp-json\/wp\/v2\/product_cat?post=6199"},{"taxonomy":"product_tag","embeddable":true,"href":"https:\/\/nordicbags.eu\/es\/wp-json\/wp\/v2\/product_tag?post=6199"}],"curies":[{"name":"wp","href":"https:\/\/api.w.org\/{rel}","templated":true}]}}