{"id":6201,"date":"2023-02-28T06:24:33","date_gmt":"2023-02-28T06:24:33","guid":{"rendered":"https:\/\/nordicbags.eu\/billetero-de-piel-con-botones-rojo\/"},"modified":"2024-09-03T15:11:47","modified_gmt":"2024-09-03T15:11:47","slug":"boton-cuero-calleta-rojo","status":"publish","type":"product","link":"https:\/\/nordicbags.eu\/es\/producto\/boton-cuero-calleta-rojo\/","title":{"rendered":"Billetero de piel con botones &#8211; Rojo"},"content":{"rendered":"","protected":false},"excerpt":{"rendered":"<p>La <strong>Cartera Button<\/strong> est\u00e1 hecha a mano con piel de curtido vegetal de alta calidad importada de Italia. La cartera est\u00e1 fabricada en una sola pieza sin costuras, lo que contribuye a su durabilidad y longevidad. El bot\u00f3n a presi\u00f3n de lat\u00f3n a\u00f1ade un toque elegante al dise\u00f1o y facilita la seguridad de sus objetos de valor. Esta cartera est\u00e1 dise\u00f1ada para guardar hasta 12 tarjetas, billetes y monedas, manteni\u00e9ndolo todo organizado y f\u00e1cilmente accesible. Adem\u00e1s, la cartera presenta bordes pulidos y marcadas l\u00edneas de pliegue que le confieren un aspecto sofisticado y refinado. Para resaltar a\u00fan m\u00e1s su singularidad, cada cartera lleva estampada en su interior la fecha de producci\u00f3n y las palabras \u00abmade in Estonia\u00bb.<\/p>\n<ul>\n<li>Color: Rojo<\/li>\n<li>Material: Piel de curtido vegetal procedente de Italia<\/li>\n<li>Dimensiones: 10,3cm \u00d7 6,7cm \u00d7 2,3cm<\/li>\n<li>Hecho a mano en Estonia<\/li>\n<\/ul>\n","protected":false},"featured_media":5730,"comment_status":"open","ping_status":"closed","template":"","meta":{"_acf_changed":false},"pwb-brand":[287],"product_brand":[],"product_cat":[257,277,255,249,276,258,256],"product_tag":[],"class_list":{"0":"post-6201","1":"product","2":"type-product","3":"status-publish","4":"has-post-thumbnail","6":"pwb-brand-mirgoods-es","7":"product_cat-billeteros-y-carteras-de-hombre","8":"product_cat-billeteros-mujer","9":"product_cat-billeteros-y-tarjeteros","10":"product_cat-bolsos-de-piel","11":"product_cat-carteras-de-piel","12":"product_cat-tarjeteros","13":"product_cat-tarjeteros-de-piel","15":"first","16":"instock","17":"taxable","18":"shipping-taxable","19":"purchasable","20":"product-type-simple"},"acf":[],"brands":[{"id":287,"name":"Mirgoods","slug":"mirgoods-es"}],"_links":{"self":[{"href":"https:\/\/nordicbags.eu\/es\/wp-json\/wp\/v2\/product\/6201","targetHints":{"allow":["GET"]}}],"collection":[{"href":"https:\/\/nordicbags.eu\/es\/wp-json\/wp\/v2\/product"}],"about":[{"href":"https:\/\/nordicbags.eu\/es\/wp-json\/wp\/v2\/types\/product"}],"replies":[{"embeddable":true,"href":"https:\/\/nordicbags.eu\/es\/wp-json\/wp\/v2\/comments?post=6201"}],"wp:featuredmedia":[{"embeddable":true,"href":"https:\/\/nordicbags.eu\/es\/wp-json\/wp\/v2\/media\/5730"}],"wp:attachment":[{"href":"https:\/\/nordicbags.eu\/es\/wp-json\/wp\/v2\/media?parent=6201"}],"wp:term":[{"taxonomy":"pwb-brand","embeddable":true,"href":"https:\/\/nordicbags.eu\/es\/wp-json\/wp\/v2\/pwb-brand?post=6201"},{"taxonomy":"product_brand","embeddable":true,"href":"https:\/\/nordicbags.eu\/es\/wp-json\/wp\/v2\/product_brand?post=6201"},{"taxonomy":"product_cat","embeddable":true,"href":"https:\/\/nordicbags.eu\/es\/wp-json\/wp\/v2\/product_cat?post=6201"},{"taxonomy":"product_tag","embeddable":true,"href":"https:\/\/nordicbags.eu\/es\/wp-json\/wp\/v2\/product_tag?post=6201"}],"curies":[{"name":"wp","href":"https:\/\/api.w.org\/{rel}","templated":true}]}}