{"id":6209,"date":"2023-02-28T06:23:42","date_gmt":"2023-02-28T06:23:42","guid":{"rendered":"https:\/\/nordicbags.eu\/mochila-039-camuflaje\/"},"modified":"2025-05-30T06:29:47","modified_gmt":"2025-05-30T06:29:47","slug":"mochila-039","status":"publish","type":"product","link":"https:\/\/nordicbags.eu\/es\/producto\/mochila-039\/","title":{"rendered":"Mochila 039 &#8211; Camuflaje"},"content":{"rendered":"","protected":false},"excerpt":{"rendered":"<p><strong>La mochila Galvi-Linda 039<\/strong> es una mochila de grado militar en la que puedes confiar para cualquier aventura o situaci\u00f3n. Fabricada en Estonia con materiales de la m\u00e1xima calidad, esta mochila es la compa\u00f1era perfecta para tus desplazamientos diarios a la oficina, una excursi\u00f3n o un entrenamiento en el gimnasio. Fabricada en <a href=\"https:\/\/foxa.fi\/en\/products\/foxdura-1000-kpul\">Foxdura<\/a>, un material muy duradero utilizado habitualmente en ropa de trabajo y militar, la mochila Galvi-Linda 039 resiste incluso en las condiciones m\u00e1s dif\u00edciles. Como resultado, puede confiar en que esta mochila mantendr\u00e1 sus pertenencias seguras en cualquier situaci\u00f3n. Con un compartimento grande y voluminoso y dos peque\u00f1os compartimentos separados en la parte delantera de la bolsa, esta mochila ofrece un amplio espacio para todo su equipo esencial. El gran compartimento se abre muy ampliamente, lo que hace que el embalaje y el acceso a sus art\u00edculos sean incre\u00edblemente c\u00f3modos. No importa d\u00f3nde te lleven tus aventuras, puedes estar seguro de que la mochila Galvi-Linda 039 te acompa\u00f1ar\u00e1 en cada paso del camino. Esta mochila est\u00e1 dise\u00f1ada para ser robusta y fiable, lo que garantiza que pueda hacer frente a todo lo que la vida le depare. La mochila Galvi-Linda 039 es perfecta para ir a la oficina, al campo o al gimnasio. Conf\u00ede en la durabilidad y calidad de esta mochila de grado militar y enfr\u00e9ntese al mundo con confianza.<\/p>\n<ul>\n<li>Hecho de Foxdura<\/li>\n<li>Color: camuflaje digital de las Fuerzas Armadas de Estonia<\/li>\n<li>Dimensiones: 25 cm x 50 cm x 24 cm<\/li>\n<li>Capacidad: 30 l<\/li>\n<li>Certificados de proveedores: <a href=\"https:\/\/www.iso.org\/standard\/62085.html\">ISO 9001:2015<\/a>\n  <\/li>\n<li>Dise\u00f1ado y fabricado en Estonia<\/li>\n<\/ul>\n","protected":false},"featured_media":5717,"comment_status":"open","ping_status":"closed","template":"","meta":{"_acf_changed":false},"pwb-brand":[285],"product_brand":[],"product_cat":[271,242],"product_tag":[],"class_list":{"0":"post-6209","1":"product","2":"type-product","3":"status-publish","4":"has-post-thumbnail","6":"pwb-brand-galvi-linda-es","7":"product_cat-bolsas-militares","8":"product_cat-mochilas-y-mochilas-de-dia","9":"product_shipping_class-regular-es","11":"first","12":"outofstock","13":"taxable","14":"shipping-taxable","15":"purchasable","16":"product-type-simple"},"acf":[],"brands":[{"id":285,"name":"Galvi-Linda","slug":"galvi-linda-es"}],"_links":{"self":[{"href":"https:\/\/nordicbags.eu\/es\/wp-json\/wp\/v2\/product\/6209","targetHints":{"allow":["GET"]}}],"collection":[{"href":"https:\/\/nordicbags.eu\/es\/wp-json\/wp\/v2\/product"}],"about":[{"href":"https:\/\/nordicbags.eu\/es\/wp-json\/wp\/v2\/types\/product"}],"replies":[{"embeddable":true,"href":"https:\/\/nordicbags.eu\/es\/wp-json\/wp\/v2\/comments?post=6209"}],"wp:featuredmedia":[{"embeddable":true,"href":"https:\/\/nordicbags.eu\/es\/wp-json\/wp\/v2\/media\/5717"}],"wp:attachment":[{"href":"https:\/\/nordicbags.eu\/es\/wp-json\/wp\/v2\/media?parent=6209"}],"wp:term":[{"taxonomy":"pwb-brand","embeddable":true,"href":"https:\/\/nordicbags.eu\/es\/wp-json\/wp\/v2\/pwb-brand?post=6209"},{"taxonomy":"product_brand","embeddable":true,"href":"https:\/\/nordicbags.eu\/es\/wp-json\/wp\/v2\/product_brand?post=6209"},{"taxonomy":"product_cat","embeddable":true,"href":"https:\/\/nordicbags.eu\/es\/wp-json\/wp\/v2\/product_cat?post=6209"},{"taxonomy":"product_tag","embeddable":true,"href":"https:\/\/nordicbags.eu\/es\/wp-json\/wp\/v2\/product_tag?post=6209"}],"curies":[{"name":"wp","href":"https:\/\/api.w.org\/{rel}","templated":true}]}}