{"id":6213,"date":"2023-03-01T15:09:26","date_gmt":"2023-03-01T15:09:26","guid":{"rendered":"https:\/\/nordicbags.eu\/billetero-con-clip-35\/"},"modified":"2024-09-03T15:22:14","modified_gmt":"2024-09-03T15:22:14","slug":"monedero-clip-35","status":"publish","type":"product","link":"https:\/\/nordicbags.eu\/es\/producto\/monedero-clip-35\/","title":{"rendered":"Billetero con clip 35"},"content":{"rendered":"","protected":false},"excerpt":{"rendered":"<p><strong>Money Clip Wallet 35<\/strong> es una cartera de piel aut\u00e9ntica con 9 bolsillos para tarjetas, un monedero y un clip para billetes. La cartera est\u00e1 hecha a mano en Estonia, en el estudio de marroquiner\u00eda de Papillon. Lamentablemente, el dinero en efectivo no se incluye con la compra de la cartera.  <\/p>\n<ul>\n<li>De cuero aut\u00e9ntico<\/li>\n<li>Dimensiones: 10,5 cm x 9,5 cm<\/li>\n<li>Fabricado en Estonia<\/li>\n<\/ul>\n<p>El estudio estonio de marroquiner\u00eda Papillon dise\u00f1a y fabrica bolsos, maletines y otros productos de piel desde 1994. Los productos de Papillon son conocidos por su alta calidad y se fabrican a mano en Tartu (Estonia).<\/p>\n","protected":false},"featured_media":5831,"comment_status":"open","ping_status":"closed","template":"","meta":{"_acf_changed":false},"pwb-brand":[286],"product_brand":[],"product_cat":[257,277,255,249,276],"product_tag":[],"class_list":{"0":"post-6213","1":"product","2":"type-product","3":"status-publish","4":"has-post-thumbnail","6":"pwb-brand-papillon-es","7":"product_cat-billeteros-y-carteras-de-hombre","8":"product_cat-billeteros-mujer","9":"product_cat-billeteros-y-tarjeteros","10":"product_cat-bolsos-de-piel","11":"product_cat-carteras-de-piel","13":"first","14":"instock","15":"featured","16":"taxable","17":"shipping-taxable","18":"purchasable","19":"product-type-variable"},"acf":[],"brands":[{"id":286,"name":"Papillon","slug":"papillon-es"}],"_links":{"self":[{"href":"https:\/\/nordicbags.eu\/es\/wp-json\/wp\/v2\/product\/6213","targetHints":{"allow":["GET"]}}],"collection":[{"href":"https:\/\/nordicbags.eu\/es\/wp-json\/wp\/v2\/product"}],"about":[{"href":"https:\/\/nordicbags.eu\/es\/wp-json\/wp\/v2\/types\/product"}],"replies":[{"embeddable":true,"href":"https:\/\/nordicbags.eu\/es\/wp-json\/wp\/v2\/comments?post=6213"}],"wp:featuredmedia":[{"embeddable":true,"href":"https:\/\/nordicbags.eu\/es\/wp-json\/wp\/v2\/media\/5831"}],"wp:attachment":[{"href":"https:\/\/nordicbags.eu\/es\/wp-json\/wp\/v2\/media?parent=6213"}],"wp:term":[{"taxonomy":"pwb-brand","embeddable":true,"href":"https:\/\/nordicbags.eu\/es\/wp-json\/wp\/v2\/pwb-brand?post=6213"},{"taxonomy":"product_brand","embeddable":true,"href":"https:\/\/nordicbags.eu\/es\/wp-json\/wp\/v2\/product_brand?post=6213"},{"taxonomy":"product_cat","embeddable":true,"href":"https:\/\/nordicbags.eu\/es\/wp-json\/wp\/v2\/product_cat?post=6213"},{"taxonomy":"product_tag","embeddable":true,"href":"https:\/\/nordicbags.eu\/es\/wp-json\/wp\/v2\/product_tag?post=6213"}],"curies":[{"name":"wp","href":"https:\/\/api.w.org\/{rel}","templated":true}]}}