{"id":6218,"date":"2023-03-08T12:36:26","date_gmt":"2023-03-08T12:36:26","guid":{"rendered":"https:\/\/nordicbags.eu\/mochila-responsible-21l-negra\/"},"modified":"2023-03-08T12:36:26","modified_gmt":"2023-03-08T12:36:26","slug":"responsible-rucksack-21l-negro","status":"publish","type":"product","link":"https:\/\/nordicbags.eu\/es\/producto\/responsible-rucksack-21l-negro\/","title":{"rendered":"Mochila Responsible 21L &#8211; Negra"},"content":{"rendered":"","protected":false},"excerpt":{"rendered":"<div class=\"entry-content\">\n<p>Mochila universal: independiente del lugar, la hora o el viento.<\/p>\n<p><strong>La mochila Responsible<\/strong> est\u00e1 confeccionada con lona de algod\u00f3n brit\u00e1nico, dise\u00f1ada y fabricada en Estonia. Ll\u00e9vate la mochila a la oficina, haz un picnic en el parque, corre al gimnasio o haz tus recados diarios con las manos libres, te servir\u00e1 en cualquier momento y durar\u00e1 d\u00e9cadas.<\/p>\n<p>Responsible Rucksack ofrece una gran variedad de opciones pr\u00e1cticas de almacenamiento, mete tu jersey o bufanda por si hace fr\u00edo, no olvides una botella de agua, o tu libro favorito o dos, y guarda tu port\u00e1til (13\u2033) de forma segura en un bolsillo exterior especial. La mejor combinaci\u00f3n de funcionalidad y sencillez. Nada superfluo, nada que falte a gritos.<\/p>\n<p>Craftory fabrica accesorios minimalistas hechos a mano de forma justa para las personas y el medio ambiente. Los bolsos est\u00e1n hechos a mano de forma responsable en Estonia, Tartu, por profesionales experimentados que cobran salarios justos.<\/p>\n<ul>\n<li>Material: 20OZ 100% lona de algod\u00f3n brit\u00e1nico<\/li>\n<li>Tama\u00f1o: 29 cm x 14 cm x 51 cm<\/li>\n<li>Capacidad: 21 litros<\/li>\n<li>Bolsillo exterior para port\u00e1til de 13<\/li>\n<li>Tirantes ajustables<\/li>\n<li>Acabado hidr\u00f3fugo (no encerado)<\/li>\n<li>Cintas de los tirantes fabricadas en B\u00e9lgica, norma OEKO-TEX\u00ae, clase II<\/li>\n<li>Hilo fabricado en Turqu\u00eda, norma OEKO-TEX\u00ae, clase I<\/li>\n<li>Cremalleras YKK<\/li>\n<li>Presentado en una bolsa de regalo de lona reutilizable<\/li>\n<li>Dise\u00f1ado y fabricado en Estonia<\/li>\n<\/ul>\n<\/div>\n","protected":false},"featured_media":5940,"comment_status":"open","ping_status":"closed","template":"","meta":{"_acf_changed":false},"pwb-brand":[293],"product_brand":[],"product_cat":[241,242],"product_tag":[],"class_list":{"0":"post-6218","1":"product","2":"type-product","3":"status-publish","4":"has-post-thumbnail","6":"pwb-brand-craftory-es","7":"product_cat-bolsas-de-viaje","8":"product_cat-mochilas-y-mochilas-de-dia","10":"first","11":"instock","12":"taxable","13":"shipping-taxable","14":"purchasable","15":"product-type-simple"},"acf":[],"brands":[{"id":293,"name":"Craftory","slug":"craftory-es"}],"_links":{"self":[{"href":"https:\/\/nordicbags.eu\/es\/wp-json\/wp\/v2\/product\/6218","targetHints":{"allow":["GET"]}}],"collection":[{"href":"https:\/\/nordicbags.eu\/es\/wp-json\/wp\/v2\/product"}],"about":[{"href":"https:\/\/nordicbags.eu\/es\/wp-json\/wp\/v2\/types\/product"}],"replies":[{"embeddable":true,"href":"https:\/\/nordicbags.eu\/es\/wp-json\/wp\/v2\/comments?post=6218"}],"wp:featuredmedia":[{"embeddable":true,"href":"https:\/\/nordicbags.eu\/es\/wp-json\/wp\/v2\/media\/5940"}],"wp:attachment":[{"href":"https:\/\/nordicbags.eu\/es\/wp-json\/wp\/v2\/media?parent=6218"}],"wp:term":[{"taxonomy":"pwb-brand","embeddable":true,"href":"https:\/\/nordicbags.eu\/es\/wp-json\/wp\/v2\/pwb-brand?post=6218"},{"taxonomy":"product_brand","embeddable":true,"href":"https:\/\/nordicbags.eu\/es\/wp-json\/wp\/v2\/product_brand?post=6218"},{"taxonomy":"product_cat","embeddable":true,"href":"https:\/\/nordicbags.eu\/es\/wp-json\/wp\/v2\/product_cat?post=6218"},{"taxonomy":"product_tag","embeddable":true,"href":"https:\/\/nordicbags.eu\/es\/wp-json\/wp\/v2\/product_tag?post=6218"}],"curies":[{"name":"wp","href":"https:\/\/api.w.org\/{rel}","templated":true}]}}