{"id":6697,"date":"2023-10-27T08:38:03","date_gmt":"2023-10-27T08:38:03","guid":{"rendered":"https:\/\/nordicbags.eu\/?post_type=product&#038;p=6697"},"modified":"2024-08-20T06:12:08","modified_gmt":"2024-08-20T06:12:08","slug":"douglas-neceser-negro","status":"publish","type":"product","link":"https:\/\/nordicbags.eu\/es\/producto\/douglas-neceser-negro\/","title":{"rendered":"DOUGLAS Neceser &#8211; Negro"},"content":{"rendered":"","protected":false},"excerpt":{"rendered":"<p>En el neceser de piel hecho a mano de <strong>DOUGLAS<\/strong> caben todos sus art\u00edculos de viaje y de belleza. Esta espaciosa bolsa es pr\u00e1ctica para viajes de una noche o vacaciones m\u00e1s largas para guardar desodorante, fragancia, utensilios de afeitado, maquillaje, etc. La cremallera de marcha suave abre la bolsa ampliamente de lado a lado. Douglas tiene un bolsillo adicional con cremallera en la parte delantera para guardar tus objetos peque\u00f1os.<\/p>\n<p><strong>Info:<\/strong><\/p>\n<ul>\n<li>Tama\u00f1o: 26 x 18 x 8 cm<\/li>\n<li>Hecho a mano<\/li>\n<li>Fabricado en Lituania<\/li>\n<\/ul>\n<p>Env\u00edo en 3-7 d\u00edas laborables<\/p>\n","protected":false},"featured_media":6642,"comment_status":"open","ping_status":"closed","template":"","meta":{"_acf_changed":false},"pwb-brand":[],"product_brand":[],"product_cat":[280],"product_tag":[],"class_list":{"0":"post-6697","1":"product","2":"type-product","3":"status-publish","4":"has-post-thumbnail","6":"product_cat-bolsas-de-maquillaje-y-cosmeticos","8":"first","9":"instock","10":"taxable","11":"shipping-taxable","12":"purchasable","13":"product-type-simple"},"acf":[],"brands":[],"_links":{"self":[{"href":"https:\/\/nordicbags.eu\/es\/wp-json\/wp\/v2\/product\/6697","targetHints":{"allow":["GET"]}}],"collection":[{"href":"https:\/\/nordicbags.eu\/es\/wp-json\/wp\/v2\/product"}],"about":[{"href":"https:\/\/nordicbags.eu\/es\/wp-json\/wp\/v2\/types\/product"}],"replies":[{"embeddable":true,"href":"https:\/\/nordicbags.eu\/es\/wp-json\/wp\/v2\/comments?post=6697"}],"wp:featuredmedia":[{"embeddable":true,"href":"https:\/\/nordicbags.eu\/es\/wp-json\/wp\/v2\/media\/6642"}],"wp:attachment":[{"href":"https:\/\/nordicbags.eu\/es\/wp-json\/wp\/v2\/media?parent=6697"}],"wp:term":[{"taxonomy":"pwb-brand","embeddable":true,"href":"https:\/\/nordicbags.eu\/es\/wp-json\/wp\/v2\/pwb-brand?post=6697"},{"taxonomy":"product_brand","embeddable":true,"href":"https:\/\/nordicbags.eu\/es\/wp-json\/wp\/v2\/product_brand?post=6697"},{"taxonomy":"product_cat","embeddable":true,"href":"https:\/\/nordicbags.eu\/es\/wp-json\/wp\/v2\/product_cat?post=6697"},{"taxonomy":"product_tag","embeddable":true,"href":"https:\/\/nordicbags.eu\/es\/wp-json\/wp\/v2\/product_tag?post=6697"}],"curies":[{"name":"wp","href":"https:\/\/api.w.org\/{rel}","templated":true}]}}