{"id":6699,"date":"2023-10-03T13:37:54","date_gmt":"2023-10-03T13:37:54","guid":{"rendered":"https:\/\/nordicbags.eu\/neceser-grande-travel-mate\/"},"modified":"2024-02-07T13:25:53","modified_gmt":"2024-02-07T13:25:53","slug":"neceser-grande-travel-mate","status":"publish","type":"product","link":"https:\/\/nordicbags.eu\/es\/producto\/neceser-grande-travel-mate\/","title":{"rendered":"Neceser grande Travel Mate"},"content":{"rendered":"","protected":false},"excerpt":{"rendered":"<div class=\"entry-content\">\n<p>El bolso de viaje<strong> Travel Mate<\/strong> es un excelente compa\u00f1ero tanto fuera de casa como para almacenar art\u00edculos de higiene en el hogar. Es un aliado en tus viajes alrededor del mundo.<\/p>\n<p><strong>Stella Soomlais<\/strong> pone un gran \u00e9nfasis en el respeto por los materiales utilizados. Los dise\u00f1os se crean con el objetivo de minimizar los residuos de corte, logrando hasta ahora reducirlos a solo un 2-4%. La meta es alcanzar cero residuos en los pr\u00f3ximos a\u00f1os. Los dise\u00f1os de los bolsos siguen un concepto circular propio denominado Ronda 2, que busca maximizar la vida \u00fatil del producto y del material. Por ello, los bolsos presentan un dise\u00f1o minimalista y funcional, donde cada detalle cumple una funci\u00f3n espec\u00edfica. Utilizando cuero de acabado natural de alta calidad, la belleza del material se intensifica con el tiempo, adquiriendo una p\u00e1tina que narra su propia historia. Las piezas intercambiables permiten un f\u00e1cil mantenimiento y cuidado, facilitando la renovaci\u00f3n de los bolsos usados para nuevas rondas de uso. La amplia superficie del material, libre de costuras, ofrece la posibilidad de redise\u00f1ar el bolso ante la aparici\u00f3n de manchas o rasgu\u00f1os, a\u00f1adir nuevos elementos como bolsillos, o incluso crear algo completamente nuevo a partir del material usado.<\/p>\n<p>Dimensiones:<br \/>\n&#8211; Apertura de la cremallera: 26 cm<br \/>\n&#8211; Altura: 14,5 cm<br \/>\n&#8211; Ancho: 11 cm<br \/>\n&#8211; Longitud: 22 cm<\/p>\n<\/div>\n","protected":false},"featured_media":6612,"comment_status":"open","ping_status":"closed","template":"","meta":{"_acf_changed":false},"pwb-brand":[],"product_brand":[],"product_cat":[280],"product_tag":[],"class_list":{"0":"post-6699","1":"product","2":"type-product","3":"status-publish","4":"has-post-thumbnail","6":"product_cat-bolsas-de-maquillaje-y-cosmeticos","8":"first","9":"outofstock","10":"taxable","11":"shipping-taxable","12":"purchasable","13":"product-type-variable"},"acf":[],"brands":[],"_links":{"self":[{"href":"https:\/\/nordicbags.eu\/es\/wp-json\/wp\/v2\/product\/6699","targetHints":{"allow":["GET"]}}],"collection":[{"href":"https:\/\/nordicbags.eu\/es\/wp-json\/wp\/v2\/product"}],"about":[{"href":"https:\/\/nordicbags.eu\/es\/wp-json\/wp\/v2\/types\/product"}],"replies":[{"embeddable":true,"href":"https:\/\/nordicbags.eu\/es\/wp-json\/wp\/v2\/comments?post=6699"}],"wp:featuredmedia":[{"embeddable":true,"href":"https:\/\/nordicbags.eu\/es\/wp-json\/wp\/v2\/media\/6612"}],"wp:attachment":[{"href":"https:\/\/nordicbags.eu\/es\/wp-json\/wp\/v2\/media?parent=6699"}],"wp:term":[{"taxonomy":"pwb-brand","embeddable":true,"href":"https:\/\/nordicbags.eu\/es\/wp-json\/wp\/v2\/pwb-brand?post=6699"},{"taxonomy":"product_brand","embeddable":true,"href":"https:\/\/nordicbags.eu\/es\/wp-json\/wp\/v2\/product_brand?post=6699"},{"taxonomy":"product_cat","embeddable":true,"href":"https:\/\/nordicbags.eu\/es\/wp-json\/wp\/v2\/product_cat?post=6699"},{"taxonomy":"product_tag","embeddable":true,"href":"https:\/\/nordicbags.eu\/es\/wp-json\/wp\/v2\/product_tag?post=6699"}],"curies":[{"name":"wp","href":"https:\/\/api.w.org\/{rel}","templated":true}]}}