{"id":6702,"date":"2023-10-03T13:37:52","date_gmt":"2023-10-03T13:37:52","guid":{"rendered":"https:\/\/nordicbags.eu\/neceser-de-maquillaje-big-dreamer-negro\/"},"modified":"2024-02-07T13:30:08","modified_gmt":"2024-02-07T13:30:08","slug":"neceser-de-maquillaje-big-dreamer-negro","status":"publish","type":"product","link":"https:\/\/nordicbags.eu\/es\/producto\/neceser-de-maquillaje-big-dreamer-negro\/","title":{"rendered":"Neceser de maquillaje Big Dreamer &#8211; Negro"},"content":{"rendered":"","protected":false},"excerpt":{"rendered":"<div class=\"entry-content\">\n<p><strong>Big Dreamer <\/strong>es un neceser de maquillaje de piel, funcional y hecho a mano de forma responsable por la conocida marca estonia Stella Soomlais. Si eres un creador y quieres utilizar Big Dreamer como estuche, no nos importa. Big Dreamer est\u00e1 hecho a mano en Estonia.<\/p>\n<p><strong>Stella Soomlais:<\/strong> Respetamos mucho los materiales que utilizamos. Nuestros dise\u00f1os est\u00e1n pensados para minimizar los restos de corte. Hasta ahora, hemos conseguido reducir los restos a s\u00f3lo un 2-4%. Nuestro objetivo es llegar a cero residuos en los pr\u00f3ximos a\u00f1os. Los dise\u00f1os de las bolsas siguen nuestro propio concepto circular, que llamamos Ronda 2. Nos permite dar al producto y al material la mayor vida \u00fatil. Por eso el dise\u00f1o de nuestros bolsos es minimalista y sin adornos: todos los detalles tienen una funci\u00f3n. Como se utiliza cuero de acabado natural de alta calidad, la parte decorativa la hace el propio material: con el tiempo, tendr\u00e1 una gran p\u00e1tina y contar\u00e1 su historia. Las piezas intercambiables facilitan el mantenimiento y el cuidado posterior. El lavado de cara de los productos usados es f\u00e1cil y nos permite dirigir las bolsas renovadas a las siguientes rondas de uso. La gran superficie del material, sin costuras, tambi\u00e9n permite redise\u00f1arlo si es necesario (por ejemplo, si se producen manchas y ara\u00f1azos, es posible a\u00f1adir un bolsillo, etc.) o crear algo completamente nuevo con el material usado.<\/p>\n<ul>\n<li>Piel de curtido vegetal fabricada de forma responsable<\/li>\n<li>Tama\u00f1o: 21 x 10 x 6,5 cm<\/li>\n<li>Hecho a mano en Estonia, Europa<\/li>\n<\/ul>\n<\/div>\n","protected":false},"featured_media":6610,"comment_status":"open","ping_status":"closed","template":"","meta":{"_acf_changed":false},"pwb-brand":[],"product_brand":[],"product_cat":[280],"product_tag":[],"class_list":{"0":"post-6702","1":"product","2":"type-product","3":"status-publish","4":"has-post-thumbnail","6":"product_cat-bolsas-de-maquillaje-y-cosmeticos","8":"first","9":"instock","10":"taxable","11":"shipping-taxable","12":"purchasable","13":"product-type-variable"},"acf":[],"brands":[],"_links":{"self":[{"href":"https:\/\/nordicbags.eu\/es\/wp-json\/wp\/v2\/product\/6702","targetHints":{"allow":["GET"]}}],"collection":[{"href":"https:\/\/nordicbags.eu\/es\/wp-json\/wp\/v2\/product"}],"about":[{"href":"https:\/\/nordicbags.eu\/es\/wp-json\/wp\/v2\/types\/product"}],"replies":[{"embeddable":true,"href":"https:\/\/nordicbags.eu\/es\/wp-json\/wp\/v2\/comments?post=6702"}],"wp:featuredmedia":[{"embeddable":true,"href":"https:\/\/nordicbags.eu\/es\/wp-json\/wp\/v2\/media\/6610"}],"wp:attachment":[{"href":"https:\/\/nordicbags.eu\/es\/wp-json\/wp\/v2\/media?parent=6702"}],"wp:term":[{"taxonomy":"pwb-brand","embeddable":true,"href":"https:\/\/nordicbags.eu\/es\/wp-json\/wp\/v2\/pwb-brand?post=6702"},{"taxonomy":"product_brand","embeddable":true,"href":"https:\/\/nordicbags.eu\/es\/wp-json\/wp\/v2\/product_brand?post=6702"},{"taxonomy":"product_cat","embeddable":true,"href":"https:\/\/nordicbags.eu\/es\/wp-json\/wp\/v2\/product_cat?post=6702"},{"taxonomy":"product_tag","embeddable":true,"href":"https:\/\/nordicbags.eu\/es\/wp-json\/wp\/v2\/product_tag?post=6702"}],"curies":[{"name":"wp","href":"https:\/\/api.w.org\/{rel}","templated":true}]}}